{"id":80483,"date":"2025-05-13T20:52:57","date_gmt":"2025-05-13T18:52:57","guid":{"rendered":"https:\/\/somieresjover.com\/?post_type=product&#038;p=80483"},"modified":"2025-05-13T20:57:26","modified_gmt":"2025-05-13T18:57:26","slug":"juego-de-barandillas","status":"publish","type":"product","link":"https:\/\/somieresjover.com\/fr\/tienda\/complementos\/juego-de-barandillas\/","title":{"rendered":"JEU DE MAINS COURANTES"},"content":{"rendered":"","protected":false},"excerpt":{"rendered":"<ul>\n<li>Hauteur ferm\u00e9e : 12 \/ 14cm<\/li>\n<li>La main courante peut \u00eatre achet\u00e9e \u00e0 gauche, \u00e0 droite ou d'un seul c\u00f4t\u00e9.<\/li>\n<li>Ils conviennent aussi bien aux lits \u00e0 cadre m\u00e9tallique qu'aux lits \u00e0 cadre en bois. Dans le premier cas, le cadre doit \u00eatre de 30\u00d740, ce qui permet d'obtenir un maximum de 50\u00d730, et dans le cas du cadre de 70\u00d720, il permet d'obtenir un maximum de 80\u00d720.<\/li>\n<\/ul>\n<p>&nbsp;<\/p>","protected":false},"featured_media":80479,"comment_status":"open","ping_status":"closed","template":"","meta":[],"product_brand":[],"product_cat":[87],"product_tag":[119],"class_list":{"0":"post-80483","1":"product","2":"type-product","3":"status-publish","4":"has-post-thumbnail","6":"product_cat-complementos","7":"product_tag-complementos-tag","9":"first","10":"instock","11":"shipping-taxable","12":"product-type-simple","13":"litho-product-5col"},"_links":{"self":[{"href":"https:\/\/somieresjover.com\/fr\/wp-json\/wp\/v2\/product\/80483","targetHints":{"allow":["GET"]}}],"collection":[{"href":"https:\/\/somieresjover.com\/fr\/wp-json\/wp\/v2\/product"}],"about":[{"href":"https:\/\/somieresjover.com\/fr\/wp-json\/wp\/v2\/types\/product"}],"replies":[{"embeddable":true,"href":"https:\/\/somieresjover.com\/fr\/wp-json\/wp\/v2\/comments?post=80483"}],"wp:featuredmedia":[{"embeddable":true,"href":"https:\/\/somieresjover.com\/fr\/wp-json\/wp\/v2\/media\/80479"}],"wp:attachment":[{"href":"https:\/\/somieresjover.com\/fr\/wp-json\/wp\/v2\/media?parent=80483"}],"wp:term":[{"taxonomy":"product_brand","embeddable":true,"href":"https:\/\/somieresjover.com\/fr\/wp-json\/wp\/v2\/product_brand?post=80483"},{"taxonomy":"product_cat","embeddable":true,"href":"https:\/\/somieresjover.com\/fr\/wp-json\/wp\/v2\/product_cat?post=80483"},{"taxonomy":"product_tag","embeddable":true,"href":"https:\/\/somieresjover.com\/fr\/wp-json\/wp\/v2\/product_tag?post=80483"}],"curies":[{"name":"wp","href":"https:\/\/api.w.org\/{rel}","templated":true}]}}