{"id":80481,"date":"2025-05-13T20:45:50","date_gmt":"2025-05-13T18:45:50","guid":{"rendered":"https:\/\/somieresjover.com\/?post_type=product&#038;p=80481"},"modified":"2025-05-13T20:57:56","modified_gmt":"2025-05-13T18:57:56","slug":"juego-cabeceros","status":"publish","type":"product","link":"https:\/\/somieresjover.com\/fr\/tienda\/complementos\/juego-cabeceros\/","title":{"rendered":"ENSEMBLE DE T\u00caTES DE LIT"},"content":{"rendered":"","protected":false},"excerpt":{"rendered":"<ul>\n<li>2 unit\u00e9s.<\/li>\n<li>Ensemble de t\u00eates de lit en bois, disponibles uniquement pour le chariot \u00e9l\u00e9vateur de base en couleur h\u00eatre. Elles peuvent \u00eatre plac\u00e9es \u00e0 l'avant ou \u00e0 l'arri\u00e8re, et peuvent \u00eatre achet\u00e9es en tant qu'ensemble ou seulement une des pi\u00e8ces.<\/li>\n<\/ul>\n<p>&nbsp;<\/p>","protected":false},"featured_media":80482,"comment_status":"open","ping_status":"closed","template":"","meta":[],"product_brand":[],"product_cat":[87],"product_tag":[119],"class_list":{"0":"post-80481","1":"product","2":"type-product","3":"status-publish","4":"has-post-thumbnail","6":"product_cat-complementos","7":"product_tag-complementos-tag","9":"first","10":"instock","11":"shipping-taxable","12":"product-type-simple","13":"litho-product-5col"},"_links":{"self":[{"href":"https:\/\/somieresjover.com\/fr\/wp-json\/wp\/v2\/product\/80481","targetHints":{"allow":["GET"]}}],"collection":[{"href":"https:\/\/somieresjover.com\/fr\/wp-json\/wp\/v2\/product"}],"about":[{"href":"https:\/\/somieresjover.com\/fr\/wp-json\/wp\/v2\/types\/product"}],"replies":[{"embeddable":true,"href":"https:\/\/somieresjover.com\/fr\/wp-json\/wp\/v2\/comments?post=80481"}],"wp:featuredmedia":[{"embeddable":true,"href":"https:\/\/somieresjover.com\/fr\/wp-json\/wp\/v2\/media\/80482"}],"wp:attachment":[{"href":"https:\/\/somieresjover.com\/fr\/wp-json\/wp\/v2\/media?parent=80481"}],"wp:term":[{"taxonomy":"product_brand","embeddable":true,"href":"https:\/\/somieresjover.com\/fr\/wp-json\/wp\/v2\/product_brand?post=80481"},{"taxonomy":"product_cat","embeddable":true,"href":"https:\/\/somieresjover.com\/fr\/wp-json\/wp\/v2\/product_cat?post=80481"},{"taxonomy":"product_tag","embeddable":true,"href":"https:\/\/somieresjover.com\/fr\/wp-json\/wp\/v2\/product_tag?post=80481"}],"curies":[{"name":"wp","href":"https:\/\/api.w.org\/{rel}","templated":true}]}}