{"id":80465,"date":"2025-05-13T20:38:30","date_gmt":"2025-05-13T18:38:30","guid":{"rendered":"https:\/\/somieresjover.com\/?post_type=product&#038;p=80465"},"modified":"2025-05-13T20:44:17","modified_gmt":"2025-05-13T18:44:17","slug":"triangulo","status":"publish","type":"product","link":"https:\/\/somieresjover.com\/fr\/tienda\/complementos\/triangulo\/","title":{"rendered":"TRIANGLE"},"content":{"rendered":"","protected":false},"excerpt":{"rendered":"<ul>\n<li>1 unit\u00e9.<\/li>\n<li>Compos\u00e9 d'un mat\u00e9riau tr\u00e8s r\u00e9sistant, il est ancr\u00e9 au lit et favorise la mobilit\u00e9 lors de la sortie du lit.<\/li>\n<\/ul>\n<p>&nbsp;<\/p>","protected":false},"featured_media":80474,"comment_status":"open","ping_status":"closed","template":"","meta":[],"product_brand":[],"product_cat":[87],"product_tag":[119],"class_list":{"0":"post-80465","1":"product","2":"type-product","3":"status-publish","4":"has-post-thumbnail","6":"product_cat-complementos","7":"product_tag-complementos-tag","9":"first","10":"instock","11":"shipping-taxable","12":"product-type-simple","13":"litho-product-5col"},"_links":{"self":[{"href":"https:\/\/somieresjover.com\/fr\/wp-json\/wp\/v2\/product\/80465","targetHints":{"allow":["GET"]}}],"collection":[{"href":"https:\/\/somieresjover.com\/fr\/wp-json\/wp\/v2\/product"}],"about":[{"href":"https:\/\/somieresjover.com\/fr\/wp-json\/wp\/v2\/types\/product"}],"replies":[{"embeddable":true,"href":"https:\/\/somieresjover.com\/fr\/wp-json\/wp\/v2\/comments?post=80465"}],"wp:featuredmedia":[{"embeddable":true,"href":"https:\/\/somieresjover.com\/fr\/wp-json\/wp\/v2\/media\/80474"}],"wp:attachment":[{"href":"https:\/\/somieresjover.com\/fr\/wp-json\/wp\/v2\/media?parent=80465"}],"wp:term":[{"taxonomy":"product_brand","embeddable":true,"href":"https:\/\/somieresjover.com\/fr\/wp-json\/wp\/v2\/product_brand?post=80465"},{"taxonomy":"product_cat","embeddable":true,"href":"https:\/\/somieresjover.com\/fr\/wp-json\/wp\/v2\/product_cat?post=80465"},{"taxonomy":"product_tag","embeddable":true,"href":"https:\/\/somieresjover.com\/fr\/wp-json\/wp\/v2\/product_tag?post=80465"}],"curies":[{"name":"wp","href":"https:\/\/api.w.org\/{rel}","templated":true}]}}