{"id":80463,"date":"2025-05-13T19:59:18","date_gmt":"2025-05-13T17:59:18","guid":{"rendered":"https:\/\/somieresjover.com\/?post_type=product&#038;p=80463"},"modified":"2025-05-13T20:44:37","modified_gmt":"2025-05-13T18:44:37","slug":"pieza-union","status":"publish","type":"product","link":"https:\/\/somieresjover.com\/fr\/tienda\/complementos\/pieza-union\/","title":{"rendered":"PARTIE SYNDICALE"},"content":{"rendered":"","protected":false},"excerpt":{"rendered":"<ul>\n<li>2 unit\u00e9s pour les lits en bois.<\/li>\n<li>Pi\u00e8ce en plastique de la m\u00eame couleur que la moulure de base qui permet de les joindre et de faire un lit jumeau.<\/li>\n<li>Il est plac\u00e9 entre les deux lits \u00e0 l'avant et \u00e0 l'arri\u00e8re.<\/li>\n<\/ul>\n<p>&nbsp;<\/p>","protected":false},"featured_media":80475,"comment_status":"open","ping_status":"closed","template":"","meta":[],"product_brand":[],"product_cat":[87],"product_tag":[119],"class_list":{"0":"post-80463","1":"product","2":"type-product","3":"status-publish","4":"has-post-thumbnail","6":"product_cat-complementos","7":"product_tag-complementos-tag","9":"first","10":"instock","11":"shipping-taxable","12":"product-type-simple","13":"litho-product-5col"},"_links":{"self":[{"href":"https:\/\/somieresjover.com\/fr\/wp-json\/wp\/v2\/product\/80463","targetHints":{"allow":["GET"]}}],"collection":[{"href":"https:\/\/somieresjover.com\/fr\/wp-json\/wp\/v2\/product"}],"about":[{"href":"https:\/\/somieresjover.com\/fr\/wp-json\/wp\/v2\/types\/product"}],"replies":[{"embeddable":true,"href":"https:\/\/somieresjover.com\/fr\/wp-json\/wp\/v2\/comments?post=80463"}],"wp:featuredmedia":[{"embeddable":true,"href":"https:\/\/somieresjover.com\/fr\/wp-json\/wp\/v2\/media\/80475"}],"wp:attachment":[{"href":"https:\/\/somieresjover.com\/fr\/wp-json\/wp\/v2\/media?parent=80463"}],"wp:term":[{"taxonomy":"product_brand","embeddable":true,"href":"https:\/\/somieresjover.com\/fr\/wp-json\/wp\/v2\/product_brand?post=80463"},{"taxonomy":"product_cat","embeddable":true,"href":"https:\/\/somieresjover.com\/fr\/wp-json\/wp\/v2\/product_cat?post=80463"},{"taxonomy":"product_tag","embeddable":true,"href":"https:\/\/somieresjover.com\/fr\/wp-json\/wp\/v2\/product_tag?post=80463"}],"curies":[{"name":"wp","href":"https:\/\/api.w.org\/{rel}","templated":true}]}}