{"id":80259,"date":"2025-05-13T18:41:03","date_gmt":"2025-05-13T16:41:03","guid":{"rendered":"https:\/\/somieresjover.com\/?post_type=product&#038;p=80259"},"modified":"2025-05-13T19:11:08","modified_gmt":"2025-05-13T17:11:08","slug":"eco","status":"publish","type":"product","link":"https:\/\/somieresjover.com\/fr\/tienda\/camas-articuladas\/camas-articuladas-metalicas\/eco\/","title":{"rendered":"ECO"},"content":{"rendered":"<p><img decoding=\"async\" class=\"alignleft wp-image-76624\" src=\"https:\/\/somieresjover.com\/wp-content\/uploads\/2025\/04\/iconos-7.png\" alt=\"\" width=\"60\" height=\"54\" srcset=\"https:\/\/somieresjover.com\/wp-content\/uploads\/2025\/04\/iconos-7.png 243w, https:\/\/somieresjover.com\/wp-content\/uploads\/2025\/04\/iconos-7-13x12.png 13w, https:\/\/somieresjover.com\/wp-content\/uploads\/2025\/04\/iconos-7-200x181.png 200w\" sizes=\"(max-width: 60px) 100vw, 60px\" \/><strong>R\u00e9gulateur de fermet\u00e9 :<\/strong> Zone centrale et lombaire avec r\u00e9gulateurs de duret\u00e9.<\/p>","protected":false},"excerpt":{"rendered":"<p><strong>Hauteur totale : 34 cm<\/strong><\/p>\n<ol>\n<li>Sommier articul\u00e9 avec 4 zones de repos.<\/li>\n<li>Zone lombaire avec doubles lattes et r\u00e9gulateurs de fermet\u00e9.<\/li>\n<li>Triples clous.<\/li>\n<li>Cadre double 40\u00d730 mm \/ 30\u00d730 mm.<\/li>\n<\/ol>\n<ul>\n<li>Moteur \u00e9lectrique : batterie int\u00e9gr\u00e9e permettant de revenir en position horizontale en cas de coupure de courant.<\/li>\n<li>Contr\u00f4leur sans fil inclus.<\/li>\n<\/ul>\n<p>Voir la section des accessoires pour plus d'informations sur les pieds et les moulures.<\/p>","protected":false},"featured_media":79750,"comment_status":"open","ping_status":"closed","template":"","meta":[],"product_brand":[],"product_cat":[79,83],"product_tag":[116],"class_list":{"0":"post-80259","1":"product","2":"type-product","3":"status-publish","4":"has-post-thumbnail","6":"product_cat-camas-articuladas","7":"product_cat-camas-articuladas-metalicas","8":"product_tag-camas-articuladas-tag","10":"first","11":"instock","12":"shipping-taxable","13":"product-type-variable","14":"litho-product-5col"},"_links":{"self":[{"href":"https:\/\/somieresjover.com\/fr\/wp-json\/wp\/v2\/product\/80259","targetHints":{"allow":["GET"]}}],"collection":[{"href":"https:\/\/somieresjover.com\/fr\/wp-json\/wp\/v2\/product"}],"about":[{"href":"https:\/\/somieresjover.com\/fr\/wp-json\/wp\/v2\/types\/product"}],"replies":[{"embeddable":true,"href":"https:\/\/somieresjover.com\/fr\/wp-json\/wp\/v2\/comments?post=80259"}],"wp:featuredmedia":[{"embeddable":true,"href":"https:\/\/somieresjover.com\/fr\/wp-json\/wp\/v2\/media\/79750"}],"wp:attachment":[{"href":"https:\/\/somieresjover.com\/fr\/wp-json\/wp\/v2\/media?parent=80259"}],"wp:term":[{"taxonomy":"product_brand","embeddable":true,"href":"https:\/\/somieresjover.com\/fr\/wp-json\/wp\/v2\/product_brand?post=80259"},{"taxonomy":"product_cat","embeddable":true,"href":"https:\/\/somieresjover.com\/fr\/wp-json\/wp\/v2\/product_cat?post=80259"},{"taxonomy":"product_tag","embeddable":true,"href":"https:\/\/somieresjover.com\/fr\/wp-json\/wp\/v2\/product_tag?post=80259"}],"curies":[{"name":"wp","href":"https:\/\/api.w.org\/{rel}","templated":true}]}}