{"id":79956,"date":"2025-05-13T18:29:46","date_gmt":"2025-05-13T16:29:46","guid":{"rendered":"https:\/\/somieresjover.com\/?post_type=product&#038;p=79956"},"modified":"2025-05-13T18:40:44","modified_gmt":"2025-05-13T16:40:44","slug":"basic-confort","status":"publish","type":"product","link":"https:\/\/somieresjover.com\/fr\/tienda\/camas-articuladas\/camas-articuladas-metalicas\/basic-confort\/","title":{"rendered":"BASIC CONFORT"},"content":{"rendered":"<p><img decoding=\"async\" class=\"alignleft wp-image-76624\" src=\"https:\/\/somieresjover.com\/wp-content\/uploads\/2025\/04\/iconos-7.png\" alt=\"\" width=\"60\" height=\"54\" srcset=\"https:\/\/somieresjover.com\/wp-content\/uploads\/2025\/04\/iconos-7.png 243w, https:\/\/somieresjover.com\/wp-content\/uploads\/2025\/04\/iconos-7-13x12.png 13w, https:\/\/somieresjover.com\/wp-content\/uploads\/2025\/04\/iconos-7-200x181.png 200w\" sizes=\"(max-width: 60px) 100vw, 60px\" \/><strong>R\u00e9gulateur de fermet\u00e9 :<\/strong> Zone centrale et lombaire avec r\u00e9gulateurs de duret\u00e9.<\/p>\n<p>&nbsp;<\/p>\n<p><strong><img decoding=\"async\" class=\"alignleft wp-image-76622\" src=\"https:\/\/somieresjover.com\/wp-content\/uploads\/2025\/04\/iconos-5.png\" alt=\"\" width=\"60\" height=\"55\" srcset=\"https:\/\/somieresjover.com\/wp-content\/uploads\/2025\/04\/iconos-5.png 242w, https:\/\/somieresjover.com\/wp-content\/uploads\/2025\/04\/iconos-5-13x12.png 13w, https:\/\/somieresjover.com\/wp-content\/uploads\/2025\/04\/iconos-5-200x182.png 200w\" sizes=\"(max-width: 60px) 100vw, 60px\" \/>Suspension basculante :<\/strong> Suspension Hytrel de haute qualit\u00e9, flexible et ind\u00e9formable avec syst\u00e8me de r\u00e9glage de la rigidit\u00e9.<\/p>","protected":false},"excerpt":{"rendered":"<p><strong>Hauteur totale : 36 cm<\/strong><\/p>\n<ol>\n<li>Sommier articul\u00e9 avec 5 zones de repos.<\/li>\n<li>Cadre double 40\u00d730 mm \/ 30\u00d730 mm.<\/li>\n<li>Zone centrale et lombaire avec doubles lattes et r\u00e9gulateurs de fermet\u00e9.<\/li>\n<li>Suspension de balan\u00e7oire \u00e0 trois vantaux avec capsules en poly\u00e9thyl\u00e8ne.<\/li>\n<li>Zone d'\u00e9paule avec plaques et r\u00e9glage de la duret\u00e9.<\/li>\n<li>Plaques de bronze grav\u00e9es.<\/li>\n<\/ol>\n<ul>\n<li>Moteur \u00e9lectrique : batterie int\u00e9gr\u00e9e permettant de revenir en position horizontale en cas de coupure de courant.<\/li>\n<li>Suspensions : Double<\/li>\n<li>Contr\u00f4leur sans fil inclus.<\/li>\n<\/ul>\n<p>Voir la section des accessoires pour plus d'informations sur les pieds et les moulures.<\/p>","protected":false},"featured_media":79743,"comment_status":"open","ping_status":"closed","template":"","meta":[],"product_brand":[],"product_cat":[79,83],"product_tag":[116],"class_list":{"0":"post-79956","1":"product","2":"type-product","3":"status-publish","4":"has-post-thumbnail","6":"product_cat-camas-articuladas","7":"product_cat-camas-articuladas-metalicas","8":"product_tag-camas-articuladas-tag","10":"first","11":"instock","12":"shipping-taxable","13":"product-type-variable","14":"litho-product-5col"},"_links":{"self":[{"href":"https:\/\/somieresjover.com\/fr\/wp-json\/wp\/v2\/product\/79956","targetHints":{"allow":["GET"]}}],"collection":[{"href":"https:\/\/somieresjover.com\/fr\/wp-json\/wp\/v2\/product"}],"about":[{"href":"https:\/\/somieresjover.com\/fr\/wp-json\/wp\/v2\/types\/product"}],"replies":[{"embeddable":true,"href":"https:\/\/somieresjover.com\/fr\/wp-json\/wp\/v2\/comments?post=79956"}],"wp:featuredmedia":[{"embeddable":true,"href":"https:\/\/somieresjover.com\/fr\/wp-json\/wp\/v2\/media\/79743"}],"wp:attachment":[{"href":"https:\/\/somieresjover.com\/fr\/wp-json\/wp\/v2\/media?parent=79956"}],"wp:term":[{"taxonomy":"product_brand","embeddable":true,"href":"https:\/\/somieresjover.com\/fr\/wp-json\/wp\/v2\/product_brand?post=79956"},{"taxonomy":"product_cat","embeddable":true,"href":"https:\/\/somieresjover.com\/fr\/wp-json\/wp\/v2\/product_cat?post=79956"},{"taxonomy":"product_tag","embeddable":true,"href":"https:\/\/somieresjover.com\/fr\/wp-json\/wp\/v2\/product_tag?post=79956"}],"curies":[{"name":"wp","href":"https:\/\/api.w.org\/{rel}","templated":true}]}}