{"id":79855,"date":"2025-05-13T18:25:23","date_gmt":"2025-05-13T16:25:23","guid":{"rendered":"https:\/\/somieresjover.com\/?post_type=product&#038;p=79855"},"modified":"2025-05-13T18:30:06","modified_gmt":"2025-05-13T16:30:06","slug":"basic-tapizado","status":"publish","type":"product","link":"https:\/\/somieresjover.com\/fr\/tienda\/camas-articuladas\/camas-articuladas-metalicas\/basic-tapizado\/","title":{"rendered":"BASIC TAPIZADO"},"content":{"rendered":"<p><img decoding=\"async\" class=\"wp-image-76621 alignleft\" src=\"https:\/\/somieresjover.com\/wp-content\/uploads\/2025\/04\/iconos-4.png\" alt=\"\" width=\"60\" height=\"54\" srcset=\"https:\/\/somieresjover.com\/wp-content\/uploads\/2025\/04\/iconos-4.png 243w, https:\/\/somieresjover.com\/wp-content\/uploads\/2025\/04\/iconos-4-13x12.png 13w, https:\/\/somieresjover.com\/wp-content\/uploads\/2025\/04\/iconos-4-200x181.png 200w\" sizes=\"(max-width: 60px) 100vw, 60px\" \/><strong>Syst\u00e8me Rody:<\/strong> Rel\u00e8vement de la zone lombaire et du dossier \u00e0 l'aide de rouleaux, pour lui donner plus de fermet\u00e9 et de douceur.<\/p>\n<p>&nbsp;<\/p>\n<p><img decoding=\"async\" class=\"wp-image-76625 alignleft\" src=\"https:\/\/somieresjover.com\/wp-content\/uploads\/2025\/04\/iconos-8.png\" alt=\"\" width=\"60\" height=\"54\" srcset=\"https:\/\/somieresjover.com\/wp-content\/uploads\/2025\/04\/iconos-8.png 243w, https:\/\/somieresjover.com\/wp-content\/uploads\/2025\/04\/iconos-8-13x12.png 13w, https:\/\/somieresjover.com\/wp-content\/uploads\/2025\/04\/iconos-8-200x181.png 200w\" sizes=\"(max-width: 60px) 100vw, 60px\" \/><\/p>\n<p><strong>Articulations rembourr\u00e9es en 3D:<\/strong> Articulations rembourr\u00e9es avec cadre en bois, 10 cm de mousse de 28 kg et tissu 3D.<\/p>\n<p>&nbsp;<\/p>","protected":false},"excerpt":{"rendered":"<p><strong>Hauteur totale : 35 cm<\/strong><\/p>\n<ol>\n<li>Sommier articul\u00e9 avec 5 zones de repos.<\/li>\n<li>Cadre double 40\u00d730 mm \/ 30\u00d730 mm.<\/li>\n<li>Articulations rembourr\u00e9es en 3D.<\/li>\n<\/ol>\n<ul>\n<li>Moteur \u00e9lectrique : batterie int\u00e9gr\u00e9e permettant de revenir en position horizontale en cas de coupure de courant.<\/li>\n<li>Le rembourrage est fait d'un panneau de 25 mm. Contreplaqu\u00e9 massif + 1 cm de mousse + tissu 3D.<\/li>\n<li>Contr\u00f4leur sans fil inclus.<\/li>\n<\/ul>\n<p>Voir la section des accessoires pour plus d'informations sur les pieds et les moulures.<\/p>","protected":false},"featured_media":79741,"comment_status":"open","ping_status":"closed","template":"","meta":[],"product_brand":[],"product_cat":[79,83],"product_tag":[116],"class_list":{"0":"post-79855","1":"product","2":"type-product","3":"status-publish","4":"has-post-thumbnail","6":"product_cat-camas-articuladas","7":"product_cat-camas-articuladas-metalicas","8":"product_tag-camas-articuladas-tag","10":"first","11":"instock","12":"shipping-taxable","13":"product-type-variable","14":"litho-product-5col"},"_links":{"self":[{"href":"https:\/\/somieresjover.com\/fr\/wp-json\/wp\/v2\/product\/79855","targetHints":{"allow":["GET"]}}],"collection":[{"href":"https:\/\/somieresjover.com\/fr\/wp-json\/wp\/v2\/product"}],"about":[{"href":"https:\/\/somieresjover.com\/fr\/wp-json\/wp\/v2\/types\/product"}],"replies":[{"embeddable":true,"href":"https:\/\/somieresjover.com\/fr\/wp-json\/wp\/v2\/comments?post=79855"}],"wp:featuredmedia":[{"embeddable":true,"href":"https:\/\/somieresjover.com\/fr\/wp-json\/wp\/v2\/media\/79741"}],"wp:attachment":[{"href":"https:\/\/somieresjover.com\/fr\/wp-json\/wp\/v2\/media?parent=79855"}],"wp:term":[{"taxonomy":"product_brand","embeddable":true,"href":"https:\/\/somieresjover.com\/fr\/wp-json\/wp\/v2\/product_brand?post=79855"},{"taxonomy":"product_cat","embeddable":true,"href":"https:\/\/somieresjover.com\/fr\/wp-json\/wp\/v2\/product_cat?post=79855"},{"taxonomy":"product_tag","embeddable":true,"href":"https:\/\/somieresjover.com\/fr\/wp-json\/wp\/v2\/product_tag?post=79855"}],"curies":[{"name":"wp","href":"https:\/\/api.w.org\/{rel}","templated":true}]}}