{"id":79529,"date":"2025-05-13T17:45:00","date_gmt":"2025-05-13T15:45:00","guid":{"rendered":"https:\/\/somieresjover.com\/?post_type=product&#038;p=79529"},"modified":"2025-05-13T17:52:24","modified_gmt":"2025-05-13T15:52:24","slug":"gondola","status":"publish","type":"product","link":"https:\/\/somieresjover.com\/fr\/tienda\/camas-articuladas\/camas-articuladas-madera\/gondola\/","title":{"rendered":"GONDOLA"},"content":{"rendered":"<p><strong><img decoding=\"async\" class=\"alignleft wp-image-76622\" src=\"https:\/\/somieresjover.com\/wp-content\/uploads\/2025\/04\/iconos-5.png\" alt=\"\" width=\"60\" height=\"55\" srcset=\"https:\/\/somieresjover.com\/wp-content\/uploads\/2025\/04\/iconos-5.png 242w, https:\/\/somieresjover.com\/wp-content\/uploads\/2025\/04\/iconos-5-13x12.png 13w, https:\/\/somieresjover.com\/wp-content\/uploads\/2025\/04\/iconos-5-200x182.png 200w\" sizes=\"(max-width: 60px) 100vw, 60px\" \/>Suspension basculante :<\/strong> Suspension Hytrel de haute qualit\u00e9, flexible et ind\u00e9formable avec syst\u00e8me de r\u00e9glage de la rigidit\u00e9.<\/p>\n<p>&nbsp;<\/p>\n<p><img decoding=\"async\" class=\"wp-image-76621 alignleft\" src=\"https:\/\/somieresjover.com\/wp-content\/uploads\/2025\/04\/iconos-4.png\" alt=\"\" width=\"60\" height=\"54\" srcset=\"https:\/\/somieresjover.com\/wp-content\/uploads\/2025\/04\/iconos-4.png 243w, https:\/\/somieresjover.com\/wp-content\/uploads\/2025\/04\/iconos-4-13x12.png 13w, https:\/\/somieresjover.com\/wp-content\/uploads\/2025\/04\/iconos-4-200x181.png 200w\" sizes=\"(max-width: 60px) 100vw, 60px\" \/><strong>Syst\u00e8me Rody:<\/strong> Rel\u00e8vement de la zone lombaire et du dossier \u00e0 l'aide de rouleaux, pour lui donner plus de fermet\u00e9 et de douceur.<\/p>\n<p>&nbsp;<\/p>\n<p><img decoding=\"async\" class=\"alignleft wp-image-76626\" src=\"https:\/\/somieresjover.com\/wp-content\/uploads\/2025\/04\/iconos-9.png\" alt=\"\" width=\"60\" height=\"54\" srcset=\"https:\/\/somieresjover.com\/wp-content\/uploads\/2025\/04\/iconos-9.png 243w, https:\/\/somieresjover.com\/wp-content\/uploads\/2025\/04\/iconos-9-13x12.png 13w, https:\/\/somieresjover.com\/wp-content\/uploads\/2025\/04\/iconos-9-200x181.png 200w\" sizes=\"(max-width: 60px) 100vw, 60px\" \/><\/p>\n<p><strong>Syst\u00e8me d'ancrage:<\/strong> Syst\u00e8me d'ancrage pour les joints en bois sans vis.<\/p>\n<p>&nbsp;<\/p>\n<p><img loading=\"lazy\" decoding=\"async\" class=\"alignleft wp-image-76624\" src=\"https:\/\/somieresjover.com\/wp-content\/uploads\/2025\/04\/iconos-7.png\" alt=\"\" width=\"60\" height=\"54\" srcset=\"https:\/\/somieresjover.com\/wp-content\/uploads\/2025\/04\/iconos-7.png 243w, https:\/\/somieresjover.com\/wp-content\/uploads\/2025\/04\/iconos-7-13x12.png 13w, https:\/\/somieresjover.com\/wp-content\/uploads\/2025\/04\/iconos-7-200x181.png 200w\" sizes=\"(max-width: 60px) 100vw, 60px\" \/><strong>R\u00e9gulateur de fermet\u00e9 :<\/strong> Zone centrale et lombaire avec r\u00e9gulateurs de duret\u00e9.<\/p>","protected":false},"excerpt":{"rendered":"<p><strong>Hauteur totale : 39 cm<\/strong><\/p>\n<ol>\n<li>Sommier articul\u00e9 avec 5 zones de repos.<\/li>\n<li>Articulations en bois avec arbres en polyamide.<\/li>\n<li>Zone centrale et lombaire avec doubles lattes et r\u00e9gulateurs de fermet\u00e9.<\/li>\n<li>Capsule de poly\u00e9thyl\u00e8ne \u00e0 suspension oscillante.<\/li>\n<li>Cadre de 120\u00d725 mm recouvert de papier.<\/li>\n<li>Plaques grav\u00e9es en couleur bronze.<\/li>\n<li>Cadre int\u00e9rieur en acier 40x30x1 mm.<\/li>\n<\/ol>\n<ul>\n<li>Un seul pied dans la zone centrale, utilis\u00e9 pour joindre les deux sommiers et \u00e9liminer l'un des pieds centraux.<\/li>\n<li>Les lits jumeaux n'ont qu'une seule moulure autour d'eux, reliant les deux lits.<\/li>\n<li>Contr\u00f4leur sans fil inclus.<\/li>\n<\/ul>","protected":false},"featured_media":79633,"comment_status":"open","ping_status":"closed","template":"","meta":[],"product_brand":[],"product_cat":[79,80],"product_tag":[116],"class_list":{"0":"post-79529","1":"product","2":"type-product","3":"status-publish","4":"has-post-thumbnail","6":"product_cat-camas-articuladas","7":"product_cat-camas-articuladas-madera","8":"product_tag-camas-articuladas-tag","10":"first","11":"instock","12":"shipping-taxable","13":"product-type-variable","14":"litho-product-5col"},"_links":{"self":[{"href":"https:\/\/somieresjover.com\/fr\/wp-json\/wp\/v2\/product\/79529","targetHints":{"allow":["GET"]}}],"collection":[{"href":"https:\/\/somieresjover.com\/fr\/wp-json\/wp\/v2\/product"}],"about":[{"href":"https:\/\/somieresjover.com\/fr\/wp-json\/wp\/v2\/types\/product"}],"replies":[{"embeddable":true,"href":"https:\/\/somieresjover.com\/fr\/wp-json\/wp\/v2\/comments?post=79529"}],"wp:featuredmedia":[{"embeddable":true,"href":"https:\/\/somieresjover.com\/fr\/wp-json\/wp\/v2\/media\/79633"}],"wp:attachment":[{"href":"https:\/\/somieresjover.com\/fr\/wp-json\/wp\/v2\/media?parent=79529"}],"wp:term":[{"taxonomy":"product_brand","embeddable":true,"href":"https:\/\/somieresjover.com\/fr\/wp-json\/wp\/v2\/product_brand?post=79529"},{"taxonomy":"product_cat","embeddable":true,"href":"https:\/\/somieresjover.com\/fr\/wp-json\/wp\/v2\/product_cat?post=79529"},{"taxonomy":"product_tag","embeddable":true,"href":"https:\/\/somieresjover.com\/fr\/wp-json\/wp\/v2\/product_tag?post=79529"}],"curies":[{"name":"wp","href":"https:\/\/api.w.org\/{rel}","templated":true}]}}