{"id":78673,"date":"2025-05-13T11:43:43","date_gmt":"2025-05-13T09:43:43","guid":{"rendered":"https:\/\/somieresjover.com\/?post_type=product&#038;p=78673"},"modified":"2025-05-13T13:04:27","modified_gmt":"2025-05-13T11:04:27","slug":"litera-metalica","status":"publish","type":"product","link":"https:\/\/somieresjover.com\/fr\/tienda\/somieres-fijos\/litera-metalica\/","title":{"rendered":"LIT SUPERPOS\u00c9 EN M\u00c9TAL"},"content":{"rendered":"","protected":false},"excerpt":{"rendered":"<p><span class=\"nomargin_parent\"><strong>Hauteur totale du sommier sup\u00e9rieur : 120cm<\/strong><\/span><\/p>\n<p><span class=\"nomargin_parent\"><strong>Hauteur totale du sommier inf\u00e9rieur : 36cm<\/strong><\/span><\/p>\n<p>&nbsp;<\/p>\n<ol>\n<li>Sommier \u00e0 lattes en h\u00eatre naturel 53\u00d79 mm.<\/li>\n<li>Cadre rond de 50 mm et cadre rectangulaire de 50\u00d720 mm.<\/li>\n<li>Bases avec barre centrale de 30x25x1,5.<\/li>\n<\/ol>\n<ul>\n<li>Largeur totale + 10 cm de la mesure du sommier.<\/li>\n<li>Longueur totale + 16 cm de la mesure du sommier.<\/li>\n<\/ul>","protected":false},"featured_media":78542,"comment_status":"open","ping_status":"closed","template":"","meta":[],"product_brand":[],"product_cat":[85],"product_tag":[118],"class_list":{"0":"post-78673","1":"product","2":"type-product","3":"status-publish","4":"has-post-thumbnail","6":"product_cat-somieres-fijos","7":"product_tag-somieres-fijos-tag","9":"first","10":"instock","11":"shipping-taxable","12":"product-type-variable","13":"litho-product-5col"},"_links":{"self":[{"href":"https:\/\/somieresjover.com\/fr\/wp-json\/wp\/v2\/product\/78673","targetHints":{"allow":["GET"]}}],"collection":[{"href":"https:\/\/somieresjover.com\/fr\/wp-json\/wp\/v2\/product"}],"about":[{"href":"https:\/\/somieresjover.com\/fr\/wp-json\/wp\/v2\/types\/product"}],"replies":[{"embeddable":true,"href":"https:\/\/somieresjover.com\/fr\/wp-json\/wp\/v2\/comments?post=78673"}],"wp:featuredmedia":[{"embeddable":true,"href":"https:\/\/somieresjover.com\/fr\/wp-json\/wp\/v2\/media\/78542"}],"wp:attachment":[{"href":"https:\/\/somieresjover.com\/fr\/wp-json\/wp\/v2\/media?parent=78673"}],"wp:term":[{"taxonomy":"product_brand","embeddable":true,"href":"https:\/\/somieresjover.com\/fr\/wp-json\/wp\/v2\/product_brand?post=78673"},{"taxonomy":"product_cat","embeddable":true,"href":"https:\/\/somieresjover.com\/fr\/wp-json\/wp\/v2\/product_cat?post=78673"},{"taxonomy":"product_tag","embeddable":true,"href":"https:\/\/somieresjover.com\/fr\/wp-json\/wp\/v2\/product_tag?post=78673"}],"curies":[{"name":"wp","href":"https:\/\/api.w.org\/{rel}","templated":true}]}}