{"id":78645,"date":"2025-05-13T11:26:17","date_gmt":"2025-05-13T09:26:17","guid":{"rendered":"https:\/\/somieresjover.com\/?post_type=product&#038;p=78645"},"modified":"2025-05-13T13:04:27","modified_gmt":"2025-05-13T11:04:27","slug":"canguro-nido","status":"publish","type":"product","link":"https:\/\/somieresjover.com\/fr\/tienda\/somieres-fijos\/canguro-nido\/","title":{"rendered":"CANGURO NIDO"},"content":{"rendered":"","protected":false},"excerpt":{"rendered":"<p><span class=\"nomargin_parent\"><strong>Hauteur totale : 42cm<\/strong><\/span><\/p>\n<p><span class=\"nomargin_parent\"><strong>Hauteur totale de la partie inf\u00e9rieure : 42cm<\/strong><\/span><\/p>\n<p><span class=\"nomargin_parent\"><strong>Hauteur totale de la partie inf\u00e9rieure pli\u00e9e : 9cm<\/strong><\/span><\/p>\n<p>&nbsp;<\/p>\n<ol>\n<li>Sommier \u00e0 lattes en h\u00eatre naturel 53\u00d79 mm.<\/li>\n<li>Cadre 30\u00d730 mm.<\/li>\n<li>Sommier renforc\u00e9 \u00e0 l'avant. Tube 30\u00d725 mm.<\/li>\n<li>Sommier avec barre centrale.<\/li>\n<li>Sommier avec barre centrale et pieds repliables.<\/li>\n<\/ol>\n<ul>\n<li>Tailles 80 - 90 - 105 : Avec barre centrale 30x25x1,5.<\/li>\n<li>Roues : en caoutchouc.<\/li>\n<\/ul>","protected":false},"featured_media":78661,"comment_status":"open","ping_status":"closed","template":"","meta":[],"product_brand":[],"product_cat":[85],"product_tag":[118],"class_list":{"0":"post-78645","1":"product","2":"type-product","3":"status-publish","4":"has-post-thumbnail","6":"product_cat-somieres-fijos","7":"product_tag-somieres-fijos-tag","9":"first","10":"instock","11":"shipping-taxable","12":"product-type-variable","13":"litho-product-5col"},"_links":{"self":[{"href":"https:\/\/somieresjover.com\/fr\/wp-json\/wp\/v2\/product\/78645","targetHints":{"allow":["GET"]}}],"collection":[{"href":"https:\/\/somieresjover.com\/fr\/wp-json\/wp\/v2\/product"}],"about":[{"href":"https:\/\/somieresjover.com\/fr\/wp-json\/wp\/v2\/types\/product"}],"replies":[{"embeddable":true,"href":"https:\/\/somieresjover.com\/fr\/wp-json\/wp\/v2\/comments?post=78645"}],"wp:featuredmedia":[{"embeddable":true,"href":"https:\/\/somieresjover.com\/fr\/wp-json\/wp\/v2\/media\/78661"}],"wp:attachment":[{"href":"https:\/\/somieresjover.com\/fr\/wp-json\/wp\/v2\/media?parent=78645"}],"wp:term":[{"taxonomy":"product_brand","embeddable":true,"href":"https:\/\/somieresjover.com\/fr\/wp-json\/wp\/v2\/product_brand?post=78645"},{"taxonomy":"product_cat","embeddable":true,"href":"https:\/\/somieresjover.com\/fr\/wp-json\/wp\/v2\/product_cat?post=78645"},{"taxonomy":"product_tag","embeddable":true,"href":"https:\/\/somieresjover.com\/fr\/wp-json\/wp\/v2\/product_tag?post=78645"}],"curies":[{"name":"wp","href":"https:\/\/api.w.org\/{rel}","templated":true}]}}