{"id":78627,"date":"2025-05-13T11:20:45","date_gmt":"2025-05-13T09:20:45","guid":{"rendered":"https:\/\/somieresjover.com\/?post_type=product&#038;p=78627"},"modified":"2025-05-13T13:04:34","modified_gmt":"2025-05-13T11:04:34","slug":"lama-ancha","status":"publish","type":"product","link":"https:\/\/somieresjover.com\/fr\/tienda\/somieres-fijos\/lama-ancha\/","title":{"rendered":"LAMA ANCHA"},"content":{"rendered":"<p><img decoding=\"async\" class=\"wp-image-76634 alignleft\" src=\"https:\/\/somieresjover.com\/wp-content\/uploads\/2025\/04\/iconos-17.png\" alt=\"\" width=\"60\" height=\"55\" srcset=\"https:\/\/somieresjover.com\/wp-content\/uploads\/2025\/04\/iconos-17.png 243w, https:\/\/somieresjover.com\/wp-content\/uploads\/2025\/04\/iconos-17-13x12.png 13w, https:\/\/somieresjover.com\/wp-content\/uploads\/2025\/04\/iconos-17-200x182.png 200w\" sizes=\"(max-width: 60px) 100vw, 60px\" \/><strong>Syst\u00e8me de fixation des jambes :<\/strong> Ancrage pour la jambe filet\u00e9e.<\/p>\n<p>&nbsp;<\/p>","protected":false},"excerpt":{"rendered":"<p><strong>Hauteur totale : 30 cm<\/strong><\/p>\n<ol>\n<li>Sommier \u00e0 lattes en h\u00eatre naturel avec papier bronze 120\u00d78 mm.<\/li>\n<li>Cadre 40\u00d730 mm.<\/li>\n<li>Barre centrale de 40x40x1,5 en tailles 105, 135 et 150.<\/li>\n<\/ol>\n<ul>\n<li>Tailles 80 et 90 sans barre centrale.<\/li>\n<\/ul>","protected":false},"featured_media":78529,"comment_status":"open","ping_status":"closed","template":"","meta":[],"product_brand":[],"product_cat":[85],"product_tag":[118],"class_list":{"0":"post-78627","1":"product","2":"type-product","3":"status-publish","4":"has-post-thumbnail","6":"product_cat-somieres-fijos","7":"product_tag-somieres-fijos-tag","9":"first","10":"instock","11":"shipping-taxable","12":"product-type-variable","13":"litho-product-5col"},"_links":{"self":[{"href":"https:\/\/somieresjover.com\/fr\/wp-json\/wp\/v2\/product\/78627","targetHints":{"allow":["GET"]}}],"collection":[{"href":"https:\/\/somieresjover.com\/fr\/wp-json\/wp\/v2\/product"}],"about":[{"href":"https:\/\/somieresjover.com\/fr\/wp-json\/wp\/v2\/types\/product"}],"replies":[{"embeddable":true,"href":"https:\/\/somieresjover.com\/fr\/wp-json\/wp\/v2\/comments?post=78627"}],"wp:featuredmedia":[{"embeddable":true,"href":"https:\/\/somieresjover.com\/fr\/wp-json\/wp\/v2\/media\/78529"}],"wp:attachment":[{"href":"https:\/\/somieresjover.com\/fr\/wp-json\/wp\/v2\/media?parent=78627"}],"wp:term":[{"taxonomy":"product_brand","embeddable":true,"href":"https:\/\/somieresjover.com\/fr\/wp-json\/wp\/v2\/product_brand?post=78627"},{"taxonomy":"product_cat","embeddable":true,"href":"https:\/\/somieresjover.com\/fr\/wp-json\/wp\/v2\/product_cat?post=78627"},{"taxonomy":"product_tag","embeddable":true,"href":"https:\/\/somieresjover.com\/fr\/wp-json\/wp\/v2\/product_tag?post=78627"}],"curies":[{"name":"wp","href":"https:\/\/api.w.org\/{rel}","templated":true}]}}