{"id":78560,"date":"2025-05-13T10:12:59","date_gmt":"2025-05-13T08:12:59","guid":{"rendered":"https:\/\/somieresjover.com\/?post_type=product&#038;p=78560"},"modified":"2025-05-13T13:05:30","modified_gmt":"2025-05-13T11:05:30","slug":"base-extra-copia","status":"publish","type":"product","link":"https:\/\/somieresjover.com\/fr\/tienda\/somieres-fijos\/base-extra-copia\/","title":{"rendered":"BASE FLEXI"},"content":{"rendered":"<p><img decoding=\"async\" class=\"wp-image-76633 alignleft\" src=\"https:\/\/somieresjover.com\/wp-content\/uploads\/2025\/04\/iconos-16.png\" alt=\"\" width=\"60\" height=\"55\" srcset=\"https:\/\/somieresjover.com\/wp-content\/uploads\/2025\/04\/iconos-16.png 243w, https:\/\/somieresjover.com\/wp-content\/uploads\/2025\/04\/iconos-16-13x12.png 13w, https:\/\/somieresjover.com\/wp-content\/uploads\/2025\/04\/iconos-16-200x182.png 200w\" sizes=\"(max-width: 60px) 100vw, 60px\" \/><strong>Suspension basculante :<\/strong> Suspension Hytrel de haute qualit\u00e9, flexible et ind\u00e9formable avec syst\u00e8me de r\u00e9glage de la rigidit\u00e9.<\/p>\n<p>&nbsp;<\/p>\n<p><img decoding=\"async\" class=\"wp-image-76634 alignleft\" src=\"https:\/\/somieresjover.com\/wp-content\/uploads\/2025\/04\/iconos-17.png\" alt=\"\" width=\"60\" height=\"55\" srcset=\"https:\/\/somieresjover.com\/wp-content\/uploads\/2025\/04\/iconos-17.png 243w, https:\/\/somieresjover.com\/wp-content\/uploads\/2025\/04\/iconos-17-13x12.png 13w, https:\/\/somieresjover.com\/wp-content\/uploads\/2025\/04\/iconos-17-200x182.png 200w\" sizes=\"(max-width: 60px) 100vw, 60px\" \/><strong>Syst\u00e8me de fixation des jambes :<\/strong> Ancrage pour la jambe filet\u00e9e.<\/p>\n<p>&nbsp;<\/p>\n<p>&nbsp;<\/p>\n<p><img decoding=\"async\" class=\"alignleft wp-image-76635\" src=\"https:\/\/somieresjover.com\/wp-content\/uploads\/2025\/04\/iconos-18.png\" alt=\"\" width=\"60\" height=\"55\" srcset=\"https:\/\/somieresjover.com\/wp-content\/uploads\/2025\/04\/iconos-18.png 243w, https:\/\/somieresjover.com\/wp-content\/uploads\/2025\/04\/iconos-18-13x12.png 13w, https:\/\/somieresjover.com\/wp-content\/uploads\/2025\/04\/iconos-18-200x182.png 200w\" sizes=\"(max-width: 60px) 100vw, 60px\" \/><strong>R\u00e9gulateur de fermet\u00e9 :<\/strong> Zone centrale et lombaire avec r\u00e9gulateurs de duret\u00e9.<\/p>\n<p>&nbsp;<\/p>","protected":false},"excerpt":{"rendered":"<p><strong>Hauteur totale : 34 cm<\/strong><\/p>\n<ol>\n<li>Sommier \u00e0 lattes en h\u00eatre naturel.<\/li>\n<li>Cadre 40\u00d730 mm.<\/li>\n<li>Barre centrale de 40x40x1,5 dans les tailles 135 et 150.<\/li>\n<li>Suspensions d'Hytrel avec capsules en poly\u00e9thyl\u00e8ne.<\/li>\n<\/ol>\n<ul>\n<li>Tailles 80, 90 et 105 sans barre centrale<\/li>\n<li>Suspensions : Triple.<\/li>\n<li>Voir la section des accessoires pour plus d'informations sur les pieds et les moulures.<\/li>\n<\/ul>","protected":false},"featured_media":77037,"comment_status":"open","ping_status":"closed","template":"","meta":[],"product_brand":[],"product_cat":[85],"product_tag":[118],"class_list":{"0":"post-78560","1":"product","2":"type-product","3":"status-publish","4":"has-post-thumbnail","6":"product_cat-somieres-fijos","7":"product_tag-somieres-fijos-tag","9":"first","10":"instock","11":"shipping-taxable","12":"product-type-variable","13":"litho-product-5col"},"_links":{"self":[{"href":"https:\/\/somieresjover.com\/fr\/wp-json\/wp\/v2\/product\/78560","targetHints":{"allow":["GET"]}}],"collection":[{"href":"https:\/\/somieresjover.com\/fr\/wp-json\/wp\/v2\/product"}],"about":[{"href":"https:\/\/somieresjover.com\/fr\/wp-json\/wp\/v2\/types\/product"}],"replies":[{"embeddable":true,"href":"https:\/\/somieresjover.com\/fr\/wp-json\/wp\/v2\/comments?post=78560"}],"wp:featuredmedia":[{"embeddable":true,"href":"https:\/\/somieresjover.com\/fr\/wp-json\/wp\/v2\/media\/77037"}],"wp:attachment":[{"href":"https:\/\/somieresjover.com\/fr\/wp-json\/wp\/v2\/media?parent=78560"}],"wp:term":[{"taxonomy":"product_brand","embeddable":true,"href":"https:\/\/somieresjover.com\/fr\/wp-json\/wp\/v2\/product_brand?post=78560"},{"taxonomy":"product_cat","embeddable":true,"href":"https:\/\/somieresjover.com\/fr\/wp-json\/wp\/v2\/product_cat?post=78560"},{"taxonomy":"product_tag","embeddable":true,"href":"https:\/\/somieresjover.com\/fr\/wp-json\/wp\/v2\/product_tag?post=78560"}],"curies":[{"name":"wp","href":"https:\/\/api.w.org\/{rel}","templated":true}]}}