{"id":78544,"date":"2025-05-13T10:04:49","date_gmt":"2025-05-13T08:04:49","guid":{"rendered":"https:\/\/somieresjover.com\/?post_type=product&#038;p=78544"},"modified":"2025-05-13T13:05:36","modified_gmt":"2025-05-13T11:05:36","slug":"base-extra","status":"publish","type":"product","link":"https:\/\/somieresjover.com\/fr\/tienda\/somieres-fijos\/base-extra\/","title":{"rendered":"BASE EXTRA"},"content":{"rendered":"<p><img decoding=\"async\" class=\"wp-image-76633 alignleft\" src=\"https:\/\/somieresjover.com\/wp-content\/uploads\/2025\/04\/iconos-16.png\" alt=\"\" width=\"60\" height=\"55\" srcset=\"https:\/\/somieresjover.com\/wp-content\/uploads\/2025\/04\/iconos-16.png 243w, https:\/\/somieresjover.com\/wp-content\/uploads\/2025\/04\/iconos-16-13x12.png 13w, https:\/\/somieresjover.com\/wp-content\/uploads\/2025\/04\/iconos-16-200x182.png 200w\" sizes=\"(max-width: 60px) 100vw, 60px\" \/><strong>Suspension basculante :<\/strong> Suspension Hytrel de haute qualit\u00e9, flexible et ind\u00e9formable avec syst\u00e8me de r\u00e9glage de la rigidit\u00e9.<\/p>\n<p>&nbsp;<\/p>\n<p><img decoding=\"async\" class=\"wp-image-76634 alignleft\" src=\"https:\/\/somieresjover.com\/wp-content\/uploads\/2025\/04\/iconos-17.png\" alt=\"\" width=\"60\" height=\"55\" srcset=\"https:\/\/somieresjover.com\/wp-content\/uploads\/2025\/04\/iconos-17.png 243w, https:\/\/somieresjover.com\/wp-content\/uploads\/2025\/04\/iconos-17-13x12.png 13w, https:\/\/somieresjover.com\/wp-content\/uploads\/2025\/04\/iconos-17-200x182.png 200w\" sizes=\"(max-width: 60px) 100vw, 60px\" \/><strong>Syst\u00e8me de fixation des jambes :<\/strong> Ancrage pour la jambe filet\u00e9e.<\/p>\n<p>&nbsp;<\/p>\n<p>&nbsp;<\/p>\n<p><img decoding=\"async\" class=\"alignleft wp-image-76635\" src=\"https:\/\/somieresjover.com\/wp-content\/uploads\/2025\/04\/iconos-18.png\" alt=\"\" width=\"60\" height=\"55\" srcset=\"https:\/\/somieresjover.com\/wp-content\/uploads\/2025\/04\/iconos-18.png 243w, https:\/\/somieresjover.com\/wp-content\/uploads\/2025\/04\/iconos-18-13x12.png 13w, https:\/\/somieresjover.com\/wp-content\/uploads\/2025\/04\/iconos-18-200x182.png 200w\" sizes=\"(max-width: 60px) 100vw, 60px\" \/><strong>R\u00e9gulateur de fermet\u00e9 :<\/strong> Zone centrale et lombaire avec r\u00e9gulateurs de duret\u00e9.<\/p>\n<p>&nbsp;<\/p>","protected":false},"excerpt":{"rendered":"<p><strong>Hauteur totale : 34 cm<\/strong><\/p>\n<ol>\n<li>Zone des \u00e9paules avec plaques en poly\u00e9thyl\u00e8ne avec r\u00e9glage de la duret\u00e9.<\/li>\n<li>Cadre 40\u00d730 mm.<\/li>\n<li>Placage en h\u00eatre grav\u00e9 de couleur cr\u00e8me.<\/li>\n<li>Suspensiones dobles.<\/li>\n<li>Barre centrale de 40x40x1,5 cm dans les tailles 135 et 150.<\/li>\n<\/ol>\n<ul>\n<li>Tailles 80, 90 et 105 sans barre centrale<\/li>\n<li>Suspensions : Hytrel avec plaques en poly\u00e9thyl\u00e8ne.<\/li>\n<li>Voir la section des accessoires pour plus d'informations sur les pieds et les moulures.<\/li>\n<\/ul>","protected":false},"featured_media":78527,"comment_status":"open","ping_status":"closed","template":"","meta":[],"product_brand":[],"product_cat":[85],"product_tag":[118],"class_list":{"0":"post-78544","1":"product","2":"type-product","3":"status-publish","4":"has-post-thumbnail","6":"product_cat-somieres-fijos","7":"product_tag-somieres-fijos-tag","9":"first","10":"instock","11":"shipping-taxable","12":"product-type-variable","13":"litho-product-5col"},"_links":{"self":[{"href":"https:\/\/somieresjover.com\/fr\/wp-json\/wp\/v2\/product\/78544","targetHints":{"allow":["GET"]}}],"collection":[{"href":"https:\/\/somieresjover.com\/fr\/wp-json\/wp\/v2\/product"}],"about":[{"href":"https:\/\/somieresjover.com\/fr\/wp-json\/wp\/v2\/types\/product"}],"replies":[{"embeddable":true,"href":"https:\/\/somieresjover.com\/fr\/wp-json\/wp\/v2\/comments?post=78544"}],"wp:featuredmedia":[{"embeddable":true,"href":"https:\/\/somieresjover.com\/fr\/wp-json\/wp\/v2\/media\/78527"}],"wp:attachment":[{"href":"https:\/\/somieresjover.com\/fr\/wp-json\/wp\/v2\/media?parent=78544"}],"wp:term":[{"taxonomy":"product_brand","embeddable":true,"href":"https:\/\/somieresjover.com\/fr\/wp-json\/wp\/v2\/product_brand?post=78544"},{"taxonomy":"product_cat","embeddable":true,"href":"https:\/\/somieresjover.com\/fr\/wp-json\/wp\/v2\/product_cat?post=78544"},{"taxonomy":"product_tag","embeddable":true,"href":"https:\/\/somieresjover.com\/fr\/wp-json\/wp\/v2\/product_tag?post=78544"}],"curies":[{"name":"wp","href":"https:\/\/api.w.org\/{rel}","templated":true}]}}