{"id":78449,"date":"2025-05-13T09:32:13","date_gmt":"2025-05-13T07:32:13","guid":{"rendered":"https:\/\/somieresjover.com\/?post_type=product&#038;p=78449"},"modified":"2025-05-13T09:35:24","modified_gmt":"2025-05-13T07:35:24","slug":"helena","status":"publish","type":"product","link":"https:\/\/somieresjover.com\/fr\/tienda\/colchones\/helena\/","title":{"rendered":"HELENA"},"content":{"rendered":"<p><img decoding=\"async\" class=\"alignleft wp-image-76613\" src=\"https:\/\/somieresjover.com\/wp-content\/uploads\/2025\/04\/iconos-24.png\" alt=\"\" width=\"60\" height=\"55\" srcset=\"https:\/\/somieresjover.com\/wp-content\/uploads\/2025\/04\/iconos-24.png 242w, https:\/\/somieresjover.com\/wp-content\/uploads\/2025\/04\/iconos-24-13x12.png 13w, https:\/\/somieresjover.com\/wp-content\/uploads\/2025\/04\/iconos-24-200x182.png 200w\" sizes=\"(max-width: 60px) 100vw, 60px\" \/><strong>Latex :<\/strong> Noyau en latex (18 cm) \u00e0 cellules ouvertes, perfor\u00e9 pour la respirabilit\u00e9, ce qui lui permet de s'adapter au corps. R\u00e9sistant \u00e0 l'hydrolyse et \u00e0 l'action de la vapeur.<\/p>\n<p>&nbsp;<\/p>\n<p><img decoding=\"async\" class=\"wp-image-77768 alignleft\" src=\"https:\/\/somieresjover.com\/wp-content\/uploads\/2025\/05\/iconos-22.png\" alt=\"\" width=\"60\" height=\"55\" srcset=\"https:\/\/somieresjover.com\/wp-content\/uploads\/2025\/05\/iconos-22.png 243w, https:\/\/somieresjover.com\/wp-content\/uploads\/2025\/05\/iconos-22-13x12.png 13w, https:\/\/somieresjover.com\/wp-content\/uploads\/2025\/05\/iconos-22-200x182.png 200w\" sizes=\"(max-width: 60px) 100vw, 60px\" \/><strong>Tissu extensible 430 gr\/m\u00b2 :<\/strong> Tissu \u00e9lastique d'une grande adaptabilit\u00e9, mettant en valeur les mat\u00e9riaux de son rembourrage et offrant un repos id\u00e9al et douillet. 100 % polyester.<\/p>","protected":false},"excerpt":{"rendered":"<p><strong>Hauteur totale : 18+1cm<\/strong><\/p>\n<p><span class=\"nomargin_parent\"><strong>Adaptability<\/strong><\/span><\/p>\n<p><img decoding=\"async\" class=\"alignnone wp-image-78314 size-medium\" src=\"https:\/\/somieresjover.com\/wp-content\/uploads\/2025\/05\/helena-datos-adapt-300x27.png\" alt=\"\" width=\"300\" height=\"27\" srcset=\"https:\/\/somieresjover.com\/wp-content\/uploads\/2025\/05\/helena-datos-adapt-300x27.png 300w, https:\/\/somieresjover.com\/wp-content\/uploads\/2025\/05\/helena-datos-adapt-1024x92.png 1024w, https:\/\/somieresjover.com\/wp-content\/uploads\/2025\/05\/helena-datos-adapt-768x69.png 768w, https:\/\/somieresjover.com\/wp-content\/uploads\/2025\/05\/helena-datos-adapt-18x2.png 18w, https:\/\/somieresjover.com\/wp-content\/uploads\/2025\/05\/helena-datos-adapt-200x18.png 200w, https:\/\/somieresjover.com\/wp-content\/uploads\/2025\/05\/helena-datos-adapt-640x57.png 640w, https:\/\/somieresjover.com\/wp-content\/uploads\/2025\/05\/helena-datos-adapt.png 1040w\" sizes=\"(max-width: 300px) 100vw, 300px\" \/><\/p>\n<p><span class=\"nomargin_parent\"><strong>Fermet\u00e9<\/strong><\/span><\/p>\n<p><img loading=\"lazy\" decoding=\"async\" class=\"alignnone wp-image-78315 size-medium\" src=\"https:\/\/somieresjover.com\/wp-content\/uploads\/2025\/05\/helena-datos-firm-300x27.png\" alt=\"\" width=\"300\" height=\"27\" srcset=\"https:\/\/somieresjover.com\/wp-content\/uploads\/2025\/05\/helena-datos-firm-300x27.png 300w, https:\/\/somieresjover.com\/wp-content\/uploads\/2025\/05\/helena-datos-firm-1024x92.png 1024w, https:\/\/somieresjover.com\/wp-content\/uploads\/2025\/05\/helena-datos-firm-768x69.png 768w, https:\/\/somieresjover.com\/wp-content\/uploads\/2025\/05\/helena-datos-firm-18x2.png 18w, https:\/\/somieresjover.com\/wp-content\/uploads\/2025\/05\/helena-datos-firm-200x18.png 200w, https:\/\/somieresjover.com\/wp-content\/uploads\/2025\/05\/helena-datos-firm-640x57.png 640w, https:\/\/somieresjover.com\/wp-content\/uploads\/2025\/05\/helena-datos-firm.png 1040w\" sizes=\"(max-width: 300px) 100vw, 300px\" \/><\/p>\n<p>Le matelas HELENA est un matelas athermique qui s'adapte \u00e0 la temp\u00e9rature du corps.<br \/>\nIl est \u00e9lastique, \u00e9tanche \u00e0 la poussi\u00e8re et dispose de trois zones de confort.<\/p>\n<p><img loading=\"lazy\" decoding=\"async\" class=\"aligncenter wp-image-78313 size-large\" src=\"https:\/\/somieresjover.com\/wp-content\/uploads\/2025\/05\/HELENA-COLCHON_NUCLEO-1024x788.png\" alt=\"\" width=\"1024\" height=\"788\" srcset=\"https:\/\/somieresjover.com\/wp-content\/uploads\/2025\/05\/HELENA-COLCHON_NUCLEO-1024x788.png 1024w, https:\/\/somieresjover.com\/wp-content\/uploads\/2025\/05\/HELENA-COLCHON_NUCLEO-300x231.png 300w, https:\/\/somieresjover.com\/wp-content\/uploads\/2025\/05\/HELENA-COLCHON_NUCLEO-768x591.png 768w, https:\/\/somieresjover.com\/wp-content\/uploads\/2025\/05\/HELENA-COLCHON_NUCLEO-16x12.png 16w, https:\/\/somieresjover.com\/wp-content\/uploads\/2025\/05\/HELENA-COLCHON_NUCLEO-200x154.png 200w, https:\/\/somieresjover.com\/wp-content\/uploads\/2025\/05\/HELENA-COLCHON_NUCLEO-640x492.png 640w, https:\/\/somieresjover.com\/wp-content\/uploads\/2025\/05\/HELENA-COLCHON_NUCLEO.png 1297w\" sizes=\"(max-width: 1024px) 100vw, 1024px\" \/><\/p>\n<ol>\n<li>Couverture sup\u00e9rieure en tissu extensible 430 gr\/m2. 97% Polyester - 3% Elastan.<\/li>\n<li>100% Latex.<\/li>\n<li>L'enveloppe int\u00e9rieure est compos\u00e9e de 50% de polyester et de 50% de coton.<\/li>\n<li>Couvercle inf\u00e9rieur.<\/li>\n<\/ol>\n<p>&nbsp;<\/p>","protected":false},"featured_media":78329,"comment_status":"open","ping_status":"closed","template":"","meta":[],"product_brand":[],"product_cat":[86],"product_tag":[120],"class_list":{"0":"post-78449","1":"product","2":"type-product","3":"status-publish","4":"has-post-thumbnail","6":"product_cat-colchones","7":"product_tag-colchones-tag","9":"first","10":"instock","11":"shipping-taxable","12":"product-type-variable","13":"litho-product-5col"},"_links":{"self":[{"href":"https:\/\/somieresjover.com\/fr\/wp-json\/wp\/v2\/product\/78449","targetHints":{"allow":["GET"]}}],"collection":[{"href":"https:\/\/somieresjover.com\/fr\/wp-json\/wp\/v2\/product"}],"about":[{"href":"https:\/\/somieresjover.com\/fr\/wp-json\/wp\/v2\/types\/product"}],"replies":[{"embeddable":true,"href":"https:\/\/somieresjover.com\/fr\/wp-json\/wp\/v2\/comments?post=78449"}],"wp:featuredmedia":[{"embeddable":true,"href":"https:\/\/somieresjover.com\/fr\/wp-json\/wp\/v2\/media\/78329"}],"wp:attachment":[{"href":"https:\/\/somieresjover.com\/fr\/wp-json\/wp\/v2\/media?parent=78449"}],"wp:term":[{"taxonomy":"product_brand","embeddable":true,"href":"https:\/\/somieresjover.com\/fr\/wp-json\/wp\/v2\/product_brand?post=78449"},{"taxonomy":"product_cat","embeddable":true,"href":"https:\/\/somieresjover.com\/fr\/wp-json\/wp\/v2\/product_cat?post=78449"},{"taxonomy":"product_tag","embeddable":true,"href":"https:\/\/somieresjover.com\/fr\/wp-json\/wp\/v2\/product_tag?post=78449"}],"curies":[{"name":"wp","href":"https:\/\/api.w.org\/{rel}","templated":true}]}}