{"id":78411,"date":"2025-05-13T09:22:08","date_gmt":"2025-05-13T07:22:08","guid":{"rendered":"https:\/\/somieresjover.com\/?post_type=product&#038;p=78411"},"modified":"2025-05-13T09:35:39","modified_gmt":"2025-05-13T07:35:39","slug":"paris","status":"publish","type":"product","link":"https:\/\/somieresjover.com\/fr\/tienda\/colchones\/paris\/","title":{"rendered":"PARIS"},"content":{"rendered":"<p><img decoding=\"async\" class=\"alignleft wp-image-76613\" src=\"https:\/\/somieresjover.com\/wp-content\/uploads\/2025\/04\/iconos-24.png\" alt=\"\" width=\"60\" height=\"55\" srcset=\"https:\/\/somieresjover.com\/wp-content\/uploads\/2025\/04\/iconos-24.png 242w, https:\/\/somieresjover.com\/wp-content\/uploads\/2025\/04\/iconos-24-13x12.png 13w, https:\/\/somieresjover.com\/wp-content\/uploads\/2025\/04\/iconos-24-200x182.png 200w\" sizes=\"(max-width: 60px) 100vw, 60px\" \/><strong>Latex :<\/strong> Noyau en latex (18 cm) \u00e0 cellules ouvertes, perfor\u00e9 pour la respirabilit\u00e9, ce qui lui permet de s'adapter au corps. R\u00e9sistant \u00e0 l'hydrolyse et \u00e0 l'action de la vapeur.<\/p>\n<p>&nbsp;<\/p>\n<p><img decoding=\"async\" class=\"wp-image-77768 alignleft\" src=\"https:\/\/somieresjover.com\/wp-content\/uploads\/2025\/05\/iconos-22.png\" alt=\"\" width=\"60\" height=\"55\" srcset=\"https:\/\/somieresjover.com\/wp-content\/uploads\/2025\/05\/iconos-22.png 243w, https:\/\/somieresjover.com\/wp-content\/uploads\/2025\/05\/iconos-22-13x12.png 13w, https:\/\/somieresjover.com\/wp-content\/uploads\/2025\/05\/iconos-22-200x182.png 200w\" sizes=\"(max-width: 60px) 100vw, 60px\" \/><\/p>\n<p><strong>Tissu extensible 260 gr\/m\u00b2 :<\/strong> Tissu \u00e9lastique d'une grande adaptabilit\u00e9, mettant en valeur les mat\u00e9riaux de son rembourrage et offrant un repos id\u00e9al et douillet. 100 % polyester.<\/p>","protected":false},"excerpt":{"rendered":"<p><strong>Hauteur totale : 18+2cm<\/strong><\/p>\n<p><span class=\"nomargin_parent\"><strong>Adaptability<\/strong><\/span><\/p>\n<p><img decoding=\"async\" class=\"alignnone wp-image-78325 size-medium\" src=\"https:\/\/somieresjover.com\/wp-content\/uploads\/2025\/05\/paris-datos-adapt-300x27.png\" alt=\"\" width=\"300\" height=\"27\" srcset=\"https:\/\/somieresjover.com\/wp-content\/uploads\/2025\/05\/paris-datos-adapt-300x27.png 300w, https:\/\/somieresjover.com\/wp-content\/uploads\/2025\/05\/paris-datos-adapt-1024x92.png 1024w, https:\/\/somieresjover.com\/wp-content\/uploads\/2025\/05\/paris-datos-adapt-768x69.png 768w, https:\/\/somieresjover.com\/wp-content\/uploads\/2025\/05\/paris-datos-adapt-18x2.png 18w, https:\/\/somieresjover.com\/wp-content\/uploads\/2025\/05\/paris-datos-adapt-200x18.png 200w, https:\/\/somieresjover.com\/wp-content\/uploads\/2025\/05\/paris-datos-adapt-640x57.png 640w, https:\/\/somieresjover.com\/wp-content\/uploads\/2025\/05\/paris-datos-adapt.png 1040w\" sizes=\"(max-width: 300px) 100vw, 300px\" \/><\/p>\n<p><span class=\"nomargin_parent\"><strong>Fermet\u00e9<\/strong><\/span><\/p>\n<p><img loading=\"lazy\" decoding=\"async\" class=\"alignnone wp-image-78326 size-medium\" src=\"https:\/\/somieresjover.com\/wp-content\/uploads\/2025\/05\/paris-datos-firm-300x27.png\" alt=\"\" width=\"300\" height=\"27\" srcset=\"https:\/\/somieresjover.com\/wp-content\/uploads\/2025\/05\/paris-datos-firm-300x27.png 300w, https:\/\/somieresjover.com\/wp-content\/uploads\/2025\/05\/paris-datos-firm-1024x92.png 1024w, https:\/\/somieresjover.com\/wp-content\/uploads\/2025\/05\/paris-datos-firm-768x69.png 768w, https:\/\/somieresjover.com\/wp-content\/uploads\/2025\/05\/paris-datos-firm-18x2.png 18w, https:\/\/somieresjover.com\/wp-content\/uploads\/2025\/05\/paris-datos-firm-200x18.png 200w, https:\/\/somieresjover.com\/wp-content\/uploads\/2025\/05\/paris-datos-firm-640x57.png 640w, https:\/\/somieresjover.com\/wp-content\/uploads\/2025\/05\/paris-datos-firm.png 1040w\" sizes=\"(max-width: 300px) 100vw, 300px\" \/><\/p>\n<p>Le matelas PARIS est un matelas athermique qui s'adapte \u00e0 la temp\u00e9rature du corps.<br \/>\nIl est \u00e9lastique, \u00e9tanche \u00e0 la poussi\u00e8re et dispose de trois zones de confort.<\/p>\n<p><img loading=\"lazy\" decoding=\"async\" class=\"aligncenter wp-image-78324 size-large\" src=\"https:\/\/somieresjover.com\/wp-content\/uploads\/2025\/05\/PARIS-COLCHON_NUCLEO-1024x788.png\" alt=\"\" width=\"1024\" height=\"788\" srcset=\"https:\/\/somieresjover.com\/wp-content\/uploads\/2025\/05\/PARIS-COLCHON_NUCLEO-1024x788.png 1024w, https:\/\/somieresjover.com\/wp-content\/uploads\/2025\/05\/PARIS-COLCHON_NUCLEO-300x231.png 300w, https:\/\/somieresjover.com\/wp-content\/uploads\/2025\/05\/PARIS-COLCHON_NUCLEO-768x591.png 768w, https:\/\/somieresjover.com\/wp-content\/uploads\/2025\/05\/PARIS-COLCHON_NUCLEO-16x12.png 16w, https:\/\/somieresjover.com\/wp-content\/uploads\/2025\/05\/PARIS-COLCHON_NUCLEO-200x154.png 200w, https:\/\/somieresjover.com\/wp-content\/uploads\/2025\/05\/PARIS-COLCHON_NUCLEO-640x492.png 640w, https:\/\/somieresjover.com\/wp-content\/uploads\/2025\/05\/PARIS-COLCHON_NUCLEO.png 1297w\" sizes=\"(max-width: 1024px) 100vw, 1024px\" \/><\/p>\n<ol>\n<li>Couverture en tissu extensible 260 gr\/m\u00b2 - 100% polyester.<\/li>\n<li>100% Latex.<\/li>\n<li>L'enveloppe int\u00e9rieure est compos\u00e9e de 50% de polyester et de 50% de coton.<\/li>\n<li>Couvre-fond en tissu extensible. Fibre creuse anti-cicatrices. Flyseline 30 gr.<\/li>\n<\/ol>\n<p>&nbsp;<\/p>","protected":false},"featured_media":76684,"comment_status":"open","ping_status":"closed","template":"","meta":[],"product_brand":[],"product_cat":[86],"product_tag":[120],"class_list":{"0":"post-78411","1":"product","2":"type-product","3":"status-publish","4":"has-post-thumbnail","6":"product_cat-colchones","7":"product_tag-colchones-tag","9":"first","10":"instock","11":"shipping-taxable","12":"product-type-variable","13":"litho-product-5col"},"_links":{"self":[{"href":"https:\/\/somieresjover.com\/fr\/wp-json\/wp\/v2\/product\/78411","targetHints":{"allow":["GET"]}}],"collection":[{"href":"https:\/\/somieresjover.com\/fr\/wp-json\/wp\/v2\/product"}],"about":[{"href":"https:\/\/somieresjover.com\/fr\/wp-json\/wp\/v2\/types\/product"}],"replies":[{"embeddable":true,"href":"https:\/\/somieresjover.com\/fr\/wp-json\/wp\/v2\/comments?post=78411"}],"wp:featuredmedia":[{"embeddable":true,"href":"https:\/\/somieresjover.com\/fr\/wp-json\/wp\/v2\/media\/76684"}],"wp:attachment":[{"href":"https:\/\/somieresjover.com\/fr\/wp-json\/wp\/v2\/media?parent=78411"}],"wp:term":[{"taxonomy":"product_brand","embeddable":true,"href":"https:\/\/somieresjover.com\/fr\/wp-json\/wp\/v2\/product_brand?post=78411"},{"taxonomy":"product_cat","embeddable":true,"href":"https:\/\/somieresjover.com\/fr\/wp-json\/wp\/v2\/product_cat?post=78411"},{"taxonomy":"product_tag","embeddable":true,"href":"https:\/\/somieresjover.com\/fr\/wp-json\/wp\/v2\/product_tag?post=78411"}],"curies":[{"name":"wp","href":"https:\/\/api.w.org\/{rel}","templated":true}]}}