{"id":78338,"date":"2025-05-12T18:20:43","date_gmt":"2025-05-12T16:20:43","guid":{"rendered":"https:\/\/somieresjover.com\/?post_type=product&#038;p=78338"},"modified":"2025-05-13T09:28:29","modified_gmt":"2025-05-13T07:28:29","slug":"julieta","status":"publish","type":"product","link":"https:\/\/somieresjover.com\/fr\/tienda\/colchones\/julieta\/","title":{"rendered":"JULIETA"},"content":{"rendered":"<p><img decoding=\"async\" class=\"alignleft wp-image-76637\" src=\"https:\/\/somieresjover.com\/wp-content\/uploads\/2025\/04\/iconos-20.png\" alt=\"\" width=\"60\" height=\"55\" srcset=\"https:\/\/somieresjover.com\/wp-content\/uploads\/2025\/04\/iconos-20.png 243w, https:\/\/somieresjover.com\/wp-content\/uploads\/2025\/04\/iconos-20-13x12.png 13w, https:\/\/somieresjover.com\/wp-content\/uploads\/2025\/04\/iconos-20-200x182.png 200w\" sizes=\"(max-width: 60px) 100vw, 60px\" \/><strong>Visco\u00e9lastique:<\/strong> Mat\u00e9riau thermosensible qui s'adapte parfaitement au corps, permettant de soulager et d'am\u00e9liorer la tension art\u00e9rielle gr\u00e2ce \u00e0 son syst\u00e8me de cellules ouvertes.<\/p>\n<p>&nbsp;<\/p>\n<p><img decoding=\"async\" class=\"wp-image-77768 alignleft\" src=\"https:\/\/somieresjover.com\/wp-content\/uploads\/2025\/05\/iconos-22.png\" alt=\"\" width=\"60\" height=\"55\" srcset=\"https:\/\/somieresjover.com\/wp-content\/uploads\/2025\/05\/iconos-22.png 243w, https:\/\/somieresjover.com\/wp-content\/uploads\/2025\/05\/iconos-22-13x12.png 13w, https:\/\/somieresjover.com\/wp-content\/uploads\/2025\/05\/iconos-22-200x182.png 200w\" sizes=\"(max-width: 60px) 100vw, 60px\" \/><\/p>\n<p><strong>Tissu extensible 290 gr\/m\u00b2:<\/strong> Tissu \u00e9lastique d'une grande adaptabilit\u00e9, mettant en valeur les mat\u00e9riaux de son rembourrage et offrant un repos id\u00e9al et douillet. 100 % polyester<br \/>\n.<\/p>","protected":false},"excerpt":{"rendered":"<p><strong>Hauteur totale : 18+1cm<\/strong><\/p>\n<p><span class=\"nomargin_parent\"><strong>Adaptability<\/strong><\/span><\/p>\n<p><img decoding=\"async\" class=\"alignnone wp-image-78317 size-medium\" src=\"https:\/\/somieresjover.com\/wp-content\/uploads\/2025\/05\/julieta-datos-adapt-300x27.png\" alt=\"\" width=\"300\" height=\"27\" srcset=\"https:\/\/somieresjover.com\/wp-content\/uploads\/2025\/05\/julieta-datos-adapt-300x27.png 300w, https:\/\/somieresjover.com\/wp-content\/uploads\/2025\/05\/julieta-datos-adapt-1024x92.png 1024w, https:\/\/somieresjover.com\/wp-content\/uploads\/2025\/05\/julieta-datos-adapt-768x69.png 768w, https:\/\/somieresjover.com\/wp-content\/uploads\/2025\/05\/julieta-datos-adapt-18x2.png 18w, https:\/\/somieresjover.com\/wp-content\/uploads\/2025\/05\/julieta-datos-adapt-200x18.png 200w, https:\/\/somieresjover.com\/wp-content\/uploads\/2025\/05\/julieta-datos-adapt-640x57.png 640w, https:\/\/somieresjover.com\/wp-content\/uploads\/2025\/05\/julieta-datos-adapt.png 1040w\" sizes=\"(max-width: 300px) 100vw, 300px\" \/><\/p>\n<p><span class=\"nomargin_parent\"><strong>Fermet\u00e9<\/strong><\/span><\/p>\n<p><img loading=\"lazy\" decoding=\"async\" class=\"alignnone wp-image-78318 size-medium\" src=\"https:\/\/somieresjover.com\/wp-content\/uploads\/2025\/05\/julieta-datos-firm-300x27.png\" alt=\"\" width=\"300\" height=\"27\" srcset=\"https:\/\/somieresjover.com\/wp-content\/uploads\/2025\/05\/julieta-datos-firm-300x27.png 300w, https:\/\/somieresjover.com\/wp-content\/uploads\/2025\/05\/julieta-datos-firm-1024x92.png 1024w, https:\/\/somieresjover.com\/wp-content\/uploads\/2025\/05\/julieta-datos-firm-768x69.png 768w, https:\/\/somieresjover.com\/wp-content\/uploads\/2025\/05\/julieta-datos-firm-18x2.png 18w, https:\/\/somieresjover.com\/wp-content\/uploads\/2025\/05\/julieta-datos-firm-200x18.png 200w, https:\/\/somieresjover.com\/wp-content\/uploads\/2025\/05\/julieta-datos-firm-640x57.png 640w, https:\/\/somieresjover.com\/wp-content\/uploads\/2025\/05\/julieta-datos-firm.png 1040w\" sizes=\"(max-width: 300px) 100vw, 300px\" \/><\/p>\n<p>Visco 6 cm (50 kg) + polyur\u00e9thane 12 cm (28 kg).<\/p>\n<p>Le matelas JULIETA est un matelas qui soulage la pression et am\u00e9liore la circulation sanguine gr\u00e2ce \u00e0 sa structure \u00e0 cellules ouvertes, ce qui am\u00e9liore la ventilation et procure un meilleur repos.<\/p>\n<p><img loading=\"lazy\" decoding=\"async\" class=\"aligncenter wp-image-78316 size-large\" src=\"https:\/\/somieresjover.com\/wp-content\/uploads\/2025\/05\/JULIETA-COLCHON_NUCLEO-1024x788.png\" alt=\"\" width=\"1024\" height=\"788\" srcset=\"https:\/\/somieresjover.com\/wp-content\/uploads\/2025\/05\/JULIETA-COLCHON_NUCLEO-1024x788.png 1024w, https:\/\/somieresjover.com\/wp-content\/uploads\/2025\/05\/JULIETA-COLCHON_NUCLEO-300x231.png 300w, https:\/\/somieresjover.com\/wp-content\/uploads\/2025\/05\/JULIETA-COLCHON_NUCLEO-768x591.png 768w, https:\/\/somieresjover.com\/wp-content\/uploads\/2025\/05\/JULIETA-COLCHON_NUCLEO-16x12.png 16w, https:\/\/somieresjover.com\/wp-content\/uploads\/2025\/05\/JULIETA-COLCHON_NUCLEO-200x154.png 200w, https:\/\/somieresjover.com\/wp-content\/uploads\/2025\/05\/JULIETA-COLCHON_NUCLEO-640x492.png 640w, https:\/\/somieresjover.com\/wp-content\/uploads\/2025\/05\/JULIETA-COLCHON_NUCLEO.png 1297w\" sizes=\"(max-width: 1024px) 100vw, 1024px\" \/><\/p>\n<ol>\n<li>Fond sup\u00e9rieur en tissu extensible 290 gr\/m2 - 100% polyester.<\/li>\n<li>Visco\u00e9lastique 6 cm 50 kg - Mousse 12 cm 28 kg.<\/li>\n<li>L'enveloppe int\u00e9rieure est compos\u00e9e de 50% de polyester et de 50% de coton.<\/li>\n<li>Couvercle inf\u00e9rieur en tissu antid\u00e9rapant.<\/li>\n<\/ol>\n<p>&nbsp;<\/p>","protected":false},"featured_media":75912,"comment_status":"open","ping_status":"closed","template":"","meta":[],"product_brand":[],"product_cat":[86],"product_tag":[120],"class_list":{"0":"post-78338","1":"product","2":"type-product","3":"status-publish","4":"has-post-thumbnail","6":"product_cat-colchones","7":"product_tag-colchones-tag","9":"first","10":"instock","11":"shipping-taxable","12":"product-type-variable","13":"litho-product-5col"},"_links":{"self":[{"href":"https:\/\/somieresjover.com\/fr\/wp-json\/wp\/v2\/product\/78338","targetHints":{"allow":["GET"]}}],"collection":[{"href":"https:\/\/somieresjover.com\/fr\/wp-json\/wp\/v2\/product"}],"about":[{"href":"https:\/\/somieresjover.com\/fr\/wp-json\/wp\/v2\/types\/product"}],"replies":[{"embeddable":true,"href":"https:\/\/somieresjover.com\/fr\/wp-json\/wp\/v2\/comments?post=78338"}],"wp:featuredmedia":[{"embeddable":true,"href":"https:\/\/somieresjover.com\/fr\/wp-json\/wp\/v2\/media\/75912"}],"wp:attachment":[{"href":"https:\/\/somieresjover.com\/fr\/wp-json\/wp\/v2\/media?parent=78338"}],"wp:term":[{"taxonomy":"product_brand","embeddable":true,"href":"https:\/\/somieresjover.com\/fr\/wp-json\/wp\/v2\/product_brand?post=78338"},{"taxonomy":"product_cat","embeddable":true,"href":"https:\/\/somieresjover.com\/fr\/wp-json\/wp\/v2\/product_cat?post=78338"},{"taxonomy":"product_tag","embeddable":true,"href":"https:\/\/somieresjover.com\/fr\/wp-json\/wp\/v2\/product_tag?post=78338"}],"curies":[{"name":"wp","href":"https:\/\/api.w.org\/{rel}","templated":true}]}}