{"id":78155,"date":"2025-05-07T17:48:03","date_gmt":"2025-05-07T15:48:03","guid":{"rendered":"https:\/\/somieresjover.com\/?post_type=product&#038;p=78155"},"modified":"2025-05-07T17:50:09","modified_gmt":"2025-05-07T15:50:09","slug":"juego-de-sujeta-colchones","status":"publish","type":"product","link":"https:\/\/somieresjover.com\/fr\/tienda\/complementos\/juego-de-sujeta-colchones\/","title":{"rendered":"PORTE-MATELAS"},"content":{"rendered":"","protected":false},"excerpt":{"rendered":"<ul>\n<li>Anneaux m\u00e9talliques de 4 unit\u00e9s, qui s'enclenchent facilement sur les c\u00f4t\u00e9s du matelas pour emp\u00eacher le matelas de se d\u00e9placer pendant votre repos.<\/li>\n<li>Deux sont plac\u00e9s \u00e0 droite et deux \u00e0 gauche.<\/li>\n<li>Pour que le support de matelas soit adapt\u00e9 \u00e0 votre sommier, la distance entre les lattes de votre sommier doit \u00eatre la m\u00eame que la distance entre les clips de fixation.<\/li>\n<\/ul>","protected":false},"featured_media":76995,"comment_status":"open","ping_status":"closed","template":"","meta":[],"product_brand":[],"product_cat":[87],"product_tag":[119],"class_list":{"0":"post-78155","1":"product","2":"type-product","3":"status-publish","4":"has-post-thumbnail","6":"product_cat-complementos","7":"product_tag-complementos-tag","9":"first","10":"instock","11":"shipping-taxable","12":"product-type-simple","13":"litho-product-5col"},"_links":{"self":[{"href":"https:\/\/somieresjover.com\/fr\/wp-json\/wp\/v2\/product\/78155","targetHints":{"allow":["GET"]}}],"collection":[{"href":"https:\/\/somieresjover.com\/fr\/wp-json\/wp\/v2\/product"}],"about":[{"href":"https:\/\/somieresjover.com\/fr\/wp-json\/wp\/v2\/types\/product"}],"replies":[{"embeddable":true,"href":"https:\/\/somieresjover.com\/fr\/wp-json\/wp\/v2\/comments?post=78155"}],"wp:featuredmedia":[{"embeddable":true,"href":"https:\/\/somieresjover.com\/fr\/wp-json\/wp\/v2\/media\/76995"}],"wp:attachment":[{"href":"https:\/\/somieresjover.com\/fr\/wp-json\/wp\/v2\/media?parent=78155"}],"wp:term":[{"taxonomy":"product_brand","embeddable":true,"href":"https:\/\/somieresjover.com\/fr\/wp-json\/wp\/v2\/product_brand?post=78155"},{"taxonomy":"product_cat","embeddable":true,"href":"https:\/\/somieresjover.com\/fr\/wp-json\/wp\/v2\/product_cat?post=78155"},{"taxonomy":"product_tag","embeddable":true,"href":"https:\/\/somieresjover.com\/fr\/wp-json\/wp\/v2\/product_tag?post=78155"}],"curies":[{"name":"wp","href":"https:\/\/api.w.org\/{rel}","templated":true}]}}