{"id":77414,"date":"2025-05-06T10:39:27","date_gmt":"2025-05-06T08:39:27","guid":{"rendered":"https:\/\/somieresjover.com\/?post_type=product&#038;p=77414"},"modified":"2025-05-13T19:48:52","modified_gmt":"2025-05-13T17:48:52","slug":"arizona","status":"publish","type":"product","link":"https:\/\/somieresjover.com\/fr\/tienda\/canapes\/arizona\/","title":{"rendered":"ARIZONA"},"content":{"rendered":"<p><img decoding=\"async\" class=\"wp-image-76632 alignleft\" src=\"https:\/\/somieresjover.com\/wp-content\/uploads\/2025\/04\/iconos-15.png\" alt=\"\" width=\"60\" height=\"57\" srcset=\"https:\/\/somieresjover.com\/wp-content\/uploads\/2025\/04\/iconos-15.png 242w, https:\/\/somieresjover.com\/wp-content\/uploads\/2025\/04\/iconos-15-13x12.png 13w, https:\/\/somieresjover.com\/wp-content\/uploads\/2025\/04\/iconos-15-200x189.png 200w\" sizes=\"(max-width: 60px) 100vw, 60px\" \/><strong>Syst\u00e8me Rody:<\/strong> Rel\u00e8vement de la zone lombaire et du dossier \u00e0 l'aide de rouleaux, pour lui donner plus de fermet\u00e9 et de douceur.<\/p>\n<p>&nbsp;<\/p>\n<p><img decoding=\"async\" class=\"wp-image-76630 alignleft\" src=\"https:\/\/somieresjover.com\/wp-content\/uploads\/2025\/04\/iconos-13.png\" alt=\"\" width=\"60\" height=\"57\" srcset=\"https:\/\/somieresjover.com\/wp-content\/uploads\/2025\/04\/iconos-13.png 243w, https:\/\/somieresjover.com\/wp-content\/uploads\/2025\/04\/iconos-13-13x12.png 13w, https:\/\/somieresjover.com\/wp-content\/uploads\/2025\/04\/iconos-13-200x188.png 200w\" sizes=\"(max-width: 60px) 100vw, 60px\" \/><\/p>\n<p><strong>Support perfectionn\u00e9:<\/strong> Syst\u00e8me sans perte de lit dans son \u00e9l\u00e9vation au moyen d'un guide et d'un palier en aluminium.<\/p>\n<p>&nbsp;<\/p>\n<p><img decoding=\"async\" class=\"wp-image-76629 alignleft\" src=\"https:\/\/somieresjover.com\/wp-content\/uploads\/2025\/04\/iconos-12.png\" alt=\"\" width=\"60\" height=\"57\" srcset=\"https:\/\/somieresjover.com\/wp-content\/uploads\/2025\/04\/iconos-12.png 243w, https:\/\/somieresjover.com\/wp-content\/uploads\/2025\/04\/iconos-12-13x12.png 13w, https:\/\/somieresjover.com\/wp-content\/uploads\/2025\/04\/iconos-12-200x189.png 200w\" sizes=\"(max-width: 60px) 100vw, 60px\" \/><\/p>\n<p><strong>Syst\u00e8me d'ancrage:<\/strong> Syst\u00e8me d'ancrage pour les joints en bois sans vis.<\/p>\n<p>&nbsp;<\/p>\n<p><img loading=\"lazy\" decoding=\"async\" class=\"wp-image-76631 alignleft\" src=\"https:\/\/somieresjover.com\/wp-content\/uploads\/2025\/04\/iconos-14.png\" alt=\"\" width=\"60\" height=\"57\" srcset=\"https:\/\/somieresjover.com\/wp-content\/uploads\/2025\/04\/iconos-14.png 243w, https:\/\/somieresjover.com\/wp-content\/uploads\/2025\/04\/iconos-14-13x12.png 13w, https:\/\/somieresjover.com\/wp-content\/uploads\/2025\/04\/iconos-14-200x189.png 200w\" sizes=\"(max-width: 60px) 100vw, 60px\" \/><\/p>\n<p><strong>Articulations rembourr\u00e9es en 3D:<\/strong> Articulations rembourr\u00e9es avec cadre en bois, 10 cm de mousse de 28 kg et tissu 3D.<\/p>","protected":false},"excerpt":{"rendered":"<p><strong class=\"nomargin_parent\">Canap\u00e9 disponible en 2 hauteurs : 38\/43cm<\/strong><br \/>\n<strong class=\"nomargin_parent\">Hauteur du canap\u00e9 ferm\u00e9 +\/- 40\/45cm<\/strong><br \/>\n<strong class=\"nomargin_parent\">Capacit\u00e9 int\u00e9rieure +\/- 24\/29cm<\/strong><br \/>\n<strong class=\"nomargin_parent\">Mesures externes:<\/strong> 9 cm de plus en longueur et 13 cm de plus en largeur.<\/p>\n<p>&nbsp;<\/p>\n<ol>\n<li>Cadre de canap\u00e9 en m\u00e9lamine 25mm.<\/li>\n<li>Dos ou fond en panneau m\u00e9lamin\u00e9 de 10 mm.<\/li>\n<li>Les bases sont pli\u00e9es \u00e0 l'int\u00e9rieur du cadre du canap\u00e9.<\/li>\n<li>4 charni\u00e8res de compas avec leurs moteurs.<\/li>\n<li>Sommiers articul\u00e9s avec 5 zones de repos, rembourr\u00e9s en 3D, \u00e9galement disponibles en lattes.<\/li>\n<li>Toujours avec un moteur d'ouverture.<\/li>\n<li>Couleurs 3D : Beige, Chocolat, Noir, Anthracite, Argent.<\/li>\n<\/ol>\n<ul>\n<li>Le rembourrage est fait d'un panneau de 25 mm. Contreplaqu\u00e9 massif + 1cm de mousse + tissu 3D.<\/li>\n<\/ul>","protected":false},"featured_media":76694,"comment_status":"open","ping_status":"closed","template":"","meta":[],"product_brand":[],"product_cat":[84],"product_tag":[117],"class_list":{"0":"post-77414","1":"product","2":"type-product","3":"status-publish","4":"has-post-thumbnail","6":"product_cat-canapes","7":"product_tag-canapes-tag","9":"first","10":"instock","11":"shipping-taxable","12":"product-type-variable","13":"litho-product-5col"},"_links":{"self":[{"href":"https:\/\/somieresjover.com\/fr\/wp-json\/wp\/v2\/product\/77414","targetHints":{"allow":["GET"]}}],"collection":[{"href":"https:\/\/somieresjover.com\/fr\/wp-json\/wp\/v2\/product"}],"about":[{"href":"https:\/\/somieresjover.com\/fr\/wp-json\/wp\/v2\/types\/product"}],"replies":[{"embeddable":true,"href":"https:\/\/somieresjover.com\/fr\/wp-json\/wp\/v2\/comments?post=77414"}],"wp:featuredmedia":[{"embeddable":true,"href":"https:\/\/somieresjover.com\/fr\/wp-json\/wp\/v2\/media\/76694"}],"wp:attachment":[{"href":"https:\/\/somieresjover.com\/fr\/wp-json\/wp\/v2\/media?parent=77414"}],"wp:term":[{"taxonomy":"product_brand","embeddable":true,"href":"https:\/\/somieresjover.com\/fr\/wp-json\/wp\/v2\/product_brand?post=77414"},{"taxonomy":"product_cat","embeddable":true,"href":"https:\/\/somieresjover.com\/fr\/wp-json\/wp\/v2\/product_cat?post=77414"},{"taxonomy":"product_tag","embeddable":true,"href":"https:\/\/somieresjover.com\/fr\/wp-json\/wp\/v2\/product_tag?post=77414"}],"curies":[{"name":"wp","href":"https:\/\/api.w.org\/{rel}","templated":true}]}}