{"id":91,"date":"2020-02-06T09:08:09","date_gmt":"2020-02-06T09:08:09","guid":{"rendered":"https:\/\/litho.themezaa.com\/?page_id=91"},"modified":"2025-05-07T13:31:16","modified_gmt":"2025-05-07T11:31:16","slug":"fabricacion","status":"publish","type":"page","link":"https:\/\/somieresjover.com\/fr\/fabricacion\/","title":{"rendered":"Fabrication"},"content":{"rendered":"<div data-elementor-type=\"wp-page\" data-elementor-id=\"91\" class=\"elementor elementor-91\" data-elementor-settings=\"{&quot;ha_cmc_init_switcher&quot;:&quot;no&quot;}\" data-elementor-post-type=\"page\">\n\t\t\t\t\t\t<section class=\"elementor-section elementor-top-section elementor-element elementor-element-8f83542 elementor-section-boxed elementor-section-height-default elementor-section-height-default elementor-invisible\" data-id=\"8f83542\" data-element_type=\"section\" data-settings=\"{&quot;background_background&quot;:&quot;classic&quot;,&quot;animation&quot;:&quot;fadeIn&quot;,&quot;_ha_eqh_enable&quot;:false}\">\n\t\t\t\t\t\t<div class=\"elementor-container elementor-column-gap-default\">\n\t\t\t\t\t<div class=\"elementor-column elementor-col-100 elementor-top-column elementor-element elementor-element-dc95d52 elementor-invisible\" data-fullscreen-column-settings=\"{&quot;fullscreen&quot;:&quot;&quot;}\" data-id=\"dc95d52\" data-element_type=\"column\" data-settings=\"{&quot;animation&quot;:&quot;fadeInUp&quot;}\">\n\t\t\t<div class=\"elementor-widget-wrap elementor-element-populated\">\n\t\t\t\t\t\t<div class=\"elementor-element elementor-element-8ddef9d elementor-widget elementor-widget-litho-content-block\" data-id=\"8ddef9d\" data-element_type=\"widget\" data-settings=\"{&quot;litho_content_block_style&quot;:&quot;block-style-2&quot;}\" data-widget_type=\"litho-content-block.default\">\n\t\t\t\t<div class=\"elementor-widget-container\">\n\t\t\t\t\t\t\t\t<div class=\"content-block content-block-style-2\">\n\t\t\t\t<img decoding=\"async\" src=\"\" alt=\"\"  \/>\t\t\t\t\t\t<div class=\"content-wrap\"><span class=\"vertical-separator\"><\/span><div class=\"title\">Fabrication int\u00e9grale<\/div><div class=\"content\"><p class=\"\" data-start=\"233\" data-end=\"746\">Chez Jover Somieres de Descanso, nous concevons la fabrication int\u00e9grale comme un processus qui englobe toutes les \u00e9tapes de la production, depuis la s\u00e9lection des mati\u00e8res premi\u00e8res jusqu'au produit final. Cette approche nous permet de contr\u00f4ler chaque \u00e9tape du processus, ce qui garantit la qualit\u00e9 et l'efficacit\u00e9 maximales de nos produits. En int\u00e9grant des technologies de pointe et une \u00e9quipe hautement qualifi\u00e9e, nous garantissons des solutions de repos qui r\u00e9pondent aux normes les plus \u00e9lev\u00e9es du march\u00e9.<\/p><\/div><\/div>\n\t\t\t\t\t\t\t\t\t<\/div>\n\t\t\t\t\t\t\t<\/div>\n\t\t\t\t<\/div>\n\t\t\t\t\t<\/div>\n\t\t<\/div>\n\t\t\t\t\t<\/div>\n\t\t<\/section>\n\t\t\t\t<section data-parallax-section-settings=\"{&quot;parallax_ratio&quot;:0.1,&quot;parallax&quot;:&quot;parallax&quot;}\" class=\"elementor-section elementor-top-section elementor-element elementor-element-9b62c7c elementor-reverse-mobile elementor-section-boxed elementor-section-height-default elementor-section-height-default\" data-id=\"9b62c7c\" data-element_type=\"section\" data-settings=\"{&quot;background_background&quot;:&quot;classic&quot;,&quot;_ha_eqh_enable&quot;:false}\">\n\t\t\t\t\t\t\t<div class=\"elementor-background-overlay\"><\/div>\n\t\t\t\t\t\t\t<div class=\"elementor-container elementor-column-gap-default\">\n\t\t\t\t\t<div class=\"elementor-column elementor-col-50 elementor-top-column elementor-element elementor-element-02bf897 elementor-invisible\" data-fullscreen-column-settings=\"{&quot;fullscreen&quot;:&quot;&quot;}\" data-id=\"02bf897\" data-element_type=\"column\" data-settings=\"{&quot;animation&quot;:&quot;fadeIn&quot;,&quot;animation_delay&quot;:100}\">\n\t\t\t<div class=\"elementor-widget-wrap elementor-element-populated\">\n\t\t\t\t\t\t<div class=\"elementor-element elementor-element-33c41fe elementor-widget elementor-widget-litho-heading\" data-id=\"33c41fe\" data-element_type=\"widget\" data-widget_type=\"litho-heading.default\">\n\t\t\t\t<div class=\"elementor-widget-container\">\n\t\t\t\t\t<h4 class=\"litho-heading elementor-size-default\"><span class=\"litho-primary-title\">Fabrication m\u00e9tallique<\/span><\/h4>\t\t\t\t<\/div>\n\t\t\t\t<\/div>\n\t\t\t\t<div class=\"elementor-element elementor-element-f4ad72e elementor-widget-mobile__width-inherit elementor-widget elementor-widget-litho-heading\" data-id=\"f4ad72e\" data-element_type=\"widget\" data-widget_type=\"litho-heading.default\">\n\t\t\t\t<div class=\"elementor-widget-container\">\n\t\t\t\t\t<span class=\"litho-heading elementor-size-default\"><span class=\"litho-primary-title\">Chez Jover, nous s\u00e9lectionnons des aciers de haute qualit\u00e9 pour fabriquer des cadres solides et durables, garantissant la r\u00e9sistance n\u00e9cessaire \u00e0 chaque sommier et canap\u00e9. Nous utilisons des proc\u00e9d\u00e9s de d\u00e9coupe CNC, de cintrage de profil\u00e9s et de soudage sp\u00e9cialis\u00e9 pour fa\u00e7onner et assembler les structures m\u00e9talliques conform\u00e9ment \u00e0 la conception. Chaque pi\u00e8ce subit un traitement anticorrosion et une peinture \u00e9lectrostatique avant l'assemblage final avec les composants en bois et en plastique, ce qui garantit une finition esth\u00e9tique et une excellente protection contre l'usure.<\/span><\/span>\t\t\t\t<\/div>\n\t\t\t\t<\/div>\n\t\t\t\t\t<\/div>\n\t\t<\/div>\n\t\t\t\t<div class=\"elementor-column elementor-col-50 elementor-top-column elementor-element elementor-element-18419a7 elementor-hidden-phone elementor-invisible\" data-fullscreen-column-settings=\"{&quot;fullscreen&quot;:&quot;&quot;}\" data-id=\"18419a7\" data-element_type=\"column\" data-settings=\"{&quot;animation&quot;:&quot;fadeIn&quot;}\">\n\t\t\t<div class=\"elementor-widget-wrap elementor-element-populated\">\n\t\t\t\t\t\t<div class=\"elementor-element elementor-element-fa3bd70 elementor-widget elementor-widget-video\" data-id=\"fa3bd70\" data-element_type=\"widget\" data-settings=\"{&quot;video_type&quot;:&quot;hosted&quot;,&quot;mute&quot;:&quot;yes&quot;,&quot;controls&quot;:&quot;yes&quot;}\" data-widget_type=\"video.default\">\n\t\t\t\t<div class=\"elementor-widget-container\">\n\t\t\t\t\t\t\t<div class=\"e-hosted-video elementor-wrapper elementor-open-inline\">\n\t\t\t\t\t<video class=\"elementor-video\" src=\"https:\/\/somieresjover.com\/wp-content\/uploads\/2025\/04\/video-jover-metal_bzQH5vnU.mp4\" controls=\"\" preload=\"metadata\" muted=\"muted\" controlslist=\"nodownload\" poster=\"https:\/\/somieresjover.com\/wp-content\/uploads\/2025\/04\/metal.jpg\"><\/video>\n\t\t\t\t<\/div>\n\t\t\t\t\t\t<\/div>\n\t\t\t\t<\/div>\n\t\t\t\t\t<\/div>\n\t\t<\/div>\n\t\t\t\t\t<\/div>\n\t\t<\/section>\n\t\t\t\t<section data-parallax-section-settings=\"{&quot;parallax_ratio&quot;:0.1,&quot;parallax&quot;:&quot;parallax&quot;}\" class=\"elementor-section elementor-top-section elementor-element elementor-element-b61e68f elementor-reverse-mobile elementor-section-boxed elementor-section-height-default elementor-section-height-default\" data-id=\"b61e68f\" data-element_type=\"section\" data-settings=\"{&quot;background_background&quot;:&quot;classic&quot;,&quot;_ha_eqh_enable&quot;:false}\">\n\t\t\t\t\t\t\t<div class=\"elementor-background-overlay\"><\/div>\n\t\t\t\t\t\t\t<div class=\"elementor-container elementor-column-gap-default\">\n\t\t\t\t\t<div class=\"elementor-column elementor-col-50 elementor-top-column elementor-element elementor-element-9f8f36a elementor-invisible\" data-fullscreen-column-settings=\"{&quot;fullscreen&quot;:&quot;&quot;}\" data-id=\"9f8f36a\" data-element_type=\"column\" data-settings=\"{&quot;animation&quot;:&quot;fadeIn&quot;,&quot;animation_delay&quot;:100}\">\n\t\t\t<div class=\"elementor-widget-wrap elementor-element-populated\">\n\t\t\t\t\t\t<div class=\"elementor-element elementor-element-87c4715 elementor-widget elementor-widget-litho-heading\" data-id=\"87c4715\" data-element_type=\"widget\" data-widget_type=\"litho-heading.default\">\n\t\t\t\t<div class=\"elementor-widget-container\">\n\t\t\t\t\t<h4 class=\"litho-heading elementor-size-default\"><span class=\"litho-primary-title\">Fabrication du bois<\/span><\/h4>\t\t\t\t<\/div>\n\t\t\t\t<\/div>\n\t\t\t\t<div class=\"elementor-element elementor-element-d6e4c39 elementor-widget-mobile__width-inherit elementor-widget elementor-widget-litho-heading\" data-id=\"d6e4c39\" data-element_type=\"widget\" data-widget_type=\"litho-heading.default\">\n\t\t\t\t<div class=\"elementor-widget-container\">\n\t\t\t\t\t<span class=\"litho-heading elementor-size-default\"><span class=\"litho-primary-title\">Le bois est un \u00e9l\u00e9ment essentiel de nos produits, car il apporte chaleur et confort. Nous s\u00e9lectionnons avec soin des bois de haute qualit\u00e9, comme le h\u00eatre, connu pour sa r\u00e9sistance et sa flexibilit\u00e9. Le processus de fabrication commence par le s\u00e9chage et le traitement du bois pour assurer sa stabilit\u00e9 et sa durabilit\u00e9. Ensuite, les pi\u00e8ces sont coup\u00e9es et usin\u00e9es, cr\u00e9ant des moulures et des lattes qui s'adaptent aux besoins ergonomiques du repos. Chaque \u00e9l\u00e9ment en bois est soumis \u00e0 un processus de pon\u00e7age et de finition, avec l'application de vernis ou de laques \u00e9cologiques qui mettent en valeur sa beaut\u00e9 naturelle et prot\u00e8gent la surface. Le r\u00e9sultat est un produit qui allie fonctionnalit\u00e9 et esth\u00e9tique, offrant une exp\u00e9rience de sommeil sup\u00e9rieure.<\/span><\/span>\t\t\t\t<\/div>\n\t\t\t\t<\/div>\n\t\t\t\t\t<\/div>\n\t\t<\/div>\n\t\t\t\t<div class=\"elementor-column elementor-col-50 elementor-top-column elementor-element elementor-element-19a8e89 elementor-hidden-phone elementor-invisible\" data-fullscreen-column-settings=\"{&quot;fullscreen&quot;:&quot;&quot;}\" data-id=\"19a8e89\" data-element_type=\"column\" data-settings=\"{&quot;animation&quot;:&quot;fadeIn&quot;}\">\n\t\t\t<div class=\"elementor-widget-wrap elementor-element-populated\">\n\t\t\t\t\t\t<div class=\"elementor-element elementor-element-2a17da6 elementor-widget elementor-widget-video\" data-id=\"2a17da6\" data-element_type=\"widget\" data-settings=\"{&quot;video_type&quot;:&quot;hosted&quot;,&quot;mute&quot;:&quot;yes&quot;,&quot;controls&quot;:&quot;yes&quot;}\" data-widget_type=\"video.default\">\n\t\t\t\t<div class=\"elementor-widget-container\">\n\t\t\t\t\t\t\t<div class=\"e-hosted-video elementor-wrapper elementor-open-inline\">\n\t\t\t\t\t<video class=\"elementor-video\" src=\"https:\/\/somieresjover.com\/wp-content\/uploads\/2025\/04\/video-jover-madera_p7T9IWsJ.mp4\" controls=\"\" preload=\"metadata\" muted=\"muted\" controlslist=\"nodownload\" poster=\"https:\/\/somieresjover.com\/wp-content\/uploads\/2025\/04\/TABACO-scaled.jpg\"><\/video>\n\t\t\t\t<\/div>\n\t\t\t\t\t\t<\/div>\n\t\t\t\t<\/div>\n\t\t\t\t\t<\/div>\n\t\t<\/div>\n\t\t\t\t\t<\/div>\n\t\t<\/section>\n\t\t\t\t<section data-parallax-section-settings=\"{&quot;parallax_ratio&quot;:0.1,&quot;parallax&quot;:&quot;parallax&quot;}\" class=\"elementor-section elementor-top-section elementor-element elementor-element-0073848 elementor-reverse-mobile elementor-section-boxed elementor-section-height-default elementor-section-height-default\" data-id=\"0073848\" data-element_type=\"section\" data-settings=\"{&quot;background_background&quot;:&quot;classic&quot;,&quot;_ha_eqh_enable&quot;:false}\">\n\t\t\t\t\t\t\t<div class=\"elementor-background-overlay\"><\/div>\n\t\t\t\t\t\t\t<div class=\"elementor-container elementor-column-gap-default\">\n\t\t\t\t\t<div class=\"elementor-column elementor-col-50 elementor-top-column elementor-element elementor-element-b6a9c53 elementor-invisible\" data-fullscreen-column-settings=\"{&quot;fullscreen&quot;:&quot;&quot;}\" data-id=\"b6a9c53\" data-element_type=\"column\" data-settings=\"{&quot;animation&quot;:&quot;fadeIn&quot;,&quot;animation_delay&quot;:100}\">\n\t\t\t<div class=\"elementor-widget-wrap elementor-element-populated\">\n\t\t\t\t\t\t<div class=\"elementor-element elementor-element-ff87569 elementor-widget elementor-widget-litho-heading\" data-id=\"ff87569\" data-element_type=\"widget\" data-widget_type=\"litho-heading.default\">\n\t\t\t\t<div class=\"elementor-widget-container\">\n\t\t\t\t\t<h4 class=\"litho-heading elementor-size-default\"><span class=\"litho-primary-title\">Fabrication de plastique<\/span><\/h4>\t\t\t\t<\/div>\n\t\t\t\t<\/div>\n\t\t\t\t<div class=\"elementor-element elementor-element-61654e5 elementor-widget-mobile__width-inherit elementor-widget elementor-widget-litho-heading\" data-id=\"61654e5\" data-element_type=\"widget\" data-widget_type=\"litho-heading.default\">\n\t\t\t\t<div class=\"elementor-widget-container\">\n\t\t\t\t\t<span class=\"litho-heading elementor-size-default\"><span class=\"litho-primary-title\">Dans notre cha\u00eene de fabrication de composants en plastique, nous utilisons des technologies de pointe telles que l'impression 3D et le moulage par injection. L'impression 3D nous permet de cr\u00e9er des prototypes et de d\u00e9velopper des pi\u00e8ces \u00e0 g\u00e9om\u00e9trie complexe de mani\u00e8re rapide et efficace. Une fois la conception valid\u00e9e, nous utilisons le moulage par injection pour la production en s\u00e9rie, ce qui garantit la pr\u00e9cision et l'uniformit\u00e9 de chaque composant. Les plastiques utilis\u00e9s sont s\u00e9lectionn\u00e9s pour leur r\u00e9sistance et leur durabilit\u00e9, ce qui garantit des performances optimales dans des applications telles que les r\u00e9gulateurs de fermet\u00e9 et les connecteurs. Cette approche nous permet de proposer des produits innovants adapt\u00e9s aux besoins sp\u00e9cifiques de nos clients.<\/span><\/span>\t\t\t\t<\/div>\n\t\t\t\t<\/div>\n\t\t\t\t\t<\/div>\n\t\t<\/div>\n\t\t\t\t<div class=\"elementor-column elementor-col-50 elementor-top-column elementor-element elementor-element-5c96618 elementor-hidden-phone elementor-invisible\" data-fullscreen-column-settings=\"{&quot;fullscreen&quot;:&quot;&quot;}\" data-id=\"5c96618\" data-element_type=\"column\" data-settings=\"{&quot;animation&quot;:&quot;fadeIn&quot;}\">\n\t\t\t<div class=\"elementor-widget-wrap elementor-element-populated\">\n\t\t\t\t\t\t<div class=\"elementor-element elementor-element-1fc90fc elementor-widget elementor-widget-video\" data-id=\"1fc90fc\" data-element_type=\"widget\" data-settings=\"{&quot;video_type&quot;:&quot;hosted&quot;,&quot;mute&quot;:&quot;yes&quot;,&quot;controls&quot;:&quot;yes&quot;}\" data-widget_type=\"video.default\">\n\t\t\t\t<div class=\"elementor-widget-container\">\n\t\t\t\t\t\t\t<div class=\"e-hosted-video elementor-wrapper elementor-open-inline\">\n\t\t\t\t\t<video class=\"elementor-video\" src=\"https:\/\/somieresjover.com\/wp-content\/uploads\/2025\/04\/video-jover-plasticos_cvmFJ5lY.mp4\" controls=\"\" preload=\"metadata\" muted=\"muted\" controlslist=\"nodownload\" poster=\"https:\/\/somieresjover.com\/wp-content\/uploads\/2025\/04\/regulador-firmeza.jpg\"><\/video>\n\t\t\t\t<\/div>\n\t\t\t\t\t\t<\/div>\n\t\t\t\t<\/div>\n\t\t\t\t\t<\/div>\n\t\t<\/div>\n\t\t\t\t\t<\/div>\n\t\t<\/section>\n\t\t\t\t<\/div>","protected":false},"excerpt":{"rendered":"<p>Fabricaci\u00f3n Integral En Jover Somieres de Descanso, entendemos la fabricaci\u00f3n integral como un proceso que abarca todas las etapas de producci\u00f3n, desde la selecci\u00f3n de materias primas hasta el producto final. Este enfoque nos permite controlar cada fase del proceso, asegurando la m\u00e1xima calidad y eficiencia en nuestros productos. Al integrar tecnolog\u00edas avanzadas y un [&hellip;]<\/p>","protected":false},"author":3,"featured_media":0,"parent":0,"menu_order":257,"comment_status":"closed","ping_status":"closed","template":"","meta":{"footnotes":""},"class_list":["post-91","page","type-page","status-publish","hentry"],"_links":{"self":[{"href":"https:\/\/somieresjover.com\/fr\/wp-json\/wp\/v2\/pages\/91","targetHints":{"allow":["GET"]}}],"collection":[{"href":"https:\/\/somieresjover.com\/fr\/wp-json\/wp\/v2\/pages"}],"about":[{"href":"https:\/\/somieresjover.com\/fr\/wp-json\/wp\/v2\/types\/page"}],"author":[{"embeddable":true,"href":"https:\/\/somieresjover.com\/fr\/wp-json\/wp\/v2\/users\/3"}],"replies":[{"embeddable":true,"href":"https:\/\/somieresjover.com\/fr\/wp-json\/wp\/v2\/comments?post=91"}],"version-history":[{"count":35,"href":"https:\/\/somieresjover.com\/fr\/wp-json\/wp\/v2\/pages\/91\/revisions"}],"predecessor-version":[{"id":77916,"href":"https:\/\/somieresjover.com\/fr\/wp-json\/wp\/v2\/pages\/91\/revisions\/77916"}],"wp:attachment":[{"href":"https:\/\/somieresjover.com\/fr\/wp-json\/wp\/v2\/media?parent=91"}],"curies":[{"name":"wp","href":"https:\/\/api.w.org\/{rel}","templated":true}]}}