{"id":77517,"date":"2025-05-06T12:21:29","date_gmt":"2025-05-06T10:21:29","guid":{"rendered":"https:\/\/somieresjover.com\/?page_id=77517"},"modified":"2025-09-25T11:57:59","modified_gmt":"2025-09-25T09:57:59","slug":"sostenibilidad","status":"publish","type":"page","link":"https:\/\/somieresjover.com\/fr\/sostenibilidad\/","title":{"rendered":"Durabilit\u00e9"},"content":{"rendered":"<div data-elementor-type=\"wp-page\" data-elementor-id=\"77517\" class=\"elementor elementor-77517\" data-elementor-settings=\"{&quot;ha_cmc_init_switcher&quot;:&quot;no&quot;}\" data-elementor-post-type=\"page\">\n\t\t\t\t\t\t<section data-parallax-section-settings=\"{&quot;parallax_ratio&quot;:0.5,&quot;parallax&quot;:&quot;parallax&quot;}\" class=\"elementor-section elementor-top-section elementor-element elementor-element-8fead30 elementor-section-stretched elementor-section-boxed elementor-section-height-default elementor-section-height-default elementor-invisible\" data-id=\"8fead30\" data-element_type=\"section\" data-settings=\"{&quot;stretch_section&quot;:&quot;section-stretched&quot;,&quot;background_background&quot;:&quot;classic&quot;,&quot;animation&quot;:&quot;fadeIn&quot;,&quot;_ha_eqh_enable&quot;:false}\">\n\t\t\t\t\t\t\t<div class=\"elementor-background-overlay\"><\/div>\n\t\t\t\t\t\t\t<div class=\"elementor-container elementor-column-gap-default\">\n\t\t\t\t\t<div class=\"elementor-column elementor-col-100 elementor-top-column elementor-element elementor-element-95cb938\" data-fullscreen-column-settings=\"{&quot;fullscreen&quot;:&quot;&quot;}\" data-id=\"95cb938\" data-element_type=\"column\">\n\t\t\t<div class=\"elementor-widget-wrap elementor-element-populated\">\n\t\t\t\t\t\t<section class=\"elementor-section elementor-inner-section elementor-element elementor-element-87b047b elementor-section-boxed elementor-section-height-default elementor-section-height-default\" data-id=\"87b047b\" data-element_type=\"section\" data-settings=\"{&quot;_ha_eqh_enable&quot;:false}\">\n\t\t\t\t\t\t<div class=\"elementor-container elementor-column-gap-default\">\n\t\t\t\t\t<div class=\"elementor-column elementor-col-16 elementor-inner-column elementor-element elementor-element-1b58dd3 elementor-hidden-phone\" data-fullscreen-column-settings=\"{&quot;fullscreen&quot;:&quot;&quot;}\" data-id=\"1b58dd3\" data-element_type=\"column\">\n\t\t\t<div class=\"elementor-widget-wrap\">\n\t\t\t\t\t\t\t<\/div>\n\t\t<\/div>\n\t\t\t\t<div class=\"elementor-column elementor-col-66 elementor-inner-column elementor-element elementor-element-56dd932\" data-fullscreen-column-settings=\"{&quot;fullscreen&quot;:&quot;&quot;}\" data-id=\"56dd932\" data-element_type=\"column\">\n\t\t\t<div class=\"elementor-widget-wrap elementor-element-populated\">\n\t\t\t\t\t\t<div class=\"elementor-element elementor-element-63e25b4 elementor-widget elementor-widget-litho-heading\" data-id=\"63e25b4\" data-element_type=\"widget\" data-widget_type=\"litho-heading.default\">\n\t\t\t\t<div class=\"elementor-widget-container\">\n\t\t\t\t\t<h5 class=\"litho-heading elementor-size-default\"><span class=\"litho-primary-title\">PROJET D'INSTALLATION SOLAIRE DE JOVER-TERUEL POUR LES SOMMIERS ET LES MATELAS<\/span><\/h5>\t\t\t\t<\/div>\n\t\t\t\t<\/div>\n\t\t\t\t<div class=\"elementor-element elementor-element-d1e3164 elementor-widget-divider--view-line elementor-widget elementor-widget-divider\" data-id=\"d1e3164\" data-element_type=\"widget\" data-widget_type=\"divider.default\">\n\t\t\t\t<div class=\"elementor-widget-container\">\n\t\t\t\t\t\t\t<div class=\"elementor-divider\">\n\t\t\t<span class=\"elementor-divider-separator\">\n\t\t\t\t\t\t<\/span>\n\t\t<\/div>\n\t\t\t\t\t\t<\/div>\n\t\t\t\t<\/div>\n\t\t\t\t\t<\/div>\n\t\t<\/div>\n\t\t\t\t<div class=\"elementor-column elementor-col-16 elementor-inner-column elementor-element elementor-element-1df2a77 elementor-hidden-phone\" data-fullscreen-column-settings=\"{&quot;fullscreen&quot;:&quot;&quot;}\" data-id=\"1df2a77\" data-element_type=\"column\">\n\t\t\t<div class=\"elementor-widget-wrap\">\n\t\t\t\t\t\t\t<\/div>\n\t\t<\/div>\n\t\t\t\t\t<\/div>\n\t\t<\/section>\n\t\t\t\t<section class=\"elementor-section elementor-inner-section elementor-element elementor-element-1683831 elementor-section-boxed elementor-section-height-default elementor-section-height-default\" data-id=\"1683831\" data-element_type=\"section\" data-settings=\"{&quot;_ha_eqh_enable&quot;:false}\">\n\t\t\t\t\t\t<div class=\"elementor-container elementor-column-gap-default\">\n\t\t\t\t\t<div class=\"elementor-column elementor-col-100 elementor-inner-column elementor-element elementor-element-c22604f elementor-invisible\" data-fullscreen-column-settings=\"{&quot;fullscreen&quot;:&quot;&quot;}\" data-id=\"c22604f\" data-element_type=\"column\" data-settings=\"{&quot;animation&quot;:&quot;fadeIn&quot;,&quot;animation_delay&quot;:200}\">\n\t\t\t<div class=\"elementor-widget-wrap elementor-element-populated\">\n\t\t\t\t\t\t<section class=\"elementor-section elementor-inner-section elementor-element elementor-element-6e52700 elementor-section-boxed elementor-section-height-default elementor-section-height-default\" data-id=\"6e52700\" data-element_type=\"section\" data-settings=\"{&quot;_ha_eqh_enable&quot;:false}\">\n\t\t\t\t\t\t<div class=\"elementor-container elementor-column-gap-default\">\n\t\t\t\t\t<div class=\"elementor-column elementor-col-100 elementor-inner-column elementor-element elementor-element-85ef23a elementor-invisible\" data-fullscreen-column-settings=\"{&quot;fullscreen&quot;:&quot;&quot;}\" data-id=\"85ef23a\" data-element_type=\"column\" data-settings=\"{&quot;animation&quot;:&quot;fadeIn&quot;}\">\n\t\t\t<div class=\"elementor-widget-wrap elementor-element-populated\">\n\t\t\t\t\t\t<div class=\"elementor-element elementor-element-9ecd3ee elementor-position-left elementor-view-default elementor-mobile-position-top elementor-vertical-align-top elementor-widget elementor-widget-litho-icon-box\" data-id=\"9ecd3ee\" data-element_type=\"widget\" data-widget_type=\"litho-icon-box.default\">\n\t\t\t\t<div class=\"elementor-widget-container\">\n\t\t\t\t\t\t\t\t<div class=\"elementor-icon-box-wrapper litho-icon-box-wrapper\">\n\t\t\t\t\t\t\t\t\t<div class=\"elementor-icon-box-icon\">\t\t\t\t\t<span class=\"elementor-icon elementor-animation-\" >\n\t\t\t\t\t\t<i aria-hidden=\"true\" class=\"huge huge-eco-power\"><\/i>\t\t\t\t\t\t<span class=\"screen-reader-text\">Icon<\/span>\n\t\t\t\t\t<\/span>\n\t\t\t\t<\/div>\n\t\t\t\t\t\t\t\t\t<div class=\"elementor-icon-box-content\">\n\t\t\t\t\t\t\t\t\t\t\t<span class=\"elementor-icon-box-title\"><span >#Planderelance<\/span>\n\t\t\t\t\t\t<\/span>\n\t\t\t\t\t\t\t\t\t\t<p class=\"elementor-icon-box-description\">Projet inclus dans le programme d'incitations li\u00e9es \u00e0 l'autoconsommation et au stockage, avec des sources d'\u00e9nergie renouvelables, ainsi que la mise en \u0153uvre de syst\u00e8mes thermiques renouvelables dans le secteur r\u00e9sidentiel dans le cadre du programme d'incitations li\u00e9es \u00e0 l'autoconsommation et au stockage, avec des sources d'\u00e9nergie renouvelables.\nLe projet est inclus dans le programme d'incitations li\u00e9es \u00e0 l'autoconsommation et au stockage, avec des sources d'\u00e9nergie renouvelables, ainsi que la mise en place de syst\u00e8mes thermiques renouvelables dans le secteur r\u00e9sidentiel dans le cadre du\nRecovery, Transformation and Resilience Plan, financ\u00e9 par l'Union europ\u00e9enne - NextGenerationEU.  <\/p>\n\t\t\t\t\t\t\t\t\t\t\t\t\t\t<\/div>\n\t\t\t<\/div>\n\t\t\t\t\t\t\t<\/div>\n\t\t\t\t<\/div>\n\t\t\t\t\t<\/div>\n\t\t<\/div>\n\t\t\t\t\t<\/div>\n\t\t<\/section>\n\t\t\t\t\t<\/div>\n\t\t<\/div>\n\t\t\t\t\t<\/div>\n\t\t<\/section>\n\t\t\t\t\t<\/div>\n\t\t<\/div>\n\t\t\t\t\t<\/div>\n\t\t<\/section>\n\t\t\t\t<section class=\"elementor-section elementor-top-section elementor-element elementor-element-cbc8266 elementor-section-stretched elementor-section-full_width elementor-section-height-default elementor-section-height-default elementor-invisible\" data-id=\"cbc8266\" data-element_type=\"section\" data-settings=\"{&quot;stretch_section&quot;:&quot;section-stretched&quot;,&quot;animation&quot;:&quot;fadeIn&quot;,&quot;_ha_eqh_enable&quot;:false}\">\n\t\t\t\t\t\t<div class=\"elementor-container elementor-column-gap-default\">\n\t\t\t\t\t<div class=\"elementor-column elementor-col-100 elementor-top-column elementor-element elementor-element-f3932f5\" data-fullscreen-column-settings=\"{&quot;fullscreen&quot;:&quot;&quot;}\" data-id=\"f3932f5\" data-element_type=\"column\">\n\t\t\t<div class=\"elementor-widget-wrap elementor-element-populated\">\n\t\t\t\t\t\t<div class=\"elementor-element elementor-element-d084ad5 elementor-widget elementor-widget-image\" data-id=\"d084ad5\" data-element_type=\"widget\" data-widget_type=\"image.default\">\n\t\t\t\t<div class=\"elementor-widget-container\">\n\t\t\t\t\t\t\t\t\t\t\t\t\t\t\t<img decoding=\"async\" src=\"https:\/\/somieresjover.com\/wp-content\/uploads\/2021\/05\/litho-1500x550-ph.jpg\" title=\"\" alt=\"\" loading=\"lazy\" \/>\t\t\t\t\t\t\t\t\t\t\t\t\t\t\t<\/div>\n\t\t\t\t<\/div>\n\t\t\t\t\t<\/div>\n\t\t<\/div>\n\t\t\t\t\t<\/div>\n\t\t<\/section>\n\t\t\t\t<section class=\"elementor-section elementor-top-section elementor-element elementor-element-75d3482 elementor-section-boxed elementor-section-height-default elementor-section-height-default elementor-invisible\" data-id=\"75d3482\" data-element_type=\"section\" data-settings=\"{&quot;animation&quot;:&quot;fadeIn&quot;,&quot;_ha_eqh_enable&quot;:false}\">\n\t\t\t\t\t\t<div class=\"elementor-container elementor-column-gap-default\">\n\t\t\t\t\t<div class=\"elementor-column elementor-col-100 elementor-top-column elementor-element elementor-element-badb7c5\" data-fullscreen-column-settings=\"{&quot;fullscreen&quot;:&quot;&quot;}\" data-id=\"badb7c5\" data-element_type=\"column\">\n\t\t\t<div class=\"elementor-widget-wrap elementor-element-populated\">\n\t\t\t\t\t\t<section class=\"elementor-section elementor-inner-section elementor-element elementor-element-e64b12f elementor-section-full_width elementor-section-content-middle elementor-section-height-default elementor-section-height-default\" data-id=\"e64b12f\" data-element_type=\"section\" data-settings=\"{&quot;background_background&quot;:&quot;classic&quot;,&quot;_ha_eqh_enable&quot;:false}\">\n\t\t\t\t\t\t<div class=\"elementor-container elementor-column-gap-default\">\n\t\t\t\t\t<div class=\"elementor-column elementor-col-100 elementor-inner-column elementor-element elementor-element-5cb2a8a\" data-fullscreen-column-settings=\"{&quot;fullscreen&quot;:&quot;&quot;}\" data-id=\"5cb2a8a\" data-element_type=\"column\" data-settings=\"{&quot;background_background&quot;:&quot;classic&quot;}\">\n\t\t\t<div class=\"elementor-widget-wrap elementor-element-populated\">\n\t\t\t\t\t\t<div class=\"elementor-element elementor-element-d99b006 elementor-widget-mobile__width-initial elementor-widget elementor-widget-text-editor\" data-id=\"d99b006\" data-element_type=\"widget\" data-widget_type=\"text-editor.default\">\n\t\t\t\t<div class=\"elementor-widget-container\">\n\t\t\t\t\t\t\t\t\t<p><strong>B\u00e9n\u00e9ficiaire : SOMIERES Y COLCHONES JOVER, S.L.<\/strong><br \/><strong>Composante (C7:l1) : d\u00e9ploiement et int\u00e9gration des \u00e9nergies renouvelables.<\/strong><br \/><strong>Inversi\u00f3n total: \u00a068.120,85\u20ac<\/strong><br \/><strong>Importe de la ayuda: 14.580,93\u20ac<\/strong><br \/><strong>Potencia (kW): 45,78 KWP<\/strong><br \/><strong>D\u00e9cret royal 477\/2021<\/strong><\/p>\t\t\t\t\t\t\t\t<\/div>\n\t\t\t\t<\/div>\n\t\t\t\t<div class=\"elementor-element elementor-element-8ccc087 elementor-widget elementor-widget-image\" data-id=\"8ccc087\" data-element_type=\"widget\" data-widget_type=\"image.default\">\n\t\t\t\t<div class=\"elementor-widget-container\">\n\t\t\t\t\t\t\t\t\t\t\t\t\t\t\t<img fetchpriority=\"high\" decoding=\"async\" width=\"1024\" height=\"67\" src=\"https:\/\/somieresjover.com\/wp-content\/uploads\/2025\/05\/pies-1-1024x67.png?wsr\" class=\"attachment-large size-large wp-image-77532\" alt=\"pies-1\" srcset=\"https:\/\/somieresjover.com\/wp-content\/uploads\/2025\/05\/pies-1-1024x67.png 1024w, https:\/\/somieresjover.com\/wp-content\/uploads\/2025\/05\/pies-1-300x20.png 300w, https:\/\/somieresjover.com\/wp-content\/uploads\/2025\/05\/pies-1-768x50.png 768w, https:\/\/somieresjover.com\/wp-content\/uploads\/2025\/05\/pies-1-1536x100.png 1536w, https:\/\/somieresjover.com\/wp-content\/uploads\/2025\/05\/pies-1-18x1.png 18w, https:\/\/somieresjover.com\/wp-content\/uploads\/2025\/05\/pies-1-200x13.png 200w, https:\/\/somieresjover.com\/wp-content\/uploads\/2025\/05\/pies-1-1568x102.png 1568w, https:\/\/somieresjover.com\/wp-content\/uploads\/2025\/05\/pies-1-640x42.png 640w, https:\/\/somieresjover.com\/wp-content\/uploads\/2025\/05\/pies-1.png 1640w\" sizes=\"(max-width: 1024px) 100vw, 1024px\" \/>\t\t\t\t\t\t\t\t\t\t\t\t\t\t\t<\/div>\n\t\t\t\t<\/div>\n\t\t\t\t\t<\/div>\n\t\t<\/div>\n\t\t\t\t\t<\/div>\n\t\t<\/section>\n\t\t\t\t\t<\/div>\n\t\t<\/div>\n\t\t\t\t\t<\/div>\n\t\t<\/section>\n\t\t\t\t<\/div>","protected":false},"excerpt":{"rendered":"<p>PROYECTO INSTALACION SOLAR SOMIERES Y COLCHONES JOVER-TERUEL Icon #PlanDeRecuperaci\u00f3n Proyecto acogido al programa de incentivos ligados al autoconsumo y almacenamiento, con fuentes de energ\u00eda renovable, as\u00ed como a la implantaci\u00f3n de sistemas t\u00e9rmicos renovables en el sector residencial en el marco del Plan de Recuperaci\u00f3n, Transformaci\u00f3n y Resiliencia, financiado por la Uni\u00f3n Europea \u2013 NextGenerationEU [&hellip;]<\/p>","protected":false},"author":2,"featured_media":0,"parent":0,"menu_order":257,"comment_status":"closed","ping_status":"closed","template":"","meta":{"footnotes":""},"class_list":["post-77517","page","type-page","status-publish","hentry"],"_links":{"self":[{"href":"https:\/\/somieresjover.com\/fr\/wp-json\/wp\/v2\/pages\/77517","targetHints":{"allow":["GET"]}}],"collection":[{"href":"https:\/\/somieresjover.com\/fr\/wp-json\/wp\/v2\/pages"}],"about":[{"href":"https:\/\/somieresjover.com\/fr\/wp-json\/wp\/v2\/types\/page"}],"author":[{"embeddable":true,"href":"https:\/\/somieresjover.com\/fr\/wp-json\/wp\/v2\/users\/2"}],"replies":[{"embeddable":true,"href":"https:\/\/somieresjover.com\/fr\/wp-json\/wp\/v2\/comments?post=77517"}],"version-history":[{"count":22,"href":"https:\/\/somieresjover.com\/fr\/wp-json\/wp\/v2\/pages\/77517\/revisions"}],"predecessor-version":[{"id":80543,"href":"https:\/\/somieresjover.com\/fr\/wp-json\/wp\/v2\/pages\/77517\/revisions\/80543"}],"wp:attachment":[{"href":"https:\/\/somieresjover.com\/fr\/wp-json\/wp\/v2\/media?parent=77517"}],"curies":[{"name":"wp","href":"https:\/\/api.w.org\/{rel}","templated":true}]}}