{"id":77461,"date":"2025-05-06T11:58:26","date_gmt":"2025-05-06T09:58:26","guid":{"rendered":"https:\/\/somieresjover.com\/?page_id=77461"},"modified":"2025-05-23T14:18:48","modified_gmt":"2025-05-23T12:18:48","slug":"aviso-legal","status":"publish","type":"page","link":"https:\/\/somieresjover.com\/fr\/aviso-legal\/","title":{"rendered":"Aviso legal"},"content":{"rendered":"<div data-elementor-type=\"wp-page\" data-elementor-id=\"77461\" class=\"elementor elementor-77461\" data-elementor-settings=\"{&quot;ha_cmc_init_switcher&quot;:&quot;no&quot;}\" data-elementor-post-type=\"page\">\n\t\t\t\t<section class=\"elementor-section elementor-top-section elementor-element elementor-element-46089cc elementor-section-boxed elementor-section-height-default elementor-section-height-default\" data-id=\"46089cc\" data-element_type=\"section\" data-settings=\"{&quot;_ha_eqh_enable&quot;:false}\">\n\t\t\t\t\t\t<div class=\"elementor-container elementor-column-gap-default\">\n\t\t\t\t\t<div class=\"elementor-column elementor-col-100 elementor-top-column elementor-element elementor-element-52a4903\" data-fullscreen-column-settings=\"{&quot;fullscreen&quot;:&quot;&quot;}\" data-id=\"52a4903\" data-element_type=\"column\">\n\t\t\t<div class=\"elementor-widget-wrap elementor-element-populated\">\n\t\t\t\t\t\t<div class=\"elementor-element elementor-element-918d390 elementor-widget elementor-widget-heading\" data-id=\"918d390\" data-element_type=\"widget\" data-widget_type=\"heading.default\">\n\t\t\t\t<div class=\"elementor-widget-container\">\n\t\t\t\t\t<h2 class=\"elementor-heading-title elementor-size-default\">Avis juridique<\/h2>\t\t\t\t<\/div>\n\t\t\t\t<\/div>\n\t\t\t\t<div class=\"elementor-element elementor-element-93299aa elementor-widget elementor-widget-text-editor\" data-id=\"93299aa\" data-element_type=\"widget\" data-widget_type=\"text-editor.default\">\n\t\t\t\t<div class=\"elementor-widget-container\"><p style=\"font-weight: 400;\">Somieres y Colchones Jover S.L., con CIF\/NIF no: B44172310 y direccio\u0301n en: Pol\u00edgono La Paz, C\/ Mil\u00e1n 7 \u2013 44195 Teruel, no puede asumir ninguna responsabilidad derivada del uso incorrecto, inapropiado o ili\u0301cito de la informacio\u0301n aparecida en las pa\u0301ginas web de:\u00a0<a href=\"https:\/\/somieresjover.com\/fr\" data-saferedirecturl=\"https:\/\/www.google.com\/url?q=http:\/\/www.somieresjover.com&amp;source=gmail&amp;ust=1748088814918000&amp;usg=AOvVaw0AnN16B71pww9DNQsM74dp\">www.somieresjover.com<\/a><\/p>\n<p style=\"font-weight: 400;\">Que Somieres y Colchones Jover S.L. consta inscrita en el Registro Mercantil de TERUEL, Tomo 192, Libro 192, Folio 23, Hoja TE-2855, Inscripcio\u0301n 2.<\/p>\n<p style=\"font-weight: 400;\">Somieres y Colchones Jover S.L. no se hace responsable de la falta de veracidad, integridad, actualizaci\u00f3n y precisi\u00f3n de los datos o informaciones que contienen sus p\u00e1ginas web no imputables a su actuaci\u00f3n m\u00e1s all\u00e1 de lo estrictamente legal.\u00a0<\/p>\n<p style=\"font-weight: 400;\">Los contenidos e informaci\u00f3n existente en esta web tienen \u00fanicamente un car\u00e1cter informativo y divultativo, es por ello que no pueden entenderse como opiniones, consejos o asesoramiento legal de ning\u00fan tipo, no pudiendo vincular en ning\u00fan caso a Somieres y Colchones Jover S.L.<\/p>\n<p style=\"font-weight: 400;\">Las pa\u0301ginas de Internet de Somieres y Colchones Jover S.L. pueden contener enlaces (links) a otras pa\u0301ginas de terceras partes que Somieres y Colchones Jover S.L. no puede controlar. Por lo tanto, Somieres y Colchones Jover S.L. no puede asumir responsabilidades por el contenido que pueda aparecer en pa\u0301ginas de terceros.<\/p>\n<p style=\"font-weight: 400;\">Los textos, ima\u0301genes, sonidos, animaciones, software y el resto de contenidos incluidos en este website son propiedad exclusiva de Somieres y Colchones Jover S.L. o sus licenciantes. Cualquier acto de transmisio\u0301n, distribucio\u0301n, cesio\u0301n, reproduccio\u0301n, almacenamiento o comunicacio\u0301n pu\u0301blica total o parcial, debera\u0301 contar con el consentimiento expreso de Somieres y Colchones Jover S.L..<\/p>\n<p style=\"font-weight: 400;\">Asimismo, para acceder a algunos de los servicios que Somieres y Colchones Jover S.L. ofrece a trave\u0301s del sitio web, debera\u0301 proporcionar algunos datos de cara\u0301cter personal. En cumplimiento de lo establecido en el Reglamento (UE) 2016\/679 del Parlamento Europeo y del Consejo, de 27 de abril de 2016, relativo a la proteccio\u0301n de las personas fi\u0301sicas en lo que respecta al tratamiento de datos personales y a la libre circulacio\u0301n de estos datos le informamos que, mediante la cumplimentacio\u0301n de los presentes formularios, sus datos personales quedara\u0301n incorporados y sera\u0301n tratados en los ficheros de Somieres y Colchones Jover S.L. con el fin de poderle prestar y ofrecer nuestros servicios asi\u0301 como para informarle de las mejoras del sitio Web.<\/p>\n<p style=\"font-weight: 400;\">Le informamos tambie\u0301n de que tendra\u0301 la posibilidad en todo momento de ejercer los derechos de acceso, rectificacio\u0301n, cancelacio\u0301n, oposicio\u0301n, limitacio\u0301n y portabilidad de sus datos de cara\u0301cter personal, de manera gratuita mediante email a:\u00a0<a href=\"mailto:informacion@somieresjover.com\">informacion@somieresjover.com<\/a>\u00a0o en la direccio\u0301n: Pol\u00edgono La Paz, C\/ Mil\u00e1n 7 \u2013 44195 Teruel.<\/p>\t\t\t\t\t\t\t\t<\/div>\n\t\t\t\t<\/div>\n\t\t\t\t\t<\/div>\n\t\t<\/div>\n\t\t\t\t\t<\/div>\n\t\t<\/section>\t\t<\/div>","protected":false},"excerpt":{"rendered":"<p>Aviso Legal Somieres y Colchones Jover S.L., con CIF\/NIF no: B44172310 y direccio\u0301n en: Pol\u00edgono La Paz, C\/ Mil\u00e1n 7 \u2013 44195 Teruel, no puede asumir ninguna responsabilidad derivada del uso incorrecto, inapropiado o ili\u0301cito de la informacio\u0301n aparecida en las pa\u0301ginas web de:\u00a0www.somieresjover.com Que Somieres y Colchones Jover S.L. consta inscrita en el Registro [&hellip;]<\/p>","protected":false},"author":2,"featured_media":0,"parent":0,"menu_order":0,"comment_status":"closed","ping_status":"closed","template":"","meta":{"footnotes":""},"class_list":["post-77461","page","type-page","status-publish","hentry"],"_links":{"self":[{"href":"https:\/\/somieresjover.com\/fr\/wp-json\/wp\/v2\/pages\/77461","targetHints":{"allow":["GET"]}}],"collection":[{"href":"https:\/\/somieresjover.com\/fr\/wp-json\/wp\/v2\/pages"}],"about":[{"href":"https:\/\/somieresjover.com\/fr\/wp-json\/wp\/v2\/types\/page"}],"author":[{"embeddable":true,"href":"https:\/\/somieresjover.com\/fr\/wp-json\/wp\/v2\/users\/2"}],"replies":[{"embeddable":true,"href":"https:\/\/somieresjover.com\/fr\/wp-json\/wp\/v2\/comments?post=77461"}],"version-history":[{"count":7,"href":"https:\/\/somieresjover.com\/fr\/wp-json\/wp\/v2\/pages\/77461\/revisions"}],"predecessor-version":[{"id":80519,"href":"https:\/\/somieresjover.com\/fr\/wp-json\/wp\/v2\/pages\/77461\/revisions\/80519"}],"wp:attachment":[{"href":"https:\/\/somieresjover.com\/fr\/wp-json\/wp\/v2\/media?parent=77461"}],"curies":[{"name":"wp","href":"https:\/\/api.w.org\/{rel}","templated":true}]}}