{"id":80360,"date":"2025-05-13T19:12:56","date_gmt":"2025-05-13T17:12:56","guid":{"rendered":"https:\/\/somieresjover.com\/?post_type=product&#038;p=80360"},"modified":"2025-05-13T19:43:47","modified_gmt":"2025-05-13T17:43:47","slug":"carro-elevador","status":"publish","type":"product","link":"https:\/\/somieresjover.com\/es\/tienda\/camas-articuladas\/camas-articuladas-metalicas\/carro-elevador\/","title":{"rendered":"CARRO ELEVADOR"},"content":{"rendered":"<p><img decoding=\"async\" class=\"alignleft wp-image-76624\" src=\"https:\/\/somieresjover.com\/wp-content\/uploads\/2025\/04\/iconos-7.png\" alt=\"\" width=\"60\" height=\"54\" srcset=\"https:\/\/somieresjover.com\/wp-content\/uploads\/2025\/04\/iconos-7.png 243w, https:\/\/somieresjover.com\/wp-content\/uploads\/2025\/04\/iconos-7-13x12.png 13w, https:\/\/somieresjover.com\/wp-content\/uploads\/2025\/04\/iconos-7-200x181.png 200w\" sizes=\"(max-width: 60px) 100vw, 60px\" \/><strong>Regulador de Firmeza:<\/strong> Zona central y lumbar con reguladores de dureza.<\/p>\n<p>&nbsp;<\/p>\n<p><strong><img decoding=\"async\" class=\"alignleft wp-image-76622\" src=\"https:\/\/somieresjover.com\/wp-content\/uploads\/2025\/04\/iconos-5.png\" alt=\"\" width=\"60\" height=\"55\" srcset=\"https:\/\/somieresjover.com\/wp-content\/uploads\/2025\/04\/iconos-5.png 242w, https:\/\/somieresjover.com\/wp-content\/uploads\/2025\/04\/iconos-5-13x12.png 13w, https:\/\/somieresjover.com\/wp-content\/uploads\/2025\/04\/iconos-5-200x182.png 200w\" sizes=\"(max-width: 60px) 100vw, 60px\" \/>Suspensi\u00f3n Basculante:<\/strong> Suspensi\u00f3n de Hytrel indeformable de alta calidad y flexibilidad con sistema de regulaci\u00f3n de la dureza.<\/p>\n<p>&nbsp;<\/p>\n<p><strong><img decoding=\"async\" class=\"wp-image-76623 alignleft\" src=\"https:\/\/somieresjover.com\/wp-content\/uploads\/2025\/04\/iconos-6.png\" alt=\"\" width=\"60\" height=\"55\" srcset=\"https:\/\/somieresjover.com\/wp-content\/uploads\/2025\/04\/iconos-6.png 243w, https:\/\/somieresjover.com\/wp-content\/uploads\/2025\/04\/iconos-6-13x12.png 13w, https:\/\/somieresjover.com\/wp-content\/uploads\/2025\/04\/iconos-6-200x182.png 200w\" sizes=\"(max-width: 60px) 100vw, 60px\" \/>Sistema de Elevaci\u00f3n:<\/strong> Elevaci\u00f3n mediante motor el\u00e9ctrico.<\/p>\n","protected":false},"excerpt":{"rendered":"<p><span class=\"nomargin_parent\"><strong>Altura Total Desplegada: 67cm<\/strong><\/span><br \/>\n<span class=\"nomargin_parent\"><strong>Altura Total Plegada: 43cm<\/strong><\/span><\/p>\n<p>&nbsp;<\/p>\n<ol>\n<li>Somier articulado con 5 zonas de descanso.<\/li>\n<li>Somier elevable en altura.<\/li>\n<li>Ruedas giratorias.<\/li>\n<li>Elevaci\u00f3n horizontal.<\/li>\n<li>L\u00e1minas de haya natural.<\/li>\n<li>Zona central y lumbar con doble l\u00e1mina y reguladores de firmeza.<\/li>\n<li>Suspensi\u00f3n basculante triple l\u00e1mina.<\/li>\n<\/ol>\n<ul>\n<li>Motor el\u00e9ctrico: Bater\u00eda incorporada para que en caso de fallo de corriente pueda volver a su posici\u00f3n horizontal.<\/li>\n<li>Suspensiones: Doble<\/li>\n<li>Mando inal\u00e1mbrico incluido.<\/li>\n<\/ul>\n<p>Consulte la secci\u00f3n de complementos para obtener m\u00e1s informaci\u00f3n sobre patas y molduras.<\/p>\n","protected":false},"featured_media":79751,"comment_status":"open","ping_status":"closed","template":"","meta":[],"product_brand":[],"product_cat":[79,83],"product_tag":[116],"class_list":{"0":"post-80360","1":"product","2":"type-product","3":"status-publish","4":"has-post-thumbnail","6":"product_cat-camas-articuladas","7":"product_cat-camas-articuladas-metalicas","8":"product_tag-camas-articuladas-tag","10":"first","11":"instock","12":"shipping-taxable","13":"product-type-variable","14":"litho-product-5col"},"_links":{"self":[{"href":"https:\/\/somieresjover.com\/es\/wp-json\/wp\/v2\/product\/80360","targetHints":{"allow":["GET"]}}],"collection":[{"href":"https:\/\/somieresjover.com\/es\/wp-json\/wp\/v2\/product"}],"about":[{"href":"https:\/\/somieresjover.com\/es\/wp-json\/wp\/v2\/types\/product"}],"replies":[{"embeddable":true,"href":"https:\/\/somieresjover.com\/es\/wp-json\/wp\/v2\/comments?post=80360"}],"wp:featuredmedia":[{"embeddable":true,"href":"https:\/\/somieresjover.com\/es\/wp-json\/wp\/v2\/media\/79751"}],"wp:attachment":[{"href":"https:\/\/somieresjover.com\/es\/wp-json\/wp\/v2\/media?parent=80360"}],"wp:term":[{"taxonomy":"product_brand","embeddable":true,"href":"https:\/\/somieresjover.com\/es\/wp-json\/wp\/v2\/product_brand?post=80360"},{"taxonomy":"product_cat","embeddable":true,"href":"https:\/\/somieresjover.com\/es\/wp-json\/wp\/v2\/product_cat?post=80360"},{"taxonomy":"product_tag","embeddable":true,"href":"https:\/\/somieresjover.com\/es\/wp-json\/wp\/v2\/product_tag?post=80360"}],"curies":[{"name":"wp","href":"https:\/\/api.w.org\/{rel}","templated":true}]}}