{"id":79635,"date":"2025-05-13T17:53:56","date_gmt":"2025-05-13T15:53:56","guid":{"rendered":"https:\/\/somieresjover.com\/?post_type=product&#038;p=79635"},"modified":"2025-05-13T18:35:06","modified_gmt":"2025-05-13T16:35:06","slug":"cisne","status":"publish","type":"product","link":"https:\/\/somieresjover.com\/es\/tienda\/camas-articuladas\/camas-articuladas-metalicas\/cisne\/","title":{"rendered":"CISNE"},"content":{"rendered":"<p><img decoding=\"async\" class=\" wp-image-76621 alignleft\" src=\"https:\/\/somieresjover.com\/wp-content\/uploads\/2025\/04\/iconos-4.png\" alt=\"\" width=\"60\" height=\"54\" srcset=\"https:\/\/somieresjover.com\/wp-content\/uploads\/2025\/04\/iconos-4.png 243w, https:\/\/somieresjover.com\/wp-content\/uploads\/2025\/04\/iconos-4-13x12.png 13w, https:\/\/somieresjover.com\/wp-content\/uploads\/2025\/04\/iconos-4-200x181.png 200w\" sizes=\"(max-width: 60px) 100vw, 60px\" \/><strong>Sistema Rody:<\/strong> Elevaci\u00f3n zona lumbar y respaldo mediante rodillos, para darle mayor firmeza y suavidad.<\/p>\n<p>&nbsp;<\/p>\n<p><img decoding=\"async\" class=\"alignleft wp-image-76628\" src=\"https:\/\/somieresjover.com\/wp-content\/uploads\/2025\/04\/iconos-11.png\" alt=\"\" width=\"60\" height=\"54\" srcset=\"https:\/\/somieresjover.com\/wp-content\/uploads\/2025\/04\/iconos-11.png 243w, https:\/\/somieresjover.com\/wp-content\/uploads\/2025\/04\/iconos-11-13x12.png 13w, https:\/\/somieresjover.com\/wp-content\/uploads\/2025\/04\/iconos-11-200x181.png 200w\" sizes=\"(max-width: 60px) 100vw, 60px\" \/><\/p>\n<p><strong>Respaldo Perfeccionado:<\/strong> Sistema sin p\u00e9rdida de cama en su elevaci\u00f3n mediante gu\u00eda de aluminio y rodamiento.<\/p>\n<p>&nbsp;<\/p>\n<p><img decoding=\"async\" class=\"alignleft wp-image-76624\" src=\"https:\/\/somieresjover.com\/wp-content\/uploads\/2025\/04\/iconos-7.png\" alt=\"\" width=\"60\" height=\"54\" srcset=\"https:\/\/somieresjover.com\/wp-content\/uploads\/2025\/04\/iconos-7.png 243w, https:\/\/somieresjover.com\/wp-content\/uploads\/2025\/04\/iconos-7-13x12.png 13w, https:\/\/somieresjover.com\/wp-content\/uploads\/2025\/04\/iconos-7-200x181.png 200w\" sizes=\"(max-width: 60px) 100vw, 60px\" \/><strong>Regulador de Firmeza:<\/strong> Zona central y lumbar con reguladores de dureza.<\/p>\n<p>&nbsp;<\/p>\n<p><strong><img loading=\"lazy\" decoding=\"async\" class=\"alignleft wp-image-76627\" src=\"https:\/\/somieresjover.com\/wp-content\/uploads\/2025\/04\/iconos-10.png\" alt=\"\" width=\"60\" height=\"54\" srcset=\"https:\/\/somieresjover.com\/wp-content\/uploads\/2025\/04\/iconos-10.png 243w, https:\/\/somieresjover.com\/wp-content\/uploads\/2025\/04\/iconos-10-13x12.png 13w, https:\/\/somieresjover.com\/wp-content\/uploads\/2025\/04\/iconos-10-200x181.png 200w\" sizes=\"(max-width: 60px) 100vw, 60px\" \/>Suspensi\u00f3n Basculante:<\/strong> Suspensi\u00f3n de Hytrel indeformable de alta calidad y flexibilidad con sistema de regulaci\u00f3n de la dureza.<\/p>\n","protected":false},"excerpt":{"rendered":"<p><strong>Altura Total: 36cm<\/strong><\/p>\n<ol>\n<li>Somier articulado con 5 zonas de descanso.<\/li>\n<li>Respaldo perfeccionado.<\/li>\n<li>Doble bastidor 70&#215;20 mm \/ 30&#215;30 mm.<\/li>\n<li>L\u00e1minas de haya grabadas en color crema.<\/li>\n<li>Zona central y lumbar con doble l\u00e1mina y reguladores de firmeza.<\/li>\n<li>Suspensi\u00f3n basculante con c\u00e1psulas de polietileno.<\/li>\n<\/ol>\n<ul>\n<li>Motor el\u00e9ctrico: Bater\u00eda incorporada para que en caso de fallo de corriente pueda volver a su posici\u00f3n horizontal.<\/li>\n<li>Suspensiones: Doble<\/li>\n<li>Mando inal\u00e1mbrico incluido.<\/li>\n<\/ul>\n<p>Consulte la secci\u00f3n de complementos para obtener m\u00e1s informaci\u00f3n sobre patas y molduras.<\/p>\n","protected":false},"featured_media":79737,"comment_status":"open","ping_status":"closed","template":"","meta":[],"product_brand":[],"product_cat":[79,83],"product_tag":[116],"class_list":{"0":"post-79635","1":"product","2":"type-product","3":"status-publish","4":"has-post-thumbnail","6":"product_cat-camas-articuladas","7":"product_cat-camas-articuladas-metalicas","8":"product_tag-camas-articuladas-tag","10":"first","11":"instock","12":"shipping-taxable","13":"product-type-variable","14":"litho-product-5col"},"_links":{"self":[{"href":"https:\/\/somieresjover.com\/es\/wp-json\/wp\/v2\/product\/79635","targetHints":{"allow":["GET"]}}],"collection":[{"href":"https:\/\/somieresjover.com\/es\/wp-json\/wp\/v2\/product"}],"about":[{"href":"https:\/\/somieresjover.com\/es\/wp-json\/wp\/v2\/types\/product"}],"replies":[{"embeddable":true,"href":"https:\/\/somieresjover.com\/es\/wp-json\/wp\/v2\/comments?post=79635"}],"wp:featuredmedia":[{"embeddable":true,"href":"https:\/\/somieresjover.com\/es\/wp-json\/wp\/v2\/media\/79737"}],"wp:attachment":[{"href":"https:\/\/somieresjover.com\/es\/wp-json\/wp\/v2\/media?parent=79635"}],"wp:term":[{"taxonomy":"product_brand","embeddable":true,"href":"https:\/\/somieresjover.com\/es\/wp-json\/wp\/v2\/product_brand?post=79635"},{"taxonomy":"product_cat","embeddable":true,"href":"https:\/\/somieresjover.com\/es\/wp-json\/wp\/v2\/product_cat?post=79635"},{"taxonomy":"product_tag","embeddable":true,"href":"https:\/\/somieresjover.com\/es\/wp-json\/wp\/v2\/product_tag?post=79635"}],"curies":[{"name":"wp","href":"https:\/\/api.w.org\/{rel}","templated":true}]}}