{"id":79425,"date":"2025-05-13T17:39:14","date_gmt":"2025-05-13T15:39:14","guid":{"rendered":"https:\/\/somieresjover.com\/?post_type=product&#038;p=79425"},"modified":"2025-05-13T17:47:40","modified_gmt":"2025-05-13T15:47:40","slug":"clasic","status":"publish","type":"product","link":"https:\/\/somieresjover.com\/es\/tienda\/camas-articuladas\/camas-articuladas-madera\/clasic\/","title":{"rendered":"CLASIC"},"content":{"rendered":"<p><strong><img decoding=\"async\" class=\"alignleft wp-image-76622\" src=\"https:\/\/somieresjover.com\/wp-content\/uploads\/2025\/04\/iconos-5.png\" alt=\"\" width=\"60\" height=\"55\" srcset=\"https:\/\/somieresjover.com\/wp-content\/uploads\/2025\/04\/iconos-5.png 242w, https:\/\/somieresjover.com\/wp-content\/uploads\/2025\/04\/iconos-5-13x12.png 13w, https:\/\/somieresjover.com\/wp-content\/uploads\/2025\/04\/iconos-5-200x182.png 200w\" sizes=\"(max-width: 60px) 100vw, 60px\" \/>Suspensi\u00f3n Basculante:<\/strong> Suspensi\u00f3n de Hytrel indeformable de alta calidad y flexibilidad con sistema de regulaci\u00f3n de la dureza.<\/p>\n<p>&nbsp;<\/p>\n<p><img decoding=\"async\" class=\" wp-image-76621 alignleft\" src=\"https:\/\/somieresjover.com\/wp-content\/uploads\/2025\/04\/iconos-4.png\" alt=\"\" width=\"60\" height=\"54\" srcset=\"https:\/\/somieresjover.com\/wp-content\/uploads\/2025\/04\/iconos-4.png 243w, https:\/\/somieresjover.com\/wp-content\/uploads\/2025\/04\/iconos-4-13x12.png 13w, https:\/\/somieresjover.com\/wp-content\/uploads\/2025\/04\/iconos-4-200x181.png 200w\" sizes=\"(max-width: 60px) 100vw, 60px\" \/><strong>Sistema Rody:<\/strong> Elevaci\u00f3n zona lumbar y respaldo mediante rodillos, para darle mayor firmeza y suavidad.<\/p>\n<p>&nbsp;<\/p>\n<p><img decoding=\"async\" class=\"alignleft wp-image-76624\" src=\"https:\/\/somieresjover.com\/wp-content\/uploads\/2025\/04\/iconos-7.png\" alt=\"\" width=\"60\" height=\"54\" srcset=\"https:\/\/somieresjover.com\/wp-content\/uploads\/2025\/04\/iconos-7.png 243w, https:\/\/somieresjover.com\/wp-content\/uploads\/2025\/04\/iconos-7-13x12.png 13w, https:\/\/somieresjover.com\/wp-content\/uploads\/2025\/04\/iconos-7-200x181.png 200w\" sizes=\"(max-width: 60px) 100vw, 60px\" \/><strong>Regulador de Firmeza:<\/strong> Zona central y lumbar con reguladores de dureza.<\/p>\n<p>&nbsp;<\/p>\n<p><img loading=\"lazy\" decoding=\"async\" class=\"alignleft wp-image-76626\" src=\"https:\/\/somieresjover.com\/wp-content\/uploads\/2025\/04\/iconos-9.png\" alt=\"\" width=\"60\" height=\"54\" srcset=\"https:\/\/somieresjover.com\/wp-content\/uploads\/2025\/04\/iconos-9.png 243w, https:\/\/somieresjover.com\/wp-content\/uploads\/2025\/04\/iconos-9-13x12.png 13w, https:\/\/somieresjover.com\/wp-content\/uploads\/2025\/04\/iconos-9-200x181.png 200w\" sizes=\"(max-width: 60px) 100vw, 60px\" \/><\/p>\n<p><strong>Sistema Anclaje:<\/strong> Sistema de anclaje de las articulaciones de madera sin tornillos.<\/p>\n","protected":false},"excerpt":{"rendered":"<p><strong>Altura Total: 36cm<\/strong><\/p>\n<ol>\n<li>Suspenci\u00f3n basculante con c\u00e1psulas de ployethyleno.<\/li>\n<li>Somier articulado con 5 zonas de descanso.<\/li>\n<li>L\u00e1minas de haya natural.<\/li>\n<li>Bastidor 120&#215;25 mm revestido en papel.<\/li>\n<li>Zona central y lumbar con reguladores de firmeza.<\/li>\n<\/ol>\n<ul>\n<li>Motor el\u00e9ctrico: Bater\u00eda incorporada para que en caso de fallo de corriente pueda volver a su posici\u00f3n horizontal.<\/li>\n<li>Patas de Madera: A juego con molduras.<\/li>\n<li>Suspensiones: Doble.<\/li>\n<li>Mando inal\u00e1mbrico incluido.<\/li>\n<\/ul>\n<p>Consulte la secci\u00f3n de Complementos para obtener m\u00e1s informaci\u00f3n sobre patas y molduras.<\/p>\n","protected":false},"featured_media":79527,"comment_status":"open","ping_status":"closed","template":"","meta":[],"product_brand":[],"product_cat":[79,80],"product_tag":[116],"class_list":{"0":"post-79425","1":"product","2":"type-product","3":"status-publish","4":"has-post-thumbnail","6":"product_cat-camas-articuladas","7":"product_cat-camas-articuladas-madera","8":"product_tag-camas-articuladas-tag","10":"first","11":"instock","12":"shipping-taxable","13":"product-type-variable","14":"litho-product-5col"},"_links":{"self":[{"href":"https:\/\/somieresjover.com\/es\/wp-json\/wp\/v2\/product\/79425","targetHints":{"allow":["GET"]}}],"collection":[{"href":"https:\/\/somieresjover.com\/es\/wp-json\/wp\/v2\/product"}],"about":[{"href":"https:\/\/somieresjover.com\/es\/wp-json\/wp\/v2\/types\/product"}],"replies":[{"embeddable":true,"href":"https:\/\/somieresjover.com\/es\/wp-json\/wp\/v2\/comments?post=79425"}],"wp:featuredmedia":[{"embeddable":true,"href":"https:\/\/somieresjover.com\/es\/wp-json\/wp\/v2\/media\/79527"}],"wp:attachment":[{"href":"https:\/\/somieresjover.com\/es\/wp-json\/wp\/v2\/media?parent=79425"}],"wp:term":[{"taxonomy":"product_brand","embeddable":true,"href":"https:\/\/somieresjover.com\/es\/wp-json\/wp\/v2\/product_brand?post=79425"},{"taxonomy":"product_cat","embeddable":true,"href":"https:\/\/somieresjover.com\/es\/wp-json\/wp\/v2\/product_cat?post=79425"},{"taxonomy":"product_tag","embeddable":true,"href":"https:\/\/somieresjover.com\/es\/wp-json\/wp\/v2\/product_tag?post=79425"}],"curies":[{"name":"wp","href":"https:\/\/api.w.org\/{rel}","templated":true}]}}