{"id":78560,"date":"2025-05-13T10:12:59","date_gmt":"2025-05-13T08:12:59","guid":{"rendered":"https:\/\/somieresjover.com\/?post_type=product&#038;p=78560"},"modified":"2025-05-13T13:05:30","modified_gmt":"2025-05-13T11:05:30","slug":"base-extra-copia","status":"publish","type":"product","link":"https:\/\/somieresjover.com\/es\/tienda\/somieres-fijos\/base-extra-copia\/","title":{"rendered":"BASE FLEXI"},"content":{"rendered":"<p><img decoding=\"async\" class=\"wp-image-76633 alignleft\" src=\"https:\/\/somieresjover.com\/wp-content\/uploads\/2025\/04\/iconos-16.png\" alt=\"\" width=\"60\" height=\"55\" srcset=\"https:\/\/somieresjover.com\/wp-content\/uploads\/2025\/04\/iconos-16.png 243w, https:\/\/somieresjover.com\/wp-content\/uploads\/2025\/04\/iconos-16-13x12.png 13w, https:\/\/somieresjover.com\/wp-content\/uploads\/2025\/04\/iconos-16-200x182.png 200w\" sizes=\"(max-width: 60px) 100vw, 60px\" \/><strong>Suspensi\u00f3n Basculante:<\/strong> Suspensi\u00f3n de Hytrel indeformable de alta calidad y flexibilidad con sistema de regulaci\u00f3n de la dureza.<\/p>\n<p>&nbsp;<\/p>\n<p><img decoding=\"async\" class=\"wp-image-76634 alignleft\" src=\"https:\/\/somieresjover.com\/wp-content\/uploads\/2025\/04\/iconos-17.png\" alt=\"\" width=\"60\" height=\"55\" srcset=\"https:\/\/somieresjover.com\/wp-content\/uploads\/2025\/04\/iconos-17.png 243w, https:\/\/somieresjover.com\/wp-content\/uploads\/2025\/04\/iconos-17-13x12.png 13w, https:\/\/somieresjover.com\/wp-content\/uploads\/2025\/04\/iconos-17-200x182.png 200w\" sizes=\"(max-width: 60px) 100vw, 60px\" \/><strong>Sistema Fijaci\u00f3n Patas:<\/strong> Anclaje para pata roscada.<\/p>\n<p>&nbsp;<\/p>\n<p>&nbsp;<\/p>\n<p><img decoding=\"async\" class=\"alignleft wp-image-76635\" src=\"https:\/\/somieresjover.com\/wp-content\/uploads\/2025\/04\/iconos-18.png\" alt=\"\" width=\"60\" height=\"55\" srcset=\"https:\/\/somieresjover.com\/wp-content\/uploads\/2025\/04\/iconos-18.png 243w, https:\/\/somieresjover.com\/wp-content\/uploads\/2025\/04\/iconos-18-13x12.png 13w, https:\/\/somieresjover.com\/wp-content\/uploads\/2025\/04\/iconos-18-200x182.png 200w\" sizes=\"(max-width: 60px) 100vw, 60px\" \/><strong>Regulador de Firmeza:<\/strong> Zona central y lumbar con reguladores de dureza.<\/p>\n<p>&nbsp;<\/p>\n","protected":false},"excerpt":{"rendered":"<p><strong>Altura total: 34cm<\/strong><\/p>\n<ol>\n<li>Somier con l\u00e1minas de haya natural.<\/li>\n<li>Bastidor 40&#215;30 mm.<\/li>\n<li>Barra central de 40x40x1,5 en las medidas de 135 y 150.<\/li>\n<li>Suspensiones Hytrel con c\u00e1psulas de polietileno.<\/li>\n<\/ol>\n<ul>\n<li>Medidas 80, 90 y 105 sin barra central<\/li>\n<li>Suspensiones: Triple.<\/li>\n<li>Consulte la secci\u00f3n de complementos para obtener m\u00e1s informaci\u00f3n sobre patas y molduras.<\/li>\n<\/ul>\n","protected":false},"featured_media":77037,"comment_status":"open","ping_status":"closed","template":"","meta":[],"product_brand":[],"product_cat":[85],"product_tag":[118],"class_list":{"0":"post-78560","1":"product","2":"type-product","3":"status-publish","4":"has-post-thumbnail","6":"product_cat-somieres-fijos","7":"product_tag-somieres-fijos-tag","9":"first","10":"instock","11":"shipping-taxable","12":"product-type-variable","13":"litho-product-5col"},"_links":{"self":[{"href":"https:\/\/somieresjover.com\/es\/wp-json\/wp\/v2\/product\/78560","targetHints":{"allow":["GET"]}}],"collection":[{"href":"https:\/\/somieresjover.com\/es\/wp-json\/wp\/v2\/product"}],"about":[{"href":"https:\/\/somieresjover.com\/es\/wp-json\/wp\/v2\/types\/product"}],"replies":[{"embeddable":true,"href":"https:\/\/somieresjover.com\/es\/wp-json\/wp\/v2\/comments?post=78560"}],"wp:featuredmedia":[{"embeddable":true,"href":"https:\/\/somieresjover.com\/es\/wp-json\/wp\/v2\/media\/77037"}],"wp:attachment":[{"href":"https:\/\/somieresjover.com\/es\/wp-json\/wp\/v2\/media?parent=78560"}],"wp:term":[{"taxonomy":"product_brand","embeddable":true,"href":"https:\/\/somieresjover.com\/es\/wp-json\/wp\/v2\/product_brand?post=78560"},{"taxonomy":"product_cat","embeddable":true,"href":"https:\/\/somieresjover.com\/es\/wp-json\/wp\/v2\/product_cat?post=78560"},{"taxonomy":"product_tag","embeddable":true,"href":"https:\/\/somieresjover.com\/es\/wp-json\/wp\/v2\/product_tag?post=78560"}],"curies":[{"name":"wp","href":"https:\/\/api.w.org\/{rel}","templated":true}]}}