{"id":78449,"date":"2025-05-13T09:32:13","date_gmt":"2025-05-13T07:32:13","guid":{"rendered":"https:\/\/somieresjover.com\/?post_type=product&#038;p=78449"},"modified":"2025-05-13T09:35:24","modified_gmt":"2025-05-13T07:35:24","slug":"helena","status":"publish","type":"product","link":"https:\/\/somieresjover.com\/es\/tienda\/colchones\/helena\/","title":{"rendered":"HELENA"},"content":{"rendered":"<p><img decoding=\"async\" class=\"alignleft wp-image-76613\" src=\"https:\/\/somieresjover.com\/wp-content\/uploads\/2025\/04\/iconos-24.png\" alt=\"\" width=\"60\" height=\"55\" srcset=\"https:\/\/somieresjover.com\/wp-content\/uploads\/2025\/04\/iconos-24.png 242w, https:\/\/somieresjover.com\/wp-content\/uploads\/2025\/04\/iconos-24-13x12.png 13w, https:\/\/somieresjover.com\/wp-content\/uploads\/2025\/04\/iconos-24-200x182.png 200w\" sizes=\"(max-width: 60px) 100vw, 60px\" \/><strong>L\u00e1tex:<\/strong> N\u00facleo de L\u00e1tex (18 cm) con c\u00e9lulas abiertas, perforado para su transpiraci\u00f3n, permitiendo su adaptaci\u00f3n al cuerpo. Resistente a la hidr\u00f3lisis y a la acci\u00f3n del vapor.<\/p>\n<p>&nbsp;<\/p>\n<p><img decoding=\"async\" class=\"wp-image-77768 alignleft\" src=\"https:\/\/somieresjover.com\/wp-content\/uploads\/2025\/05\/iconos-22.png\" alt=\"\" width=\"60\" height=\"55\" srcset=\"https:\/\/somieresjover.com\/wp-content\/uploads\/2025\/05\/iconos-22.png 243w, https:\/\/somieresjover.com\/wp-content\/uploads\/2025\/05\/iconos-22-13x12.png 13w, https:\/\/somieresjover.com\/wp-content\/uploads\/2025\/05\/iconos-22-200x182.png 200w\" sizes=\"(max-width: 60px) 100vw, 60px\" \/><strong>Tejido Stretch 430 gr\/m\u00b2:<\/strong> Tejido el\u00e1stico de gran adaptabilidad, resaltando los materiales de su acolchado y proporcionando un descanso id\u00f3neo y acogedor. 100% Polyester.<\/p>\n","protected":false},"excerpt":{"rendered":"<p><strong>Altura Total: 18+1cm<\/strong><\/p>\n<p><span class=\"nomargin_parent\"><strong>Adaptabilidad<\/strong><\/span><\/p>\n<p><img decoding=\"async\" class=\"alignnone wp-image-78314 size-medium\" src=\"https:\/\/somieresjover.com\/wp-content\/uploads\/2025\/05\/helena-datos-adapt-300x27.png\" alt=\"\" width=\"300\" height=\"27\" srcset=\"https:\/\/somieresjover.com\/wp-content\/uploads\/2025\/05\/helena-datos-adapt-300x27.png 300w, https:\/\/somieresjover.com\/wp-content\/uploads\/2025\/05\/helena-datos-adapt-1024x92.png 1024w, https:\/\/somieresjover.com\/wp-content\/uploads\/2025\/05\/helena-datos-adapt-768x69.png 768w, https:\/\/somieresjover.com\/wp-content\/uploads\/2025\/05\/helena-datos-adapt-18x2.png 18w, https:\/\/somieresjover.com\/wp-content\/uploads\/2025\/05\/helena-datos-adapt-200x18.png 200w, https:\/\/somieresjover.com\/wp-content\/uploads\/2025\/05\/helena-datos-adapt-640x57.png 640w, https:\/\/somieresjover.com\/wp-content\/uploads\/2025\/05\/helena-datos-adapt.png 1040w\" sizes=\"(max-width: 300px) 100vw, 300px\" \/><\/p>\n<p><span class=\"nomargin_parent\"><strong>Firmeza<\/strong><\/span><\/p>\n<p><img loading=\"lazy\" decoding=\"async\" class=\"alignnone wp-image-78315 size-medium\" src=\"https:\/\/somieresjover.com\/wp-content\/uploads\/2025\/05\/helena-datos-firm-300x27.png\" alt=\"\" width=\"300\" height=\"27\" srcset=\"https:\/\/somieresjover.com\/wp-content\/uploads\/2025\/05\/helena-datos-firm-300x27.png 300w, https:\/\/somieresjover.com\/wp-content\/uploads\/2025\/05\/helena-datos-firm-1024x92.png 1024w, https:\/\/somieresjover.com\/wp-content\/uploads\/2025\/05\/helena-datos-firm-768x69.png 768w, https:\/\/somieresjover.com\/wp-content\/uploads\/2025\/05\/helena-datos-firm-18x2.png 18w, https:\/\/somieresjover.com\/wp-content\/uploads\/2025\/05\/helena-datos-firm-200x18.png 200w, https:\/\/somieresjover.com\/wp-content\/uploads\/2025\/05\/helena-datos-firm-640x57.png 640w, https:\/\/somieresjover.com\/wp-content\/uploads\/2025\/05\/helena-datos-firm.png 1040w\" sizes=\"(max-width: 300px) 100vw, 300px\" \/><\/p>\n<p>El colch\u00f3n HELENA es un colch\u00f3n at\u00e9rmico que se adapta a la temperatura corporal.<br \/>\nEs el\u00e1stico, antipolvo y posee tres zonas de confort.<\/p>\n<p><img loading=\"lazy\" decoding=\"async\" class=\"aligncenter wp-image-78313 size-large\" src=\"https:\/\/somieresjover.com\/wp-content\/uploads\/2025\/05\/HELENA-COLCHON_NUCLEO-1024x788.png\" alt=\"\" width=\"1024\" height=\"788\" srcset=\"https:\/\/somieresjover.com\/wp-content\/uploads\/2025\/05\/HELENA-COLCHON_NUCLEO-1024x788.png 1024w, https:\/\/somieresjover.com\/wp-content\/uploads\/2025\/05\/HELENA-COLCHON_NUCLEO-300x231.png 300w, https:\/\/somieresjover.com\/wp-content\/uploads\/2025\/05\/HELENA-COLCHON_NUCLEO-768x591.png 768w, https:\/\/somieresjover.com\/wp-content\/uploads\/2025\/05\/HELENA-COLCHON_NUCLEO-16x12.png 16w, https:\/\/somieresjover.com\/wp-content\/uploads\/2025\/05\/HELENA-COLCHON_NUCLEO-200x154.png 200w, https:\/\/somieresjover.com\/wp-content\/uploads\/2025\/05\/HELENA-COLCHON_NUCLEO-640x492.png 640w, https:\/\/somieresjover.com\/wp-content\/uploads\/2025\/05\/HELENA-COLCHON_NUCLEO.png 1297w\" sizes=\"(max-width: 1024px) 100vw, 1024px\" \/><\/p>\n<ol>\n<li>Funda Superior en Tejido Stretch 430 gr\/m2. 97% Polyester &#8211; 3% Elastan.<\/li>\n<li>N\u00facleo L\u00e1tex 100%.<\/li>\n<li>Funda interior n\u00facleo 50% Poli\u00e9ster y 50% Algod\u00f3n.<\/li>\n<li>Funda Inferior.<\/li>\n<\/ol>\n<p>&nbsp;<\/p>\n","protected":false},"featured_media":78329,"comment_status":"open","ping_status":"closed","template":"","meta":[],"product_brand":[],"product_cat":[86],"product_tag":[120],"class_list":{"0":"post-78449","1":"product","2":"type-product","3":"status-publish","4":"has-post-thumbnail","6":"product_cat-colchones","7":"product_tag-colchones-tag","9":"first","10":"instock","11":"shipping-taxable","12":"product-type-variable","13":"litho-product-5col"},"_links":{"self":[{"href":"https:\/\/somieresjover.com\/es\/wp-json\/wp\/v2\/product\/78449","targetHints":{"allow":["GET"]}}],"collection":[{"href":"https:\/\/somieresjover.com\/es\/wp-json\/wp\/v2\/product"}],"about":[{"href":"https:\/\/somieresjover.com\/es\/wp-json\/wp\/v2\/types\/product"}],"replies":[{"embeddable":true,"href":"https:\/\/somieresjover.com\/es\/wp-json\/wp\/v2\/comments?post=78449"}],"wp:featuredmedia":[{"embeddable":true,"href":"https:\/\/somieresjover.com\/es\/wp-json\/wp\/v2\/media\/78329"}],"wp:attachment":[{"href":"https:\/\/somieresjover.com\/es\/wp-json\/wp\/v2\/media?parent=78449"}],"wp:term":[{"taxonomy":"product_brand","embeddable":true,"href":"https:\/\/somieresjover.com\/es\/wp-json\/wp\/v2\/product_brand?post=78449"},{"taxonomy":"product_cat","embeddable":true,"href":"https:\/\/somieresjover.com\/es\/wp-json\/wp\/v2\/product_cat?post=78449"},{"taxonomy":"product_tag","embeddable":true,"href":"https:\/\/somieresjover.com\/es\/wp-json\/wp\/v2\/product_tag?post=78449"}],"curies":[{"name":"wp","href":"https:\/\/api.w.org\/{rel}","templated":true}]}}