{"id":78155,"date":"2025-05-07T17:48:03","date_gmt":"2025-05-07T15:48:03","guid":{"rendered":"https:\/\/somieresjover.com\/?post_type=product&#038;p=78155"},"modified":"2025-05-07T17:50:09","modified_gmt":"2025-05-07T15:50:09","slug":"juego-de-sujeta-colchones","status":"publish","type":"product","link":"https:\/\/somieresjover.com\/es\/tienda\/complementos\/juego-de-sujeta-colchones\/","title":{"rendered":"SUJETA COLCHONES"},"content":{"rendered":"","protected":false},"excerpt":{"rendered":"<ul>\n<li>Arquillos met\u00e1licos de 4 unidades, que se instalan a presi\u00f3n de forma f\u00e1cil en los laterales del colch\u00f3n para impedir que este se desplace durante su descanso.<\/li>\n<li>Se colocan 2 en el lateral derecho y 2 en el lateral izquierdo.<\/li>\n<li>Para que el sujeta colchones sea apto para su somier, la distancia entre las lamas de su somier debe ser la misma que entre los clips de sujeci\u00f3n.<\/li>\n<\/ul>\n","protected":false},"featured_media":76995,"comment_status":"open","ping_status":"closed","template":"","meta":[],"product_brand":[],"product_cat":[87],"product_tag":[119],"class_list":{"0":"post-78155","1":"product","2":"type-product","3":"status-publish","4":"has-post-thumbnail","6":"product_cat-complementos","7":"product_tag-complementos-tag","9":"first","10":"instock","11":"shipping-taxable","12":"product-type-simple","13":"litho-product-5col"},"_links":{"self":[{"href":"https:\/\/somieresjover.com\/es\/wp-json\/wp\/v2\/product\/78155","targetHints":{"allow":["GET"]}}],"collection":[{"href":"https:\/\/somieresjover.com\/es\/wp-json\/wp\/v2\/product"}],"about":[{"href":"https:\/\/somieresjover.com\/es\/wp-json\/wp\/v2\/types\/product"}],"replies":[{"embeddable":true,"href":"https:\/\/somieresjover.com\/es\/wp-json\/wp\/v2\/comments?post=78155"}],"wp:featuredmedia":[{"embeddable":true,"href":"https:\/\/somieresjover.com\/es\/wp-json\/wp\/v2\/media\/76995"}],"wp:attachment":[{"href":"https:\/\/somieresjover.com\/es\/wp-json\/wp\/v2\/media?parent=78155"}],"wp:term":[{"taxonomy":"product_brand","embeddable":true,"href":"https:\/\/somieresjover.com\/es\/wp-json\/wp\/v2\/product_brand?post=78155"},{"taxonomy":"product_cat","embeddable":true,"href":"https:\/\/somieresjover.com\/es\/wp-json\/wp\/v2\/product_cat?post=78155"},{"taxonomy":"product_tag","embeddable":true,"href":"https:\/\/somieresjover.com\/es\/wp-json\/wp\/v2\/product_tag?post=78155"}],"curies":[{"name":"wp","href":"https:\/\/api.w.org\/{rel}","templated":true}]}}