{"id":77714,"date":"2025-05-06T18:26:30","date_gmt":"2025-05-06T16:26:30","guid":{"rendered":"https:\/\/somieresjover.com\/?post_type=product&#038;p=77714"},"modified":"2025-05-13T09:29:40","modified_gmt":"2025-05-13T07:29:40","slug":"verona","status":"publish","type":"product","link":"https:\/\/somieresjover.com\/es\/tienda\/colchones\/verona\/","title":{"rendered":"VERONA"},"content":{"rendered":"<p><img decoding=\"async\" class=\"alignleft wp-image-76637\" src=\"https:\/\/somieresjover.com\/wp-content\/uploads\/2025\/04\/iconos-20.png\" alt=\"\" width=\"60\" height=\"55\" srcset=\"https:\/\/somieresjover.com\/wp-content\/uploads\/2025\/04\/iconos-20.png 243w, https:\/\/somieresjover.com\/wp-content\/uploads\/2025\/04\/iconos-20-13x12.png 13w, https:\/\/somieresjover.com\/wp-content\/uploads\/2025\/04\/iconos-20-200x182.png 200w\" sizes=\"(max-width: 60px) 100vw, 60px\" \/><strong>Viscoel\u00e1stica:<\/strong> Material termosensible que se adapta al cuerpo perfectamente, permitiendo aliviar y mejorar la presi\u00f3n sangu\u00ednea gracias a su sistema de c\u00e9lulas abiertas.<\/p>\n<p>&nbsp;<\/p>\n<p><img decoding=\"async\" class=\"alignleft wp-image-77765\" src=\"https:\/\/somieresjover.com\/wp-content\/uploads\/2025\/05\/iconos-21.png\" alt=\"\" width=\"60\" height=\"55\" srcset=\"https:\/\/somieresjover.com\/wp-content\/uploads\/2025\/05\/iconos-21.png 243w, https:\/\/somieresjover.com\/wp-content\/uploads\/2025\/05\/iconos-21-13x12.png 13w, https:\/\/somieresjover.com\/wp-content\/uploads\/2025\/05\/iconos-21-200x182.png 200w\" sizes=\"(max-width: 60px) 100vw, 60px\" \/><\/p>\n<p><strong>Compurforma:<\/strong> Material inyectado en molde sistema \u201cMemory Forma\u201d con siete zonas de descanso diferenciadas en su totalidad.<\/p>\n<p>&nbsp;<\/p>\n<p><img decoding=\"async\" class=\"wp-image-77768 alignleft\" src=\"https:\/\/somieresjover.com\/wp-content\/uploads\/2025\/05\/iconos-22.png\" alt=\"\" width=\"60\" height=\"55\" srcset=\"https:\/\/somieresjover.com\/wp-content\/uploads\/2025\/05\/iconos-22.png 243w, https:\/\/somieresjover.com\/wp-content\/uploads\/2025\/05\/iconos-22-13x12.png 13w, https:\/\/somieresjover.com\/wp-content\/uploads\/2025\/05\/iconos-22-200x182.png 200w\" sizes=\"(max-width: 60px) 100vw, 60px\" \/><\/p>\n<p><strong>Tejido Stretch 340 gr\/m\u00b2:<\/strong> Tejido el\u00e1stico de gran adaptabilidad, resaltando los materiales de su acolchado y proporcionando un descanso id\u00f3neo y acogedor. 10% viscosa &#8211; 87% Polyester &#8211; 3% elastan.<\/p>\n","protected":false},"excerpt":{"rendered":"<p><strong>Altura Total: 20+2cm<\/strong><\/p>\n<p><span class=\"nomargin_parent\"><strong>Adaptabilidad<\/strong><\/span><\/p>\n<p><img loading=\"lazy\" decoding=\"async\" class=\"alignnone size-medium wp-image-77905\" src=\"https:\/\/somieresjover.com\/wp-content\/uploads\/2025\/05\/verona-datos-adapt-300x27.png\" alt=\"\" width=\"300\" height=\"27\" srcset=\"https:\/\/somieresjover.com\/wp-content\/uploads\/2025\/05\/verona-datos-adapt-300x27.png 300w, https:\/\/somieresjover.com\/wp-content\/uploads\/2025\/05\/verona-datos-adapt-1024x92.png 1024w, https:\/\/somieresjover.com\/wp-content\/uploads\/2025\/05\/verona-datos-adapt-768x69.png 768w, https:\/\/somieresjover.com\/wp-content\/uploads\/2025\/05\/verona-datos-adapt-18x2.png 18w, https:\/\/somieresjover.com\/wp-content\/uploads\/2025\/05\/verona-datos-adapt-200x18.png 200w, https:\/\/somieresjover.com\/wp-content\/uploads\/2025\/05\/verona-datos-adapt-640x57.png 640w, https:\/\/somieresjover.com\/wp-content\/uploads\/2025\/05\/verona-datos-adapt.png 1040w\" sizes=\"(max-width: 300px) 100vw, 300px\" \/><\/p>\n<p><span class=\"nomargin_parent\"><strong>Firmeza<\/strong><\/span><\/p>\n<p><img loading=\"lazy\" decoding=\"async\" class=\"alignnone size-medium wp-image-77904\" src=\"https:\/\/somieresjover.com\/wp-content\/uploads\/2025\/05\/verona-datos-firm-300x27.png\" alt=\"\" width=\"300\" height=\"27\" srcset=\"https:\/\/somieresjover.com\/wp-content\/uploads\/2025\/05\/verona-datos-firm-300x27.png 300w, https:\/\/somieresjover.com\/wp-content\/uploads\/2025\/05\/verona-datos-firm-1024x92.png 1024w, https:\/\/somieresjover.com\/wp-content\/uploads\/2025\/05\/verona-datos-firm-768x69.png 768w, https:\/\/somieresjover.com\/wp-content\/uploads\/2025\/05\/verona-datos-firm-18x2.png 18w, https:\/\/somieresjover.com\/wp-content\/uploads\/2025\/05\/verona-datos-firm-200x18.png 200w, https:\/\/somieresjover.com\/wp-content\/uploads\/2025\/05\/verona-datos-firm-640x57.png 640w, https:\/\/somieresjover.com\/wp-content\/uploads\/2025\/05\/verona-datos-firm.png 1040w\" sizes=\"(max-width: 300px) 100vw, 300px\" \/><\/p>\n<p>El colch\u00f3n VERONA es un colch\u00f3n inyectado en molde con sistema \u201cMemory Forma\u201d, con viscol\u00e1stica de 65 kg y poliuretano de 30 Kg.<\/p>\n<p><img loading=\"lazy\" decoding=\"async\" class=\"aligncenter wp-image-78252 size-large\" src=\"https:\/\/somieresjover.com\/wp-content\/uploads\/2025\/05\/VERONA-COLCHON_NUCLEO-1024x788.png\" alt=\"\" width=\"1024\" height=\"788\" srcset=\"https:\/\/somieresjover.com\/wp-content\/uploads\/2025\/05\/VERONA-COLCHON_NUCLEO-1024x788.png 1024w, https:\/\/somieresjover.com\/wp-content\/uploads\/2025\/05\/VERONA-COLCHON_NUCLEO-300x231.png 300w, https:\/\/somieresjover.com\/wp-content\/uploads\/2025\/05\/VERONA-COLCHON_NUCLEO-768x591.png 768w, https:\/\/somieresjover.com\/wp-content\/uploads\/2025\/05\/VERONA-COLCHON_NUCLEO-16x12.png 16w, https:\/\/somieresjover.com\/wp-content\/uploads\/2025\/05\/VERONA-COLCHON_NUCLEO-200x154.png 200w, https:\/\/somieresjover.com\/wp-content\/uploads\/2025\/05\/VERONA-COLCHON_NUCLEO-640x492.png 640w, https:\/\/somieresjover.com\/wp-content\/uploads\/2025\/05\/VERONA-COLCHON_NUCLEO.png 1297w\" sizes=\"(max-width: 1024px) 100vw, 1024px\" \/><\/p>\n<ol>\n<li>Funda Superior en Tejido Stretch 340 gr\/m2. 10% Viscosa &#8211; 87% Polyester &#8211; 3% Elastan. 10 cm Viscol\u00e1stica 65 kg de Inyectado.<\/li>\n<li>N\u00facleo HR de 10 cm 30 kg. Poliuretano inyectado.<\/li>\n<li>Funda interior n\u00facleo 50% Poli\u00e9ster y 50% Algod\u00f3n.<\/li>\n<li>Funda Inferior en Tejido 3D. Espuma Supersuave 1,7 cm. Fliselina 30 gr.<\/li>\n<\/ol>\n<p>&nbsp;<\/p>\n","protected":false},"featured_media":77764,"comment_status":"open","ping_status":"closed","template":"","meta":[],"product_brand":[],"product_cat":[86],"product_tag":[120],"class_list":{"0":"post-77714","1":"product","2":"type-product","3":"status-publish","4":"has-post-thumbnail","6":"product_cat-colchones","7":"product_tag-colchones-tag","9":"first","10":"instock","11":"shipping-taxable","12":"product-type-variable","13":"litho-product-5col"},"_links":{"self":[{"href":"https:\/\/somieresjover.com\/es\/wp-json\/wp\/v2\/product\/77714","targetHints":{"allow":["GET"]}}],"collection":[{"href":"https:\/\/somieresjover.com\/es\/wp-json\/wp\/v2\/product"}],"about":[{"href":"https:\/\/somieresjover.com\/es\/wp-json\/wp\/v2\/types\/product"}],"replies":[{"embeddable":true,"href":"https:\/\/somieresjover.com\/es\/wp-json\/wp\/v2\/comments?post=77714"}],"wp:featuredmedia":[{"embeddable":true,"href":"https:\/\/somieresjover.com\/es\/wp-json\/wp\/v2\/media\/77764"}],"wp:attachment":[{"href":"https:\/\/somieresjover.com\/es\/wp-json\/wp\/v2\/media?parent=77714"}],"wp:term":[{"taxonomy":"product_brand","embeddable":true,"href":"https:\/\/somieresjover.com\/es\/wp-json\/wp\/v2\/product_brand?post=77714"},{"taxonomy":"product_cat","embeddable":true,"href":"https:\/\/somieresjover.com\/es\/wp-json\/wp\/v2\/product_cat?post=77714"},{"taxonomy":"product_tag","embeddable":true,"href":"https:\/\/somieresjover.com\/es\/wp-json\/wp\/v2\/product_tag?post=77714"}],"curies":[{"name":"wp","href":"https:\/\/api.w.org\/{rel}","templated":true}]}}