{"id":75744,"date":"2025-03-31T11:07:34","date_gmt":"2025-03-31T09:07:34","guid":{"rendered":"https:\/\/somieresjover.com\/?post_type=product&#038;p=75744"},"modified":"2025-05-13T13:09:44","modified_gmt":"2025-05-13T11:09:44","slug":"iristapi","status":"publish","type":"product","link":"https:\/\/somieresjover.com\/es\/tienda\/camas-articuladas\/camas-articuladas-madera\/iristapi\/","title":{"rendered":"IRISTAPI"},"content":{"rendered":"<p><img decoding=\"async\" class=\" wp-image-76621 alignleft\" src=\"https:\/\/somieresjover.com\/wp-content\/uploads\/2025\/04\/iconos-4.png\" alt=\"\" width=\"60\" height=\"54\" srcset=\"https:\/\/somieresjover.com\/wp-content\/uploads\/2025\/04\/iconos-4.png 243w, https:\/\/somieresjover.com\/wp-content\/uploads\/2025\/04\/iconos-4-13x12.png 13w, https:\/\/somieresjover.com\/wp-content\/uploads\/2025\/04\/iconos-4-200x181.png 200w\" sizes=\"(max-width: 60px) 100vw, 60px\" \/><strong>Sistema Rody:<\/strong> Elevaci\u00f3n zona lumbar y respaldo mediante rodillos, para darle mayor firmeza y suavidad.<\/p>\n<p>&nbsp;<\/p>\n<p><img decoding=\"async\" class=\" wp-image-76628 alignleft\" src=\"https:\/\/somieresjover.com\/wp-content\/uploads\/2025\/04\/iconos-11.png\" alt=\"\" width=\"60\" height=\"54\" srcset=\"https:\/\/somieresjover.com\/wp-content\/uploads\/2025\/04\/iconos-11.png 243w, https:\/\/somieresjover.com\/wp-content\/uploads\/2025\/04\/iconos-11-13x12.png 13w, https:\/\/somieresjover.com\/wp-content\/uploads\/2025\/04\/iconos-11-200x181.png 200w\" sizes=\"(max-width: 60px) 100vw, 60px\" \/><\/p>\n<p><strong>Respaldo Perfeccionado:<\/strong> Sistema sin p\u00e9rdida de cama en su elevaci\u00f3n mediante gu\u00eda de aluminio y rodamiento.<\/p>\n<p>&nbsp;<\/p>\n<p><img decoding=\"async\" class=\" wp-image-76626 alignleft\" src=\"https:\/\/somieresjover.com\/wp-content\/uploads\/2025\/04\/iconos-9.png\" alt=\"\" width=\"60\" height=\"54\" srcset=\"https:\/\/somieresjover.com\/wp-content\/uploads\/2025\/04\/iconos-9.png 243w, https:\/\/somieresjover.com\/wp-content\/uploads\/2025\/04\/iconos-9-13x12.png 13w, https:\/\/somieresjover.com\/wp-content\/uploads\/2025\/04\/iconos-9-200x181.png 200w\" sizes=\"(max-width: 60px) 100vw, 60px\" \/><\/p>\n<p><strong>Sistema Anclaje:<\/strong> Sistema de anclaje de las articulaciones de madera sin tornillos.<\/p>\n<p>&nbsp;<\/p>\n<p><img loading=\"lazy\" decoding=\"async\" class=\" wp-image-76625 alignleft\" src=\"https:\/\/somieresjover.com\/wp-content\/uploads\/2025\/04\/iconos-8.png\" alt=\"\" width=\"60\" height=\"54\" srcset=\"https:\/\/somieresjover.com\/wp-content\/uploads\/2025\/04\/iconos-8.png 243w, https:\/\/somieresjover.com\/wp-content\/uploads\/2025\/04\/iconos-8-13x12.png 13w, https:\/\/somieresjover.com\/wp-content\/uploads\/2025\/04\/iconos-8-200x181.png 200w\" sizes=\"(max-width: 60px) 100vw, 60px\" \/><\/p>\n<p><strong>Articulaciones Tapizados 3D:<\/strong> Articulaciones tapizadas con bastidor de madera, espuma de 10 cm de 28 Kg y tela 3D.<\/p>\n","protected":false},"excerpt":{"rendered":"<p><strong>Altura Total: 38cm<\/strong><\/p>\n<ol>\n<li>Somier articulado con 5 zonas de descanso tapizadas en 3D.<\/li>\n<li>Bastidor formado por 3 molduras (150x25mm) revestido con papel.<\/li>\n<li>Articulaciones de madera con ejes de poliamida.<\/li>\n<\/ol>\n<ul>\n<li>Los tapizados est\u00e1n compuestos de tablero de 25mm. Macizo contrachapado + espuma de 1 cm + tejido 3D.<\/li>\n<li>Motor el\u00e9ctrico: Bater\u00eda incorporada para que en caso de fallo de corriente pueda volver a su posici\u00f3n horizontal.<\/li>\n<li>Patas de Madera: A juego con molduras.<\/li>\n<li>Mando inal\u00e1mbrico incluido.<\/li>\n<li>Tapicer\u00eda: Somier tapizado en 3D.<\/li>\n<\/ul>\n<p>Consulte la secci\u00f3n de Complementos para obtener m\u00e1s informaci\u00f3n sobre patas y molduras.<\/p>\n","protected":false},"featured_media":78843,"comment_status":"open","ping_status":"closed","template":"","meta":[],"product_brand":[],"product_cat":[79,80],"product_tag":[116],"class_list":{"0":"post-75744","1":"product","2":"type-product","3":"status-publish","4":"has-post-thumbnail","6":"product_cat-camas-articuladas","7":"product_cat-camas-articuladas-madera","8":"product_tag-camas-articuladas-tag","10":"first","11":"instock","12":"shipping-taxable","13":"product-type-variable","14":"litho-product-5col"},"_links":{"self":[{"href":"https:\/\/somieresjover.com\/es\/wp-json\/wp\/v2\/product\/75744","targetHints":{"allow":["GET"]}}],"collection":[{"href":"https:\/\/somieresjover.com\/es\/wp-json\/wp\/v2\/product"}],"about":[{"href":"https:\/\/somieresjover.com\/es\/wp-json\/wp\/v2\/types\/product"}],"replies":[{"embeddable":true,"href":"https:\/\/somieresjover.com\/es\/wp-json\/wp\/v2\/comments?post=75744"}],"wp:featuredmedia":[{"embeddable":true,"href":"https:\/\/somieresjover.com\/es\/wp-json\/wp\/v2\/media\/78843"}],"wp:attachment":[{"href":"https:\/\/somieresjover.com\/es\/wp-json\/wp\/v2\/media?parent=75744"}],"wp:term":[{"taxonomy":"product_brand","embeddable":true,"href":"https:\/\/somieresjover.com\/es\/wp-json\/wp\/v2\/product_brand?post=75744"},{"taxonomy":"product_cat","embeddable":true,"href":"https:\/\/somieresjover.com\/es\/wp-json\/wp\/v2\/product_cat?post=75744"},{"taxonomy":"product_tag","embeddable":true,"href":"https:\/\/somieresjover.com\/es\/wp-json\/wp\/v2\/product_tag?post=75744"}],"curies":[{"name":"wp","href":"https:\/\/api.w.org\/{rel}","templated":true}]}}