{"id":91,"date":"2020-02-06T09:08:09","date_gmt":"2020-02-06T09:08:09","guid":{"rendered":"https:\/\/litho.themezaa.com\/?page_id=91"},"modified":"2025-05-07T13:31:16","modified_gmt":"2025-05-07T11:31:16","slug":"fabricacion","status":"publish","type":"page","link":"https:\/\/somieresjover.com\/es\/fabricacion\/","title":{"rendered":"Fabricaci\u00f3n"},"content":{"rendered":"\t\t<div data-elementor-type=\"wp-page\" data-elementor-id=\"91\" class=\"elementor elementor-91\" data-elementor-settings=\"{&quot;ha_cmc_init_switcher&quot;:&quot;no&quot;}\" data-elementor-post-type=\"page\">\n\t\t\t\t\t\t<section class=\"elementor-section elementor-top-section elementor-element elementor-element-8f83542 elementor-section-boxed elementor-section-height-default elementor-section-height-default elementor-invisible\" data-id=\"8f83542\" data-element_type=\"section\" data-settings=\"{&quot;background_background&quot;:&quot;classic&quot;,&quot;animation&quot;:&quot;fadeIn&quot;,&quot;_ha_eqh_enable&quot;:false}\">\n\t\t\t\t\t\t<div class=\"elementor-container elementor-column-gap-default\">\n\t\t\t\t\t<div class=\" elementor-column elementor-col-100 elementor-top-column elementor-element elementor-element-dc95d52 elementor-invisible\" data-fullscreen-column-settings=\"{&quot;fullscreen&quot;:&quot;&quot;}\" data-id=\"dc95d52\" data-element_type=\"column\" data-settings=\"{&quot;animation&quot;:&quot;fadeInUp&quot;}\">\n\t\t\t<div class=\"elementor-widget-wrap elementor-element-populated\">\n\t\t\t\t\t\t<div class=\"elementor-element elementor-element-8ddef9d elementor-widget elementor-widget-litho-content-block\" data-id=\"8ddef9d\" data-element_type=\"widget\" data-settings=\"{&quot;litho_content_block_style&quot;:&quot;block-style-2&quot;}\" data-widget_type=\"litho-content-block.default\">\n\t\t\t\t<div class=\"elementor-widget-container\">\n\t\t\t\t\t\t\t\t<div class=\"content-block content-block-style-2\">\n\t\t\t\t<img decoding=\"async\" src=\"\" alt=\"\"  \/>\t\t\t\t\t\t<div class=\"content-wrap\"><span class=\"vertical-separator\"><\/span><div class=\"title\">Fabricaci\u00f3n Integral<\/div><div class=\"content\"><p class=\"\" data-start=\"233\" data-end=\"746\">En Jover Somieres de Descanso, entendemos la fabricaci\u00f3n integral como un proceso que abarca todas las etapas de producci\u00f3n, desde la selecci\u00f3n de materias primas hasta el producto final. Este enfoque nos permite controlar cada fase del proceso, asegurando la m\u00e1xima calidad y eficiencia en nuestros productos. Al integrar tecnolog\u00edas avanzadas y un equipo humano altamente cualificado, garantizamos soluciones de descanso que cumplen con los m\u00e1s altos est\u00e1ndares del mercado.<\/p><\/div><\/div>\n\t\t\t\t\t\t\t\t\t<\/div>\n\t\t\t\t\t\t\t<\/div>\n\t\t\t\t<\/div>\n\t\t\t\t\t<\/div>\n\t\t<\/div>\n\t\t\t\t\t<\/div>\n\t\t<\/section>\n\t\t\t\t<section data-parallax-section-settings=\"{&quot;parallax_ratio&quot;:0.1,&quot;parallax&quot;:&quot;parallax&quot;}\" class=\"elementor-section elementor-top-section elementor-element elementor-element-9b62c7c elementor-reverse-mobile elementor-section-boxed elementor-section-height-default elementor-section-height-default\" data-id=\"9b62c7c\" data-element_type=\"section\" data-settings=\"{&quot;background_background&quot;:&quot;classic&quot;,&quot;_ha_eqh_enable&quot;:false}\">\n\t\t\t\t\t\t\t<div class=\"elementor-background-overlay\"><\/div>\n\t\t\t\t\t\t\t<div class=\"elementor-container elementor-column-gap-default\">\n\t\t\t\t\t<div class=\" elementor-column elementor-col-50 elementor-top-column elementor-element elementor-element-02bf897 elementor-invisible\" data-fullscreen-column-settings=\"{&quot;fullscreen&quot;:&quot;&quot;}\" data-id=\"02bf897\" data-element_type=\"column\" data-settings=\"{&quot;animation&quot;:&quot;fadeIn&quot;,&quot;animation_delay&quot;:100}\">\n\t\t\t<div class=\"elementor-widget-wrap elementor-element-populated\">\n\t\t\t\t\t\t<div class=\"elementor-element elementor-element-33c41fe elementor-widget elementor-widget-litho-heading\" data-id=\"33c41fe\" data-element_type=\"widget\" data-widget_type=\"litho-heading.default\">\n\t\t\t\t<div class=\"elementor-widget-container\">\n\t\t\t\t\t<h4 class=\"litho-heading elementor-size-default\"><span class=\"litho-primary-title\">Fabricaci\u00f3n Metal<\/span><\/h4>\t\t\t\t<\/div>\n\t\t\t\t<\/div>\n\t\t\t\t<div class=\"elementor-element elementor-element-f4ad72e elementor-widget-mobile__width-inherit elementor-widget elementor-widget-litho-heading\" data-id=\"f4ad72e\" data-element_type=\"widget\" data-widget_type=\"litho-heading.default\">\n\t\t\t\t<div class=\"elementor-widget-container\">\n\t\t\t\t\t<span class=\"litho-heading elementor-size-default\"><span class=\"litho-primary-title\">En Jover seleccionamos aceros de alta calidad para fabricar bastidores s\u00f3lidos y duraderos, garantizando la resistencia necesaria en cada somier y canap\u00e9. Empleamos procesos de corte con CNC, doblado de perfiles y soldadura especializada para dar forma y unir las estructuras met\u00e1licas seg\u00fan dise\u00f1o. Cada pieza se somete a tratamiento anticorrosivo y pintura electrost\u00e1tica antes del montaje final con componentes de madera y pl\u00e1stico, asegurando un acabado est\u00e9tico y una protecci\u00f3n excelente contra el desgaste.<\/span><\/span>\t\t\t\t<\/div>\n\t\t\t\t<\/div>\n\t\t\t\t\t<\/div>\n\t\t<\/div>\n\t\t\t\t<div class=\" elementor-column elementor-col-50 elementor-top-column elementor-element elementor-element-18419a7 elementor-hidden-phone elementor-invisible\" data-fullscreen-column-settings=\"{&quot;fullscreen&quot;:&quot;&quot;}\" data-id=\"18419a7\" data-element_type=\"column\" data-settings=\"{&quot;animation&quot;:&quot;fadeIn&quot;}\">\n\t\t\t<div class=\"elementor-widget-wrap elementor-element-populated\">\n\t\t\t\t\t\t<div class=\"elementor-element elementor-element-fa3bd70 elementor-widget elementor-widget-video\" data-id=\"fa3bd70\" data-element_type=\"widget\" data-settings=\"{&quot;video_type&quot;:&quot;hosted&quot;,&quot;mute&quot;:&quot;yes&quot;,&quot;controls&quot;:&quot;yes&quot;}\" data-widget_type=\"video.default\">\n\t\t\t\t<div class=\"elementor-widget-container\">\n\t\t\t\t\t\t\t<div class=\"e-hosted-video elementor-wrapper elementor-open-inline\">\n\t\t\t\t\t<video class=\"elementor-video\" src=\"https:\/\/somieresjover.com\/wp-content\/uploads\/2025\/04\/video-jover-metal_bzQH5vnU.mp4\" controls=\"\" preload=\"metadata\" muted=\"muted\" controlsList=\"nodownload\" poster=\"https:\/\/somieresjover.com\/wp-content\/uploads\/2025\/04\/metal.jpg\"><\/video>\n\t\t\t\t<\/div>\n\t\t\t\t\t\t<\/div>\n\t\t\t\t<\/div>\n\t\t\t\t\t<\/div>\n\t\t<\/div>\n\t\t\t\t\t<\/div>\n\t\t<\/section>\n\t\t\t\t<section data-parallax-section-settings=\"{&quot;parallax_ratio&quot;:0.1,&quot;parallax&quot;:&quot;parallax&quot;}\" class=\"elementor-section elementor-top-section elementor-element elementor-element-b61e68f elementor-reverse-mobile elementor-section-boxed elementor-section-height-default elementor-section-height-default\" data-id=\"b61e68f\" data-element_type=\"section\" data-settings=\"{&quot;background_background&quot;:&quot;classic&quot;,&quot;_ha_eqh_enable&quot;:false}\">\n\t\t\t\t\t\t\t<div class=\"elementor-background-overlay\"><\/div>\n\t\t\t\t\t\t\t<div class=\"elementor-container elementor-column-gap-default\">\n\t\t\t\t\t<div class=\" elementor-column elementor-col-50 elementor-top-column elementor-element elementor-element-9f8f36a elementor-invisible\" data-fullscreen-column-settings=\"{&quot;fullscreen&quot;:&quot;&quot;}\" data-id=\"9f8f36a\" data-element_type=\"column\" data-settings=\"{&quot;animation&quot;:&quot;fadeIn&quot;,&quot;animation_delay&quot;:100}\">\n\t\t\t<div class=\"elementor-widget-wrap elementor-element-populated\">\n\t\t\t\t\t\t<div class=\"elementor-element elementor-element-87c4715 elementor-widget elementor-widget-litho-heading\" data-id=\"87c4715\" data-element_type=\"widget\" data-widget_type=\"litho-heading.default\">\n\t\t\t\t<div class=\"elementor-widget-container\">\n\t\t\t\t\t<h4 class=\"litho-heading elementor-size-default\"><span class=\"litho-primary-title\">Fabricaci\u00f3n Madera<\/span><\/h4>\t\t\t\t<\/div>\n\t\t\t\t<\/div>\n\t\t\t\t<div class=\"elementor-element elementor-element-d6e4c39 elementor-widget-mobile__width-inherit elementor-widget elementor-widget-litho-heading\" data-id=\"d6e4c39\" data-element_type=\"widget\" data-widget_type=\"litho-heading.default\">\n\t\t\t\t<div class=\"elementor-widget-container\">\n\t\t\t\t\t<span class=\"litho-heading elementor-size-default\"><span class=\"litho-primary-title\">La madera es un componente esencial en nuestros productos, aportando calidez y confort. Seleccionamos cuidadosamente maderas de alta calidad, como la haya, conocidas por su resistencia y flexibilidad. El proceso de fabricaci\u00f3n comienza con el secado y tratamiento de la madera para garantizar su estabilidad y durabilidad. Luego, se procede al corte y mecanizado de las piezas, creando molduras y lamas que se adaptan a las necesidades ergon\u00f3micas del descanso. Cada componente de madera se somete a un proceso de lijado y acabado, aplicando barnices o lacas ecol\u00f3gicas que realzan su belleza natural y protegen la superficie. El resultado son productos que combinan funcionalidad y est\u00e9tica, ofreciendo una experiencia de descanso superior.<\/span><\/span>\t\t\t\t<\/div>\n\t\t\t\t<\/div>\n\t\t\t\t\t<\/div>\n\t\t<\/div>\n\t\t\t\t<div class=\" elementor-column elementor-col-50 elementor-top-column elementor-element elementor-element-19a8e89 elementor-hidden-phone elementor-invisible\" data-fullscreen-column-settings=\"{&quot;fullscreen&quot;:&quot;&quot;}\" data-id=\"19a8e89\" data-element_type=\"column\" data-settings=\"{&quot;animation&quot;:&quot;fadeIn&quot;}\">\n\t\t\t<div class=\"elementor-widget-wrap elementor-element-populated\">\n\t\t\t\t\t\t<div class=\"elementor-element elementor-element-2a17da6 elementor-widget elementor-widget-video\" data-id=\"2a17da6\" data-element_type=\"widget\" data-settings=\"{&quot;video_type&quot;:&quot;hosted&quot;,&quot;mute&quot;:&quot;yes&quot;,&quot;controls&quot;:&quot;yes&quot;}\" data-widget_type=\"video.default\">\n\t\t\t\t<div class=\"elementor-widget-container\">\n\t\t\t\t\t\t\t<div class=\"e-hosted-video elementor-wrapper elementor-open-inline\">\n\t\t\t\t\t<video class=\"elementor-video\" src=\"https:\/\/somieresjover.com\/wp-content\/uploads\/2025\/04\/video-jover-madera_p7T9IWsJ.mp4\" controls=\"\" preload=\"metadata\" muted=\"muted\" controlsList=\"nodownload\" poster=\"https:\/\/somieresjover.com\/wp-content\/uploads\/2025\/04\/TABACO-scaled.jpg\"><\/video>\n\t\t\t\t<\/div>\n\t\t\t\t\t\t<\/div>\n\t\t\t\t<\/div>\n\t\t\t\t\t<\/div>\n\t\t<\/div>\n\t\t\t\t\t<\/div>\n\t\t<\/section>\n\t\t\t\t<section data-parallax-section-settings=\"{&quot;parallax_ratio&quot;:0.1,&quot;parallax&quot;:&quot;parallax&quot;}\" class=\"elementor-section elementor-top-section elementor-element elementor-element-0073848 elementor-reverse-mobile elementor-section-boxed elementor-section-height-default elementor-section-height-default\" data-id=\"0073848\" data-element_type=\"section\" data-settings=\"{&quot;background_background&quot;:&quot;classic&quot;,&quot;_ha_eqh_enable&quot;:false}\">\n\t\t\t\t\t\t\t<div class=\"elementor-background-overlay\"><\/div>\n\t\t\t\t\t\t\t<div class=\"elementor-container elementor-column-gap-default\">\n\t\t\t\t\t<div class=\" elementor-column elementor-col-50 elementor-top-column elementor-element elementor-element-b6a9c53 elementor-invisible\" data-fullscreen-column-settings=\"{&quot;fullscreen&quot;:&quot;&quot;}\" data-id=\"b6a9c53\" data-element_type=\"column\" data-settings=\"{&quot;animation&quot;:&quot;fadeIn&quot;,&quot;animation_delay&quot;:100}\">\n\t\t\t<div class=\"elementor-widget-wrap elementor-element-populated\">\n\t\t\t\t\t\t<div class=\"elementor-element elementor-element-ff87569 elementor-widget elementor-widget-litho-heading\" data-id=\"ff87569\" data-element_type=\"widget\" data-widget_type=\"litho-heading.default\">\n\t\t\t\t<div class=\"elementor-widget-container\">\n\t\t\t\t\t<h4 class=\"litho-heading elementor-size-default\"><span class=\"litho-primary-title\">Fabricaci\u00f3n Pl\u00e1stico<\/span><\/h4>\t\t\t\t<\/div>\n\t\t\t\t<\/div>\n\t\t\t\t<div class=\"elementor-element elementor-element-61654e5 elementor-widget-mobile__width-inherit elementor-widget elementor-widget-litho-heading\" data-id=\"61654e5\" data-element_type=\"widget\" data-widget_type=\"litho-heading.default\">\n\t\t\t\t<div class=\"elementor-widget-container\">\n\t\t\t\t\t<span class=\"litho-heading elementor-size-default\"><span class=\"litho-primary-title\">En nuestra l\u00ednea de fabricaci\u00f3n de componentes pl\u00e1sticos, empleamos tecnolog\u00edas avanzadas como la impresi\u00f3n 3D y el moldeo por inyecci\u00f3n. La impresi\u00f3n 3D nos permite prototipar y desarrollar piezas con geometr\u00edas complejas de forma r\u00e1pida y eficiente. Una vez validado el dise\u00f1o, utilizamos el moldeo por inyecci\u00f3n para la producci\u00f3n en serie, asegurando precisi\u00f3n y uniformidad en cada componente. Los pl\u00e1sticos utilizados son seleccionados por su resistencia y durabilidad, garantizando un rendimiento \u00f3ptimo en aplicaciones como reguladores de firmeza y conectores. Este enfoque nos permite ofrecer productos innovadores y adaptados a las necesidades espec\u00edficas de nuestros clientes.<\/span><\/span>\t\t\t\t<\/div>\n\t\t\t\t<\/div>\n\t\t\t\t\t<\/div>\n\t\t<\/div>\n\t\t\t\t<div class=\" elementor-column elementor-col-50 elementor-top-column elementor-element elementor-element-5c96618 elementor-hidden-phone elementor-invisible\" data-fullscreen-column-settings=\"{&quot;fullscreen&quot;:&quot;&quot;}\" data-id=\"5c96618\" data-element_type=\"column\" data-settings=\"{&quot;animation&quot;:&quot;fadeIn&quot;}\">\n\t\t\t<div class=\"elementor-widget-wrap elementor-element-populated\">\n\t\t\t\t\t\t<div class=\"elementor-element elementor-element-1fc90fc elementor-widget elementor-widget-video\" data-id=\"1fc90fc\" data-element_type=\"widget\" data-settings=\"{&quot;video_type&quot;:&quot;hosted&quot;,&quot;mute&quot;:&quot;yes&quot;,&quot;controls&quot;:&quot;yes&quot;}\" data-widget_type=\"video.default\">\n\t\t\t\t<div class=\"elementor-widget-container\">\n\t\t\t\t\t\t\t<div class=\"e-hosted-video elementor-wrapper elementor-open-inline\">\n\t\t\t\t\t<video class=\"elementor-video\" src=\"https:\/\/somieresjover.com\/wp-content\/uploads\/2025\/04\/video-jover-plasticos_cvmFJ5lY.mp4\" controls=\"\" preload=\"metadata\" muted=\"muted\" controlsList=\"nodownload\" poster=\"https:\/\/somieresjover.com\/wp-content\/uploads\/2025\/04\/regulador-firmeza.jpg\"><\/video>\n\t\t\t\t<\/div>\n\t\t\t\t\t\t<\/div>\n\t\t\t\t<\/div>\n\t\t\t\t\t<\/div>\n\t\t<\/div>\n\t\t\t\t\t<\/div>\n\t\t<\/section>\n\t\t\t\t<\/div>\n\t\t","protected":false},"excerpt":{"rendered":"<p>Fabricaci\u00f3n Integral En Jover Somieres de Descanso, entendemos la fabricaci\u00f3n integral como un proceso que abarca todas las etapas de producci\u00f3n, desde la selecci\u00f3n de materias primas hasta el producto final. Este enfoque nos permite controlar cada fase del proceso, asegurando la m\u00e1xima calidad y eficiencia en nuestros productos. Al integrar tecnolog\u00edas avanzadas y un [&hellip;]<\/p>\n","protected":false},"author":3,"featured_media":0,"parent":0,"menu_order":257,"comment_status":"closed","ping_status":"closed","template":"","meta":{"footnotes":""},"class_list":["post-91","page","type-page","status-publish","hentry"],"_links":{"self":[{"href":"https:\/\/somieresjover.com\/es\/wp-json\/wp\/v2\/pages\/91","targetHints":{"allow":["GET"]}}],"collection":[{"href":"https:\/\/somieresjover.com\/es\/wp-json\/wp\/v2\/pages"}],"about":[{"href":"https:\/\/somieresjover.com\/es\/wp-json\/wp\/v2\/types\/page"}],"author":[{"embeddable":true,"href":"https:\/\/somieresjover.com\/es\/wp-json\/wp\/v2\/users\/3"}],"replies":[{"embeddable":true,"href":"https:\/\/somieresjover.com\/es\/wp-json\/wp\/v2\/comments?post=91"}],"version-history":[{"count":35,"href":"https:\/\/somieresjover.com\/es\/wp-json\/wp\/v2\/pages\/91\/revisions"}],"predecessor-version":[{"id":77916,"href":"https:\/\/somieresjover.com\/es\/wp-json\/wp\/v2\/pages\/91\/revisions\/77916"}],"wp:attachment":[{"href":"https:\/\/somieresjover.com\/es\/wp-json\/wp\/v2\/media?parent=91"}],"curies":[{"name":"wp","href":"https:\/\/api.w.org\/{rel}","templated":true}]}}