{"id":105,"date":"2020-02-06T09:12:46","date_gmt":"2020-02-06T09:12:46","guid":{"rendered":"https:\/\/litho.themezaa.com\/?page_id=105"},"modified":"2026-02-25T15:17:06","modified_gmt":"2026-02-25T14:17:06","slug":"contact","status":"publish","type":"page","link":"https:\/\/somieresjover.com\/es\/contact\/","title":{"rendered":"Contacto"},"content":{"rendered":"\t\t<div data-elementor-type=\"wp-page\" data-elementor-id=\"105\" class=\"elementor elementor-105\" data-elementor-settings=\"{&quot;ha_cmc_init_switcher&quot;:&quot;no&quot;}\" data-elementor-post-type=\"page\">\n\t\t\t\t\t\t<section class=\"elementor-section elementor-top-section elementor-element elementor-element-ea152df elementor-section-full_width elementor-section-height-default elementor-section-height-default\" data-id=\"ea152df\" data-element_type=\"section\" data-settings=\"{&quot;_ha_eqh_enable&quot;:false}\">\n\t\t\t\t\t\t<div class=\"elementor-container elementor-column-gap-default\">\n\t\t\t\t\t<div class=\" elementor-column elementor-col-100 elementor-top-column elementor-element elementor-element-17f7102\" data-fullscreen-column-settings=\"{&quot;fullscreen&quot;:&quot;&quot;}\" data-id=\"17f7102\" data-element_type=\"column\">\n\t\t\t<div class=\"elementor-widget-wrap elementor-element-populated\">\n\t\t\t\t\t\t<div class=\"elementor-element elementor-element-8bf1788 elementor-widget elementor-widget-slider_revolution\" data-id=\"8bf1788\" data-element_type=\"widget\" data-widget_type=\"slider_revolution.default\">\n\t\t\t\t<div class=\"elementor-widget-container\">\n\t\t\t\t\t\n\t\t<div class=\"wp-block-themepunch-revslider\">\n\t\t\t\t<p class=\"rs-p-wp-fix\"><\/p>\n\t\t\t\t<sr7-module data-alias=\"banner-acabados-1\" data-id=\"8\" id=\"SR7_8_1\" class=\"rs-ov-hidden\" data-version=\"6.7.29\">\n\t\t\t\t\t<sr7-adjuster><\/sr7-adjuster>\n\t\t\t\t\t<sr7-content>\n\t\t\t\t\t\t<sr7-slide id=\"SR7_8_1-17\" data-key=\"17\">\n\t\t\t\t\t\t\t<sr7-bg id=\"SR7_8_1-17-2\" class=\"sr7-layer\"><noscript><img decoding=\"async\" src=\"https:\/\/somieresjover.com\/wp-content\/uploads\/2025\/05\/banner-contacto-scaled.jpg\" alt=\"\" title=\"banner-contacto\"><\/noscript><\/sr7-bg>\n\t\t\t\t\t\t\t<sr7-txt id=\"SR7_8_1-17-0\" class=\"sr7-layer\">CONTACTA CON NOSOTROS<\/sr7-txt>\n\t\t\t\t\t\t<\/sr7-slide>\n\t\t\t\t\t\t<sr7-slide id=\"SR7_8_1-19\" data-key=\"19\">\n\t\t\t\t\t\t\t<sr7-bg id=\"SR7_8_1-19-2\" class=\"sr7-layer\"><noscript><img decoding=\"async\" src=\"https:\/\/somieresjover.com\/wp-content\/uploads\/2025\/04\/contacto.jpg\" alt=\"\" title=\"\"><\/noscript><\/sr7-bg>\n\t\t\t\t\t\t<\/sr7-slide>\n\t\t\t\t\t\t<sr7-slide id=\"SR7_8_1-18\" data-key=\"18\">\n\t\t\t\t\t\t<\/sr7-slide>\n\t\t\t\t\t<\/sr7-content>\n\t\t\t\t\t<image_lists style=\"display:none\">\n\t\t\t\t\t\t<img data-src=\"\/\/somieresjover.com\/wp-content\/uploads\/2025\/05\/banner-contacto-scaled.jpg\" data-libid=\"77922\" data-lib=\"medialibrary\" title=\"banner-contacto\" width=\"0\" height=\"0\" data-dbsrc=\"Ly9zb21pZXJlc2pvdmVyLmNvbS93cC1jb250ZW50L3VwbG9hZHMvMjAyNS8wNS9iYW5uZXItY29udGFjdG8tc2NhbGVkLmpwZw==\"\/>\n\t\t\t\t\t\t<img data-src=\"\/\/somieresjover.com\/wp-content\/uploads\/2025\/04\/contacto.jpg\" data-libid=\"77178\" data-lib=\"medialibrary\" width=\"0\" height=\"0\" data-dbsrc=\"Ly9zb21pZXJlc2pvdmVyLmNvbS93cC1jb250ZW50L3VwbG9hZHMvMjAyNS8wNC9jb250YWN0by5qcGc=\"\/>\n\t\t\t\t\t<\/image_lists>\n\t\t\t\t<\/sr7-module>\n\t\t\t\t<script>\n\t\t\t\t\tSR7.PMH ??={}; SR7.PMH[\"SR7_8_1\"] = {cn:100,state:false,fn: function() { if (_tpt!==undefined && _tpt.prepareModuleHeight !== undefined) {  _tpt.prepareModuleHeight({id:\"SR7_8_1\",el:[400,400,300,300,185],type:'standard',shdw:'0',gh:[400,400,213,162,100],gw:[1920,1920,1024,778,480],vpt:['-100px'],size:{fullWidth:true, fullHeight:false},mh:'0',onh:0,onw:0,bg:{color:'{\"type\":\"solid\",\"orig\":\"#000000\",\"string\":\"rgba(0, 0, 0, 1)\"}'},plType:'14',plColor:'#FFFFFF'});   SR7.PMH[\"SR7_8_1\"].state=true;} else if(SR7.PMH[\"SR7_8_1\"].cn-->0)\tsetTimeout( SR7.PMH[\"SR7_8_1\"].fn,19);}};SR7.PMH[\"SR7_8_1\" ].fn();\n\t\t\t\t<\/script>\n<\/div>\n\n\t\t\t\t\t\t<\/div>\n\t\t\t\t<\/div>\n\t\t\t\t\t<\/div>\n\t\t<\/div>\n\t\t\t\t\t<\/div>\n\t\t<\/section>\n\t\t\t\t<section class=\"elementor-section elementor-top-section elementor-element elementor-element-82286e2 elementor-section-boxed elementor-section-height-default elementor-section-height-default\" data-id=\"82286e2\" data-element_type=\"section\" data-settings=\"{&quot;_ha_eqh_enable&quot;:false}\">\n\t\t\t\t\t\t<div class=\"elementor-container elementor-column-gap-default\">\n\t\t\t\t\t<div class=\" elementor-column elementor-col-100 elementor-top-column elementor-element elementor-element-65708e1\" data-fullscreen-column-settings=\"{&quot;fullscreen&quot;:&quot;&quot;}\" data-id=\"65708e1\" data-element_type=\"column\">\n\t\t\t<div class=\"elementor-widget-wrap elementor-element-populated\">\n\t\t\t\t\t\t<div class=\"elementor-element elementor-element-5e44357 elementor-widget elementor-widget-text-editor\" data-id=\"5e44357\" data-element_type=\"widget\" data-widget_type=\"text-editor.default\">\n\t\t\t\t<div class=\"elementor-widget-container\">\n\t\t\t\t\t\t\t\t\t<p>En <strong>Jover Somieres\u00a0 de Descanso<\/strong> queremos ofrecerte siempre la mejor atenci\u00f3n. Si tienes dudas, consultas sobre nuestros productos o necesitas asistencia personalizada, no dudes en ponerte en contacto con nosotros. Estaremos encantados de atenderte.<\/p>\t\t\t\t\t\t\t\t<\/div>\n\t\t\t\t<\/div>\n\t\t\t\t<div class=\"elementor-element elementor-element-b3ff271 elementor-widget elementor-widget-tp-site-logo\" data-id=\"b3ff271\" data-element_type=\"widget\" data-widget_type=\"tp-site-logo.default\">\n\t\t\t\t<div class=\"elementor-widget-container\">\n\t\t\t\t\t<div class=\"plus-site-logo  \"><div class=\"site-logo-wrap \"><a href=\"https:\/\/somieresjover.com\/es\"  title=\"Jover\" class=\"site-normal-logo svg-logo\"><img decoding=\"async\" class=\"image-logo-wrap normal-image  \" src=\"https:\/\/somieresjover.com\/wp-content\/uploads\/2025\/03\/logo.svg\" alt=\"Jover\" \/><\/a><\/div><\/div>\t\t\t\t<\/div>\n\t\t\t\t<\/div>\n\t\t\t\t<div class=\"elementor-element elementor-element-0d5e83c elementor-widget-divider--view-line elementor-widget elementor-widget-divider\" data-id=\"0d5e83c\" data-element_type=\"widget\" data-widget_type=\"divider.default\">\n\t\t\t\t<div class=\"elementor-widget-container\">\n\t\t\t\t\t\t\t<div class=\"elementor-divider\">\n\t\t\t<span class=\"elementor-divider-separator\">\n\t\t\t\t\t\t<\/span>\n\t\t<\/div>\n\t\t\t\t\t\t<\/div>\n\t\t\t\t<\/div>\n\t\t\t\t\t<\/div>\n\t\t<\/div>\n\t\t\t\t\t<\/div>\n\t\t<\/section>\n\t\t\t\t<section class=\"elementor-section elementor-top-section elementor-element elementor-element-cb45f20 elementor-section-boxed elementor-section-height-default elementor-section-height-default\" data-id=\"cb45f20\" data-element_type=\"section\" data-settings=\"{&quot;background_background&quot;:&quot;classic&quot;,&quot;_ha_eqh_enable&quot;:false}\">\n\t\t\t\t\t\t<div class=\"elementor-container elementor-column-gap-default\">\n\t\t\t\t\t<div class=\" elementor-column elementor-col-33 elementor-top-column elementor-element elementor-element-6e6c15d hvr-float-3px\" data-fullscreen-column-settings=\"{&quot;fullscreen&quot;:&quot;&quot;}\" data-id=\"6e6c15d\" data-element_type=\"column\">\n\t\t\t<div class=\"elementor-widget-wrap elementor-element-populated\">\n\t\t\t\t\t\t<div class=\"elementor-element elementor-element-8c27145 elementor-view-default elementor-widget elementor-widget-litho-feature-box\" data-id=\"8c27145\" data-element_type=\"widget\" data-settings=\"{&quot;litho_feature_box_styles&quot;:&quot;icon-text-style-2&quot;}\" data-widget_type=\"litho-feature-box.default\">\n\t\t\t\t<div class=\"elementor-widget-container\">\n\t\t\t\t\t\t\t\t\t\t<div class=\"feature-box icon-text-style-2\">\n\t\t\t\t\t\t<div class=\"icon-text-style-wrapper\"><div class=\"elementor-icon\"><i aria-hidden=\"true\" class=\" line-icon-Mail-Read\"><\/i><\/div><div class=\"feature-box-content\"><span class=\"title\">\u00bfC\u00f3mo podemos ayudarte?<\/span><span class=\"subtitle\"><a href=\"http:\/\/informacion@somieresjover.com\" class=\"subtitle-link\">informacion@somieresjover.com<\/a><\/span><\/div><div class=\"content\"><span><p>Estamos aqu\u00ed para resolver tus dudas y brindarte la atenci\u00f3n que necesitas.<\/p><\/span><\/div><\/div>\n\t\t\t\t\t<\/div>\n\t\t\t\t\t\t\t\t\t<\/div>\n\t\t\t\t<\/div>\n\t\t\t\t\t<\/div>\n\t\t<\/div>\n\t\t\t\t<div class=\" elementor-column elementor-col-33 elementor-top-column elementor-element elementor-element-5d34b3c hvr-float-3px\" data-fullscreen-column-settings=\"{&quot;fullscreen&quot;:&quot;&quot;}\" data-id=\"5d34b3c\" data-element_type=\"column\">\n\t\t\t<div class=\"elementor-widget-wrap elementor-element-populated\">\n\t\t\t\t\t\t<div class=\"elementor-element elementor-element-fc6a71a elementor-view-default elementor-widget elementor-widget-litho-feature-box\" data-id=\"fc6a71a\" data-element_type=\"widget\" data-settings=\"{&quot;litho_feature_box_styles&quot;:&quot;icon-text-style-2&quot;}\" data-widget_type=\"litho-feature-box.default\">\n\t\t\t\t<div class=\"elementor-widget-container\">\n\t\t\t\t\t\t\t\t\t\t<div class=\"feature-box icon-text-style-2\">\n\t\t\t\t\t\t<div class=\"icon-text-style-wrapper\"><div class=\"elementor-icon\"><i aria-hidden=\"true\" class=\"hm hm-phone\"><\/i><\/div><div class=\"feature-box-content\"><span class=\"title\">\u00bfPrefieres llamarnos directamente?<\/span><span class=\"subtitle\"><a href=\"http:\/\/978%2060%2027%2003\" class=\"subtitle-link\">978 60 27 03<\/a><\/span><\/div><div class=\"content\"><span><p>Cont\u00e1ctanos de Lunes a Viernes de 8:00 a 18:30 hs<\/p><\/span><\/div><\/div>\n\t\t\t\t\t<\/div>\n\t\t\t\t\t\t\t\t\t<\/div>\n\t\t\t\t<\/div>\n\t\t\t\t\t<\/div>\n\t\t<\/div>\n\t\t\t\t<div class=\" elementor-column elementor-col-33 elementor-top-column elementor-element elementor-element-f5c23d7 hvr-float-3px\" data-fullscreen-column-settings=\"{&quot;fullscreen&quot;:&quot;&quot;}\" data-id=\"f5c23d7\" data-element_type=\"column\">\n\t\t\t<div class=\"elementor-widget-wrap elementor-element-populated\">\n\t\t\t\t\t\t<div class=\"elementor-element elementor-element-6044cb5 elementor-view-default elementor-widget elementor-widget-litho-feature-box\" data-id=\"6044cb5\" data-element_type=\"widget\" id=\"link_to_contact_form\" data-settings=\"{&quot;litho_feature_box_styles&quot;:&quot;icon-text-style-2&quot;}\" data-widget_type=\"litho-feature-box.default\">\n\t\t\t\t<div class=\"elementor-widget-container\">\n\t\t\t\t\t\t\t\t\t\t<div class=\"feature-box icon-text-style-2\">\n\t\t\t\t\t\t<div class=\"icon-text-style-wrapper\"><div class=\"elementor-icon\"><i aria-hidden=\"true\" class=\"hm hm-form\"><\/i><\/div><div class=\"feature-box-content\"><span class=\"title\">\u00bfQuieres solicitar un presupuesto?<\/span><span class=\"subtitle\"><a >Formulario de contacto<\/a><\/span><\/div><div class=\"content\"><span><p>Cu\u00e9ntanos qu\u00e9 necesitas y te enviaremos una propuesta personalizada.<\/p><\/span><\/div><\/div>\n\t\t\t\t\t<\/div>\n\t\t\t\t\t\t\t\t\t<\/div>\n\t\t\t\t<\/div>\n\t\t\t\t\t<\/div>\n\t\t<\/div>\n\t\t\t\t\t<\/div>\n\t\t<\/section>\n\t\t\t\t<section class=\"elementor-section elementor-top-section elementor-element elementor-element-d80a7bd elementor-section-full_width elementor-section-height-default elementor-section-height-default elementor-invisible\" data-id=\"d80a7bd\" data-element_type=\"section\" data-settings=\"{&quot;animation&quot;:&quot;fadeIn&quot;,&quot;_ha_eqh_enable&quot;:false}\">\n\t\t\t\t\t\t<div class=\"elementor-container elementor-column-gap-no\">\n\t\t\t\t\t<div class=\" elementor-column elementor-col-100 elementor-top-column elementor-element elementor-element-84c16e5\" data-fullscreen-column-settings=\"{&quot;fullscreen&quot;:&quot;&quot;}\" data-id=\"84c16e5\" data-element_type=\"column\">\n\t\t\t<div class=\"elementor-widget-wrap elementor-element-populated\">\n\t\t\t\t\t\t<div class=\"elementor-element elementor-element-036e851 elementor-invisible elementor-widget elementor-widget-google_maps\" data-id=\"036e851\" data-element_type=\"widget\" data-settings=\"{&quot;_animation&quot;:&quot;fadeInUp&quot;}\" data-widget_type=\"google_maps.default\">\n\t\t\t\t<div class=\"elementor-widget-container\">\n\t\t\t\t\t\t\t<div class=\"elementor-custom-embed\">\n\t\t\t<iframe loading=\"lazy\"\n\t\t\t\t\tsrc=\"https:\/\/maps.google.com\/maps?q=Somieres%20Jover%2C%20Pol%C3%ADgono%20Industrial%20La%20Paz%2C%20Pol%C3%ADgono%20Industrial%20La%20Paz%2C%20Calle%20Mil%C3%A1n%207%2C%20PARC%20131-132%2C%20C.%20Mil%C3%A1n%2C%20131%2C%2044195%20Teruel&#038;t=m&#038;z=16&#038;output=embed&#038;iwloc=near\"\n\t\t\t\t\ttitle=\"Somieres Jover, Pol\u00edgono Industrial La Paz, Pol\u00edgono Industrial La Paz, Calle Mil\u00e1n 7, PARC 131-132, C. Mil\u00e1n, 131, 44195 Teruel\"\n\t\t\t\t\taria-label=\"Somieres Jover, Pol\u00edgono Industrial La Paz, Pol\u00edgono Industrial La Paz, Calle Mil\u00e1n 7, PARC 131-132, C. Mil\u00e1n, 131, 44195 Teruel\"\n\t\t\t><\/iframe>\n\t\t<\/div>\n\t\t\t\t\t\t<\/div>\n\t\t\t\t<\/div>\n\t\t\t\t\t<\/div>\n\t\t<\/div>\n\t\t\t\t\t<\/div>\n\t\t<\/section>\n\t\t\t\t<section class=\"elementor-section elementor-top-section elementor-element elementor-element-a75ca22 elementor-section-boxed elementor-section-height-default elementor-section-height-default\" data-id=\"a75ca22\" data-element_type=\"section\" id=\"formulario_contacto\" data-settings=\"{&quot;_ha_eqh_enable&quot;:false}\">\n\t\t\t\t\t\t<div class=\"elementor-container elementor-column-gap-default\">\n\t\t\t\t\t<div class=\" elementor-column elementor-col-100 elementor-top-column elementor-element elementor-element-e69b431\" data-fullscreen-column-settings=\"{&quot;fullscreen&quot;:&quot;&quot;}\" data-id=\"e69b431\" data-element_type=\"column\">\n\t\t\t<div class=\"elementor-widget-wrap elementor-element-populated\">\n\t\t\t\t\t\t<div class=\"elementor-element elementor-element-7709cab elementor-widget elementor-widget-heading\" data-id=\"7709cab\" data-element_type=\"widget\" data-widget_type=\"heading.default\">\n\t\t\t\t<div class=\"elementor-widget-container\">\n\t\t\t\t\t<h2 class=\"elementor-heading-title elementor-size-default\">Env\u00edanos tu consulta<\/h2>\t\t\t\t<\/div>\n\t\t\t\t<\/div>\n\t\t\t\t<div class=\"elementor-element elementor-element-8fd74ac elementor-widget__width-initial elementor-widget elementor-widget-ha-wpform happy-addon ha-wpform\" data-id=\"8fd74ac\" data-element_type=\"widget\" data-widget_type=\"ha-wpform.default\">\n\t\t\t\t<div class=\"elementor-widget-container\">\n\t\t\t\t\t<div class=\"wpforms-container wpforms-container-full wpforms-render-modern\" id=\"wpforms-77201\"><form id=\"wpforms-form-77201\" class=\"wpforms-validate wpforms-form wpforms-ajax-form\" data-formid=\"77201\" method=\"post\" enctype=\"multipart\/form-data\" action=\"\/es\/wp-json\/wp\/v2\/pages\/105\" data-token=\"0091c697cf26706f4049ff370f2c513e\" data-token-time=\"1775905584\"><noscript class=\"wpforms-error-noscript\">Por favor, activa JavaScript en tu navegador para completar este formulario.<\/noscript><div class=\"wpforms-hidden\" id=\"wpforms-error-noscript\">Por favor, activa JavaScript en tu navegador para completar este formulario.<\/div><div class=\"wpforms-field-container\"><div id=\"wpforms-77201-field_1-container\" class=\"wpforms-field wpforms-field-name\" data-field-id=\"1\"><label class=\"wpforms-field-label\" for=\"wpforms-77201-field_1\">Nombre <span class=\"wpforms-required-label\" aria-hidden=\"true\">*<\/span><\/label><input type=\"text\" id=\"wpforms-77201-field_1\" class=\"wpforms-field-medium wpforms-field-required\" name=\"wpforms[fields][1]\" aria-errormessage=\"wpforms-77201-field_1-error\" required><\/div><div id=\"wpforms-77201-field_2-container\" class=\"wpforms-field wpforms-field-email\" data-field-id=\"2\"><label class=\"wpforms-field-label\" for=\"wpforms-77201-field_2\">Email <span class=\"wpforms-required-label\" aria-hidden=\"true\">*<\/span><\/label><input type=\"email\" id=\"wpforms-77201-field_2\" class=\"wpforms-field-medium wpforms-field-required\" name=\"wpforms[fields][2]\" spellcheck=\"false\" aria-errormessage=\"wpforms-77201-field_2-error\" required><\/div><div id=\"wpforms-77201-field_3-container\" class=\"wpforms-field wpforms-field-textarea\" data-field-id=\"3\"><label class=\"wpforms-field-label\" for=\"wpforms-77201-field_3\">Cu\u00e9ntanos en qu\u00e9 podemos ayudarte<\/label><textarea id=\"wpforms-77201-field_3\" class=\"wpforms-field-medium\" name=\"wpforms[fields][3]\" aria-errormessage=\"wpforms-77201-field_3-error\" ><\/textarea><\/div><\/div><!-- .wpforms-field-container --><div class=\"wpforms-submit-container\" ><input type=\"hidden\" name=\"wpforms[id]\" value=\"77201\"><input type=\"hidden\" name=\"page_title\" value=\"\"><input type=\"hidden\" name=\"page_url\" value=\"https:\/\/somieresjover.com\/es\/wp-json\/wp\/v2\/pages\/105\"><input type=\"hidden\" name=\"url_referer\" value=\"\"><button type=\"submit\" name=\"wpforms[submit]\" id=\"wpforms-submit-77201\" class=\"wpforms-submit\" data-alt-text=\"Enviando...\" data-submit-text=\"Enviar\" aria-live=\"assertive\" value=\"wpforms-submit\">Enviar<\/button><img decoding=\"async\" src=\"https:\/\/somieresjover.com\/wp-content\/plugins\/wpforms-lite\/assets\/images\/submit-spin.svg\" class=\"wpforms-submit-spinner\" style=\"display: none;\" width=\"26\" height=\"26\" alt=\"Cargando\"><\/div><\/form><\/div>  <!-- .wpforms-container -->\t\t\t\t<\/div>\n\t\t\t\t<\/div>\n\t\t\t\t<div class=\"elementor-element elementor-element-b41c6fc elementor-widget elementor-widget-text-editor\" data-id=\"b41c6fc\" data-element_type=\"widget\" data-widget_type=\"text-editor.default\">\n\t\t\t\t<div class=\"elementor-widget-container\">\n\t\t\t\t\t\t\t\t\t<p><strong>Responsable de los datos:<\/strong> Somieres y Colchones Jover S.L.<\/p><p><strong>Finalidad:<\/strong> Responder a solicitudes del formulario.<\/p><p><strong>Legitimaci\u00f3n:<\/strong> Tu consentimiento expreso.<\/p><p><strong>Destinatario:<\/strong> Somieres y Colchones Jover S.L. No se ceder\u00e1n datos a terceros, salvo obligaci\u00f3n legal.<\/p><p><strong>Derechos:<\/strong> Acceso, rectificaci\u00f3n, supresi\u00f3n, anonimato, portabilidad y olvido de sus datos.<\/p><p>M\u00e1s informaci\u00f3n sobre la protecci\u00f3n de datos en nuestra <strong><a href=\"https:\/\/somieresjover.com\/politica-privacidad\/\">Pol\u00edtica de Privacidad.<\/a><\/strong><\/p>\t\t\t\t\t\t\t\t<\/div>\n\t\t\t\t<\/div>\n\t\t\t\t\t<\/div>\n\t\t<\/div>\n\t\t\t\t\t<\/div>\n\t\t<\/section>\n\t\t\t\t<section class=\"elementor-section elementor-top-section elementor-element elementor-element-1812c6b elementor-section-content-middle elementor-section-boxed elementor-section-height-default elementor-section-height-default elementor-invisible\" data-id=\"1812c6b\" data-element_type=\"section\" data-settings=\"{&quot;animation&quot;:&quot;fadeIn&quot;,&quot;_ha_eqh_enable&quot;:false}\">\n\t\t\t\t\t\t<div class=\"elementor-container elementor-column-gap-default\">\n\t\t\t\t\t<div class=\" elementor-column elementor-col-100 elementor-top-column elementor-element elementor-element-6e21568 elementor-invisible\" data-fullscreen-column-settings=\"{&quot;fullscreen&quot;:&quot;&quot;}\" data-id=\"6e21568\" data-element_type=\"column\" data-settings=\"{&quot;animation&quot;:&quot;fadeInUp&quot;}\">\n\t\t\t<div class=\"elementor-widget-wrap elementor-element-populated\">\n\t\t\t\t\t\t<div class=\"elementor-element elementor-element-2669dc0 elementor-widget__width-auto elementor-widget-mobile__width-inherit elementor-widget elementor-widget-litho-heading\" data-id=\"2669dc0\" data-element_type=\"widget\" data-widget_type=\"litho-heading.default\">\n\t\t\t\t<div class=\"elementor-widget-container\">\n\t\t\t\t\t<span class=\"litho-heading elementor-size-large\"><span class=\"litho-primary-title\">Mantente conectado en nuestras redes<\/span><\/span>\t\t\t\t<\/div>\n\t\t\t\t<\/div>\n\t\t\t\t<div class=\"elementor-element elementor-element-5320266 elementor-widget__width-initial elementor-hidden-phone elementor-widget-divider--view-line elementor-widget elementor-widget-divider\" data-id=\"5320266\" data-element_type=\"widget\" data-widget_type=\"divider.default\">\n\t\t\t\t<div class=\"elementor-widget-container\">\n\t\t\t\t\t\t\t<div class=\"elementor-divider\">\n\t\t\t<span class=\"elementor-divider-separator\">\n\t\t\t\t\t\t<\/span>\n\t\t<\/div>\n\t\t\t\t\t\t<\/div>\n\t\t\t\t<\/div>\n\t\t\t\t<div class=\"elementor-element elementor-element-c698733 elementor-widget__width-auto elementor-icon-view-horizontal elementor-shape-rounded elementor-widget elementor-widget-litho-social-icons\" data-id=\"c698733\" data-element_type=\"widget\" data-widget_type=\"litho-social-icons.default\">\n\t\t\t\t<div class=\"elementor-widget-container\">\n\t\t\t\t\t\t\t\t<div class=\"default social-icons-wrapper\">\n\t\t\t\t<ul class=\"extra-small-icon\">\n\t\t\t\t\t\t\t\t\t\t\t\t\t\t<li>\n\t\t\t\t\t\t\t\t\t\t<a href=\"https:\/\/www.facebook.com\/p\/Somieres-y-Colchones-Jover-SL-100068651467628\/\" class=\"elementor-icon elementor-social-icon elementor-social-icon-facebook-f elementor-repeater-item-6a504bf \" target=\"_blank\">\n\t\t\t\t\t\t\t\t\t\t\t<i aria-hidden=\"true\" class=\"fab fa-facebook-f\"><\/i>\t\t\t\t\t\t\t\t\t\t\t\t\t\t\t\t\t\t\t\t\t\t<span class=\"screen-reader-text\">Social Media<\/span>\n\t\t\t\t\t\t\t\t\t\t<\/a>\n\t\t\t\t\t\t\t\t\t<\/li>\n\t\t\t\t\t\t\t\t\t\t\t\t\t\t\t\t\t<li>\n\t\t\t\t\t\t\t\t\t\t<a href=\"https:\/\/www.instagram.com\/somieresjover\/\" class=\"elementor-icon elementor-social-icon elementor-social-icon-instagram elementor-repeater-item-fd022a3 \" target=\"_blank\">\n\t\t\t\t\t\t\t\t\t\t\t<i aria-hidden=\"true\" class=\"fab fa-instagram\"><\/i>\t\t\t\t\t\t\t\t\t\t\t\t\t\t\t\t\t\t\t\t\t\t<span class=\"screen-reader-text\">Social Media<\/span>\n\t\t\t\t\t\t\t\t\t\t<\/a>\n\t\t\t\t\t\t\t\t\t<\/li>\n\t\t\t\t\t\t\t\t\t\t\t\t<\/ul>\n\t\t\t<\/div>\n\t\t\t\t\t\t\t<\/div>\n\t\t\t\t<\/div>\n\t\t\t\t\t<\/div>\n\t\t<\/div>\n\t\t\t\t\t<\/div>\n\t\t<\/section>\n\t\t\t\t<\/div>\n\t\t","protected":false},"excerpt":{"rendered":"<p>En Jover Somieres\u00a0 de Descanso queremos ofrecerte siempre la mejor atenci\u00f3n. Si tienes dudas, consultas sobre nuestros productos o necesitas asistencia personalizada, no dudes en ponerte en contacto con nosotros. Estaremos encantados de atenderte. \u00bfC\u00f3mo podemos ayudarte?informacion@somieresjover.com Estamos aqu\u00ed para resolver tus dudas y brindarte la atenci\u00f3n que necesitas. \u00bfPrefieres llamarnos directamente?978 60 27 03 [&hellip;]<\/p>\n","protected":false},"author":3,"featured_media":0,"parent":0,"menu_order":87,"comment_status":"closed","ping_status":"closed","template":"","meta":{"footnotes":""},"class_list":["post-105","page","type-page","status-publish","hentry"],"_links":{"self":[{"href":"https:\/\/somieresjover.com\/es\/wp-json\/wp\/v2\/pages\/105","targetHints":{"allow":["GET"]}}],"collection":[{"href":"https:\/\/somieresjover.com\/es\/wp-json\/wp\/v2\/pages"}],"about":[{"href":"https:\/\/somieresjover.com\/es\/wp-json\/wp\/v2\/types\/page"}],"author":[{"embeddable":true,"href":"https:\/\/somieresjover.com\/es\/wp-json\/wp\/v2\/users\/3"}],"replies":[{"embeddable":true,"href":"https:\/\/somieresjover.com\/es\/wp-json\/wp\/v2\/comments?post=105"}],"version-history":[{"count":130,"href":"https:\/\/somieresjover.com\/es\/wp-json\/wp\/v2\/pages\/105\/revisions"}],"predecessor-version":[{"id":80550,"href":"https:\/\/somieresjover.com\/es\/wp-json\/wp\/v2\/pages\/105\/revisions\/80550"}],"wp:attachment":[{"href":"https:\/\/somieresjover.com\/es\/wp-json\/wp\/v2\/media?parent=105"}],"curies":[{"name":"wp","href":"https:\/\/api.w.org\/{rel}","templated":true}]}}